{"id":38,"date":"2025-03-31T20:44:01","date_gmt":"2025-03-31T20:44:01","guid":{"rendered":"https:\/\/bigfunhobby.com\/?page_id=38"},"modified":"2025-04-01T12:26:13","modified_gmt":"2025-04-01T12:26:13","slug":"salgsbetingelser","status":"publish","type":"page","link":"https:\/\/bigfunhobby.com\/da\/salgsbetingelser\/","title":{"rendered":"Vilk\u00e5r og betingelser for salg"},"content":{"rendered":"<p><strong>Salgsbetingelser for forbrugerk\u00f8b p\u00e5 www.bigfunhobby.com<\/strong><\/p>\n\n\n\n<p><strong>S\u00e6lger:<\/strong><\/p>\n\n\n\n<p>Topten AS<\/p>\n\n\n\n<p>Org. nr: 928 673 987<\/p>\n\n\n\n<p>Adresse: Botnafjellsvegen 30, 5353 Straume<\/p>\n\n\n\n<p>Telefon: 950 17 310<\/p>\n\n\n\n<p>E-mail: dag@topten.no<\/p>\n\n\n\n<p>Hjemmeside: www.bigfunhobby.com<\/p>\n\n\n\n<hr class=\"wp-block-separator has-alpha-channel-opacity\"\/>\n\n\n\n<p><strong>1. Introduktion<\/strong><\/p>\n\n\n\n<p>Disse salgsbetingelser g\u00e6lder for salg af varer fra www.bigfunhobby.com til forbrugere. Forbrugerk\u00f8b over internettet reguleres blandt andet af&nbsp;<strong>aftaleloven, forbrugerk\u00f8bsloven, fortrydelsesloven, markedsf\u00f8ringsloven og e-handelsloven.<\/strong>. Disse love giver dig som kunde umistelige rettigheder. Se www.lovdata.no for mere information.<\/p>\n\n\n\n<p>Salgsbetingelserne er i overensstemmelse med de norske forbrugermyndigheders anbefalinger.<\/p>\n\n\n\n<hr class=\"wp-block-separator has-alpha-channel-opacity\"\/>\n\n\n\n<p><strong>2. Aftalen<\/strong><\/p>\n\n\n\n<p>Aftalen best\u00e5r af disse salgsbetingelser, oplysninger, der gives i onlinebutikken p\u00e5 k\u00f8bstidspunktet, og eventuelle s\u00e6rskilt aftalte vilk\u00e5r. I tilf\u00e6lde af uoverensstemmelse g\u00e5r s\u00e6rlige aftaler forud for salgsbetingelserne, s\u00e5 l\u00e6nge de ikke er i strid med g\u00e6ldende lovgivning.<\/p>\n\n\n\n<hr class=\"wp-block-separator has-alpha-channel-opacity\"\/>\n\n\n\n<p><strong>3. Parterne<\/strong><\/p>\n\n\n\n<p><strong>S\u00e6lger:<\/strong>&nbsp;Topten AS, organisationsnummer 928673987<\/p>\n\n\n\n<p><strong>K\u00f8ber:<\/strong>&nbsp;Den person, der foretager k\u00f8bet i onlinebutikken.<\/p>\n\n\n\n<hr class=\"wp-block-separator has-alpha-channel-opacity\"\/>\n\n\n\n<p><strong>4. Pris<\/strong><\/p>\n\n\n\n<p>Alle priser er angivet i norske kroner (NOK) og er inklusiv merv\u00e6rdiafgift (moms). Den samlede pris, der skal betales, vil blive vist, f\u00f8r ordren afsluttes. Der er ingen skjulte omkostninger.<\/p>\n\n\n\n<hr class=\"wp-block-separator has-alpha-channel-opacity\"\/>\n\n\n\n<p><strong>5. Indg\u00e5else af aftalen<\/strong><\/p>\n\n\n\n<p>K\u00f8bsaftalen er bindende, n\u00e5r ordren er afgivet. Ved at foretage et k\u00f8b accepterer du disse salgsbetingelser.<\/p>\n\n\n\n<p>Hvis der er \u00e5benlyse skrive- eller prisfejl, og dette er eller burde have v\u00e6ret \u00e5benlyst for k\u00f8beren, er aftalen ikke bindende for Topten AS.<\/p>\n\n\n\n<hr class=\"wp-block-separator has-alpha-channel-opacity\"\/>\n\n\n\n<p><strong>6. Betaling<\/strong><\/p>\n\n\n\n<p>Vi tilbyder sikre betalingsl\u00f8sninger gennem vores partnere. Ved betaling med kort kan bel\u00f8bet reserveres ved bestilling og tr\u00e6kkes ved afsendelse. Ved betaling med faktura er betalingsfristen minimum 14 dage fra modtagelse. Fakturaer tilbydes ikke til personer under 18 \u00e5r.<\/p>\n\n\n\n<hr class=\"wp-block-separator has-alpha-channel-opacity\"\/>\n\n\n\n<p><strong>7. Levering<\/strong><\/p>\n\n\n\n<p>Levering sker til den adresse, som k\u00f8beren har oplyst ved bestilling. Varer afsendes normalt inden for 1-3 arbejdsdage og senest inden for 30 dage. Medmindre andet er aftalt, skal varerne leveres uden un\u00f8dig forsinkelse.<\/p>\n\n\n\n<hr class=\"wp-block-separator has-alpha-channel-opacity\"\/>\n\n\n\n<p><strong>8. Risiko for varerne<\/strong><\/p>\n\n\n\n<p>Risikoen for varerne overg\u00e5r til dig som kunde, n\u00e5r varerne er leveret i henhold til aftalen.<\/p>\n\n\n\n<hr class=\"wp-block-separator has-alpha-channel-opacity\"\/>\n\n\n\n<p><strong>9. Ret til annullering<\/strong><\/p>\n\n\n\n<p>Du har 14 dages fortrydelsesret fra modtagelse af varen. For at g\u00f8re brug af din fortrydelsesret skal du give tydelig besked via e-mail til dag@topten.no. Varen skal returneres senest 14 dage efter, at meddelelsen er givet. Returforsendelse d\u00e6kkes af k\u00f8ber, medmindre andet er aftalt.<\/p>\n\n\n\n<p>Varen skal returneres i samme stand, som den blev modtaget. Du m\u00e5 gerne unders\u00f8ge varen, men hvis den bruges mere, end hvad der er n\u00f8dvendigt for at fastsl\u00e5 dens egenskaber og funktion, kan du v\u00e6re ansvarlig for en v\u00e6rdiforringelse.<\/p>\n\n\n\n<p>Tilbagebetaling sker senest 14 dage efter, at vi har modtaget varen eller dokumentation for returneringen.<\/p>\n\n\n\n<hr class=\"wp-block-separator has-alpha-channel-opacity\"\/>\n\n\n\n<p><strong>10. Forsinkelse og manglende levering<\/strong><\/p>\n\n\n\n<p>Hvis varen ikke leveres inden for den aftalte tid, kan du holde betalingen tilbage, kr\u00e6ve levering, h\u00e6ve k\u00f8bet eller kr\u00e6ve erstatning i henhold til forbrugerk\u00f8bsloven. Reklamation skal ske inden for rimelig tid, gerne skriftligt.<\/p>\n\n\n\n<hr class=\"wp-block-separator has-alpha-channel-opacity\"\/>\n\n\n\n<p><strong>11. Mangler ved varerne<\/strong><\/p>\n\n\n\n<p>I tilf\u00e6lde af fejl eller mangler kan du kr\u00e6ve afhj\u00e6lpning, omlevering, afslag i prisen, oph\u00e6velse eller erstatning. Du skal give os besked inden for rimelig tid efter, at du har opdaget manglen, og senest to \u00e5r efter modtagelsen (fem \u00e5r, hvis varen er beregnet til at holde v\u00e6sentligt l\u00e6ngere).<\/p>\n\n\n\n<hr class=\"wp-block-separator has-alpha-channel-opacity\"\/>\n\n\n\n<p><strong>12. S\u00e6lgers rettigheder i tilf\u00e6lde af kundens misligholdelse<\/strong><\/p>\n\n\n\n<p>I tilf\u00e6lde af manglende betaling kan vi kr\u00e6ve opfyldelse, annullering, renter og eventuelle inkassogebyrer i overensstemmelse med g\u00e6ldende regler. I tilf\u00e6lde af uafhentede varer kan vi opkr\u00e6ve dig for de faktiske omkostninger i forbindelse med forsendelse og returnering.<\/p>\n\n\n\n<hr class=\"wp-block-separator has-alpha-channel-opacity\"\/>\n\n\n\n<p><strong>13. Garanti<\/strong><\/p>\n\n\n\n<p>Eventuelle garantier er et supplement til dine lovbestemte rettigheder og begr\u00e6nser ikke dine krav i forbindelse med fejl eller mangler.<\/p>\n\n\n\n<hr class=\"wp-block-separator has-alpha-channel-opacity\"\/>\n\n\n\n<p><strong>14. Politik for beskyttelse af personlige oplysninger<\/strong><\/p>\n\n\n\n<p>Topten AS behandler personoplysninger i overensstemmelse med persondataloven. Vi gemmer kun de oplysninger, der er n\u00f8dvendige for at gennemf\u00f8re k\u00f8bet. Data deles ikke med tredjeparter, medmindre det er n\u00f8dvendigt for at opfylde aftalen (f.eks. fragtfirma).<\/p>\n\n\n\n<hr class=\"wp-block-separator has-alpha-channel-opacity\"\/>\n\n\n\n<p><strong>15. Klager og l\u00f8sning af tvister<\/strong><\/p>\n\n\n\n<p>Klager skal sendes til dag@topten.no. Vi bestr\u00e6ber os altid p\u00e5 at l\u00f8se tvister i mindelighed. I tilf\u00e6lde af uenighed kan du kontakte:<\/p>\n\n\n\n<p>-&nbsp;<strong>Forbrugermyndighed<\/strong>: www.forbrukertilsynet.no, tlf. 23 400 600<\/p>\n\n\n\n<p>-&nbsp;<strong>Europa-Kommissionens klageportal<\/strong>: https:\/\/ec.europa.eu\/odr (for forbrugere i EU)<\/p>\n\n\n\n<hr class=\"wp-block-separator has-alpha-channel-opacity\"\/>","protected":false},"excerpt":{"rendered":"<p>Salgsbetingelser for forbrukerkj\u00f8p i www.bigfunhobby.com Selger: Topten AS Org.nr: 928 673 987 Adresse: Botnafjellsvegen 30, 5353 Straume Telefon: 950 17 310 E-post: dag@topten.no Nettside: www.bigfunhobby.com 1. Innledning Disse salgsbetingelsene gjelder for salg av varer fra www.bigfunhobby.com til forbrukere. Forbrukerkj\u00f8p over internett reguleres av blant annet&nbsp;avtaleloven, forbrukerkj\u00f8psloven, angrerettloven, markedsf\u00f8ringsloven og ehandelsloven. Disse lovene gir deg som [&hellip;]<\/p>\n","protected":false},"author":1,"featured_media":0,"parent":0,"menu_order":0,"comment_status":"closed","ping_status":"closed","template":"template-fullwidth.php","meta":{"footnotes":""},"class_list":["post-38","page","type-page","status-publish","hentry"],"_links":{"self":[{"href":"https:\/\/bigfunhobby.com\/da\/wp-json\/wp\/v2\/pages\/38","targetHints":{"allow":["GET"]}}],"collection":[{"href":"https:\/\/bigfunhobby.com\/da\/wp-json\/wp\/v2\/pages"}],"about":[{"href":"https:\/\/bigfunhobby.com\/da\/wp-json\/wp\/v2\/types\/page"}],"author":[{"embeddable":true,"href":"https:\/\/bigfunhobby.com\/da\/wp-json\/wp\/v2\/users\/1"}],"replies":[{"embeddable":true,"href":"https:\/\/bigfunhobby.com\/da\/wp-json\/wp\/v2\/comments?post=38"}],"version-history":[{"count":0,"href":"https:\/\/bigfunhobby.com\/da\/wp-json\/wp\/v2\/pages\/38\/revisions"}],"wp:attachment":[{"href":"https:\/\/bigfunhobby.com\/da\/wp-json\/wp\/v2\/media?parent=38"}],"curies":[{"name":"wp","href":"https:\/\/api.w.org\/{rel}","templated":true}]}}