{"id":32039,"date":"2025-07-22T09:59:21","date_gmt":"2025-07-22T07:59:21","guid":{"rendered":"https:\/\/bigfunhobby.com\/?post_type=product&#038;p=32039"},"modified":"2025-12-04T11:01:24","modified_gmt":"2025-12-04T09:01:24","slug":"billing-boats-132-s-s-hjejlen-dampskib-steamer-bb403-hjejlen","status":"publish","type":"product","link":"https:\/\/bigfunhobby.com\/da\/butikk\/billing-boats-132-s-s-hjejlen-dampskib-steamer-bb403-hjejlen\/","title":{"rendered":"Billing Boats 1:32 &#8211; S\/S Hjejlen Dampskib \/ Steamer BB403 HJEJLEN"},"content":{"rendered":"","protected":false},"excerpt":{"rendered":"<h2>BB403 HJEJLEN<\/h2>\n<p>Hjuldamperen Hjejlen blev den 24. juni 1861 indviet ved, at Kong Frederik VII sejlede med dampb\u00e5den fra Himmelbjerget tit Silkeborg. Baumgarten &amp; Burmeister &#8211; senere Burmeister &amp; Wain\u00b7 stod for bygningen. Dette v\u00e6rft havde tidligere bygget 2 dampskibe og efter datidens forhold var Hjejlen et teknisk vidunder, at den dengang installerede maskine stadig sidder i dampskibet er et klart bevis pa arbejdets kvalitet. Maskinens kraft giver en sejlhastighed pa 8 knob i timen. Hjejlen var i sin tid forsynet med en h\u00f8j og flot mast efter s\u00e6dvane og bortset fra denne prydelse var der ellers glat skib \u00bb fra for til agter, idet styrhus og tag er af langt nyere dato. I 1871, da jernbanelinien blev gennemf\u00f8rt til Silkeborg, blev masten fjernet og skorstenen blev indrettet, s\u00e5ledes at den kunne kn\u00e6kkes, nar skibet gik under jernbanebroen, og en hel del forandringer af overbygningen fandt herefter sted. Der blev p\u00e5sat solsejl, der senere udskiftedes med fast tag o.s.v., og bygges\u00e6ttet til Hjejlen er konstrueret efter de rettede tegninger, s\u00e5ledes at den f\u00e6rdige model bliver en tro kopi af Hjejlen, som den i dag sejler i fast rutefart pa Silkeborg s\u00f8erne.<\/p>\n<p>Recommended Tools and Accessories for this model<\/p>\n<div class=\"product_detail_tools_wrap\">\n<div class=\"product_detail_tools\">\n<div class=\"related_product\">\n<div class=\"product_detail_tools_image\">\n<div><a id=\"a_main_image4\" title=\"BCA001 White\" href=\"https:\/\/billingboats.com\/index.php\/accessories-footer\/4\/122\/accessories\/billing-boats-maritime-paint\/P-bca001-white\"><img decoding=\"async\" id=\"main_image4\" title=\"BCA001 White\" src=\"https:\/\/billingboats.com\/components\/com_redshop\/assets\/images\/product\/thumb\/8e8e4fa0b5c0e8d2e8b01d77ccadf0fe_w150_h100.jpg\" alt=\"BCA001 White\" \/><\/a><\/div>\n<\/div>\n<div class=\"product_detail_tools_name\">\n<p>BCA001 White<\/p>\n<\/div>\n<\/div>\n<\/div>\n<div class=\"product_detail_tools\">\n<div class=\"related_product\">\n<div class=\"product_detail_tools_image\">\n<div><a id=\"a_main_image7\" title=\"BCA004 Orange\" href=\"https:\/\/billingboats.com\/index.php\/accessories-footer\/7\/122\/accessories\/billing-boats-maritime-paint\/P-bca004-orange\"><img decoding=\"async\" id=\"main_image7\" title=\"BCA004 Orange\" src=\"https:\/\/billingboats.com\/components\/com_redshop\/assets\/images\/product\/thumb\/28e815a265841366ebbfd4da1050e23f_w150_h100.jpg\" alt=\"BCA004 Orange\" \/><\/a><\/div>\n<\/div>\n<div class=\"product_detail_tools_name\">\n<p>BCA004 Orange<\/p>\n<\/div>\n<\/div>\n<\/div>\n<div class=\"product_detail_tools\">\n<div class=\"related_product\">\n<div class=\"product_detail_tools_image\">\n<div><a id=\"a_main_image3\" title=\"BCA005 Tan\" href=\"https:\/\/billingboats.com\/index.php\/accessories-footer\/3\/122\/accessories\/billing-boats-maritime-paint\/P-bca005-tan\"><img decoding=\"async\" id=\"main_image3\" title=\"BCA005 Tan\" src=\"https:\/\/billingboats.com\/components\/com_redshop\/assets\/images\/product\/thumb\/6677411966ec69f3b901a15071d84526_w150_h100.jpg\" alt=\"BCA005 Tan\" \/><\/a><\/div>\n<\/div>\n<div class=\"product_detail_tools_name\">\n<p>BCA005 Tan<\/p>\n<\/div>\n<\/div>\n<\/div>\n<div class=\"product_detail_tools\">\n<div class=\"related_product\">\n<div class=\"product_detail_tools_image\">\n<div><a id=\"a_main_image8\" title=\"BCA006 Hull Red\" href=\"https:\/\/billingboats.com\/index.php\/accessories-footer\/8\/122\/accessories\/billing-boats-maritime-paint\/P-bca006-hull-red\"><img decoding=\"async\" id=\"main_image8\" title=\"BCA006 Hull Red\" src=\"https:\/\/billingboats.com\/components\/com_redshop\/assets\/images\/product\/thumb\/c3e4dd5078f3e935bc6a960b505114f2_w150_h100.jpg\" alt=\"BCA006 Hull Red\" \/><\/a><\/div>\n<\/div>\n<div class=\"product_detail_tools_name\">\n<p>BCA006 Hull Red<\/p>\n<\/div>\n<\/div>\n<\/div>\n<div class=\"product_detail_tools\">\n<div class=\"related_product\">\n<div class=\"product_detail_tools_image\">\n<div><a id=\"a_main_image13\" title=\"BCA011 Black\" href=\"https:\/\/billingboats.com\/index.php\/accessories-footer\/13\/122\/accessories\/billing-boats-maritime-paint\/P-bca011-black\"><img decoding=\"async\" id=\"main_image13\" title=\"BCA011 Black\" src=\"https:\/\/billingboats.com\/components\/com_redshop\/assets\/images\/product\/thumb\/35864536dbcec0f26f87162e797dd3ab_w150_h100.jpg\" alt=\"BCA011 Black\" \/><\/a><\/div>\n<\/div>\n<div class=\"product_detail_tools_name\">\n<p>BCA011 Black<\/p>\n<\/div>\n<\/div>\n<\/div>\n<div class=\"product_detail_tools\">\n<div class=\"related_product\">\n<div class=\"product_detail_tools_image\">\n<div><a id=\"a_main_image15\" title=\"BCA013 Trainer Yellow\" href=\"https:\/\/billingboats.com\/index.php\/accessories-footer\/15\/122\/accessories\/billing-boats-maritime-paint\/P-bca013-trainer-yellow\"><img decoding=\"async\" id=\"main_image15\" title=\"BCA013 Trainer Yellow\" src=\"https:\/\/billingboats.com\/components\/com_redshop\/assets\/images\/product\/thumb\/e84f06e940efcd2c148b6d7c8d2d921d_w150_h100.jpg\" alt=\"BCA013 Trainer Yellow\" \/><\/a><\/div>\n<\/div>\n<div class=\"product_detail_tools_name\">\n<p>BCA013 Trainer Yellow<\/p>\n<\/div>\n<\/div>\n<\/div>\n<div class=\"product_detail_tools\">\n<div class=\"related_product\">\n<div class=\"product_detail_tools_image\">\n<div><a id=\"a_main_image17\" title=\"BCA015 Silver\" href=\"https:\/\/billingboats.com\/index.php\/accessories-footer\/17\/122\/accessories\/billing-boats-maritime-paint\/P-bca015-silver\"><img decoding=\"async\" id=\"main_image17\" title=\"BCA015 Silver\" src=\"https:\/\/billingboats.com\/components\/com_redshop\/assets\/images\/product\/thumb\/315d81ec8881f63beb4e3d67b51d2e1e_w150_h100.jpg\" alt=\"BCA015 Silver\" \/><\/a><\/div>\n<\/div>\n<div class=\"product_detail_tools_name\">\n<p>BCA015 Silver<\/p>\n<\/div>\n<\/div>\n<\/div>\n<div class=\"product_detail_tools\">\n<div class=\"related_product\">\n<div class=\"product_detail_tools_image\">\n<div><a id=\"a_main_image18\" title=\"BCA016 Gold\" href=\"https:\/\/billingboats.com\/index.php\/accessories-footer\/18\/122\/accessories\/billing-boats-maritime-paint\/P-bca016-gold\"><img decoding=\"async\" id=\"main_image18\" title=\"BCA016 Gold\" src=\"https:\/\/billingboats.com\/components\/com_redshop\/assets\/images\/product\/thumb\/ac662812aa320f9ad54746bd9b1f5fdc_w150_h100.jpg\" alt=\"BCA016 Gold\" \/><\/a><\/div>\n<\/div>\n<div class=\"product_detail_tools_name\">\n<p>BCA016 Gold<\/p>\n<\/div>\n<\/div>\n<\/div>\n<div class=\"product_detail_tools\">\n<div class=\"related_product\">\n<div class=\"product_detail_tools_image\">\n<div><a id=\"a_main_image32\" title=\"BCA017 Clear Poly\" href=\"https:\/\/billingboats.com\/index.php\/accessories-footer\/32\/122\/accessories\/billing-boats-maritime-paint\/P-bca017-clear-poly\"><img decoding=\"async\" id=\"main_image32\" title=\"BCA017 Clear Poly\" src=\"https:\/\/billingboats.com\/components\/com_redshop\/assets\/images\/product\/thumb\/964fc735eba1bd52e32ea040eb0cc2b6_w150_h100.jpg\" alt=\"BCA017 Clear Poly\" \/><\/a><\/div>\n<\/div>\n<div class=\"product_detail_tools_name\">\n<p>BCA017 Clear Poly<\/p>\n<\/div>\n<\/div>\n<\/div>\n<div class=\"product_detail_tools\">\n<div class=\"related_product\">\n<div class=\"product_detail_tools_image\">\n<div><a id=\"a_main_image19\" title=\"BCA018 Mediterranean Blue\" href=\"https:\/\/billingboats.com\/index.php\/accessories-footer\/19\/122\/accessories\/billing-boats-maritime-paint\/P-bca018-mediterranean-blue\"><img decoding=\"async\" id=\"main_image19\" title=\"BCA018 Mediterranean Blue\" src=\"https:\/\/billingboats.com\/components\/com_redshop\/assets\/images\/product\/thumb\/2d4c0d73bd5b092ea1a4f9f68d343464_w150_h100.jpg\" alt=\"BCA018 Mediterranean Blue\" \/><\/a><\/div>\n<\/div>\n<div class=\"product_detail_tools_name\">\n<p>BCA018 Mediterranean Blue<\/p>\n<\/div>\n<\/div>\n<\/div>\n<div class=\"product_detail_tools\">\n<div class=\"related_product\">\n<div class=\"product_detail_tools_image\">\n<div><a id=\"a_main_image21\" title=\"BCA020 Satin Brown\" href=\"https:\/\/billingboats.com\/index.php\/accessories-footer\/21\/122\/accessories\/billing-boats-maritime-paint\/P-bca020-satin-brown\"><img decoding=\"async\" id=\"main_image21\" title=\"BCA020 Satin Brown\" src=\"https:\/\/billingboats.com\/components\/com_redshop\/assets\/images\/product\/thumb\/c2366b0cba902585b6ff5c9953988213_w150_h100.jpg\" alt=\"BCA020 Satin Brown\" \/><\/a><\/div>\n<\/div>\n<div class=\"product_detail_tools_name\">\n<p>BCA020 Satin Brown<\/p>\n<\/div>\n<\/div>\n<\/div>\n<div class=\"product_detail_tools\">\n<div class=\"related_product\">\n<div class=\"product_detail_tools_image\">\n<div><a id=\"a_main_image25\" title=\"BCA030 Dark Ad Grey\" href=\"https:\/\/billingboats.com\/index.php\/accessories-footer\/25\/122\/accessories\/billing-boats-maritime-paint\/P-bca030-dark-ad-grey\"><img decoding=\"async\" id=\"main_image25\" title=\"BCA030 Dark Ad Grey\" src=\"https:\/\/billingboats.com\/components\/com_redshop\/assets\/images\/product\/thumb\/31696ca5e8f2f5671c5e144a6c2a1535_w150_h100.jpg\" alt=\"BCA030 Dark Ad Grey\" \/><\/a><\/div>\n<\/div>\n<div class=\"product_detail_tools_name\">\n<p>BCA030 Dark Ad Grey<\/p>\n<\/div>\n<\/div>\n<\/div>\n<div class=\"product_detail_tools\">\n<div class=\"related_product\">\n<div class=\"product_detail_tools_image\">\n<div><a id=\"a_main_image27\" title=\"BCA033 Mid Green\" href=\"https:\/\/billingboats.com\/index.php\/accessories-footer\/27\/122\/accessories\/billing-boats-maritime-paint\/P-bca033-mid-green\"><img decoding=\"async\" id=\"main_image27\" title=\"BCA033 Mid Green\" src=\"https:\/\/billingboats.com\/components\/com_redshop\/assets\/images\/product\/thumb\/00f40b696a3edb7f66ce5043ad8fc150_w150_h100.jpg\" alt=\"BCA033 Mid Green\" \/><\/a><\/div>\n<\/div>\n<div class=\"product_detail_tools_name\">\n<p>BCA033 Mid Green<\/p>\n<\/div>\n<\/div>\n<\/div>\n<div class=\"product_detail_tools\">\n<div class=\"related_product\">\n<div class=\"product_detail_tools_image\">\n<div><a id=\"a_main_image28\" title=\"BCA035 Signal Red\" href=\"https:\/\/billingboats.com\/index.php\/accessories-footer\/28\/122\/accessories\/billing-boats-maritime-paint\/P-bca035-signal-red\"><img decoding=\"async\" id=\"main_image28\" title=\"BCA035 Signal Red\" src=\"https:\/\/billingboats.com\/components\/com_redshop\/assets\/images\/product\/thumb\/db326af42d0a8d7464f30320750dcd5c_w150_h100.jpg\" alt=\"BCA035 Signal Red\" \/><\/a><\/div>\n<\/div>\n<div class=\"product_detail_tools_name\">\n<p>BCA035 Signal Red<\/p>\n<\/div>\n<\/div>\n<\/div>\n<div class=\"product_detail_tools\">\n<div class=\"related_product\">\n<div class=\"product_detail_tools_image\">\n<div><a id=\"a_main_image29\" title=\"BCA036 Mahogany\" href=\"https:\/\/billingboats.com\/index.php\/accessories-footer\/29\/122\/accessories\/billing-boats-maritime-paint\/P-bca036-mahogany\"><img decoding=\"async\" id=\"main_image29\" title=\"BCA036 Mahogany\" src=\"https:\/\/billingboats.com\/components\/com_redshop\/assets\/images\/product\/thumb\/936464dc4eecda527d96b6db24e4927b_w150_h100.jpg\" alt=\"BCA036 Mahogany\" \/><\/a><\/div>\n<\/div>\n<div class=\"product_detail_tools_name\">\n<p>BCA036 Mahogany<\/p>\n<\/div>\n<\/div>\n<\/div>\n<\/div>","protected":false},"featured_media":32047,"comment_status":"open","ping_status":"closed","template":"","meta":[],"product_brand":[96],"product_cat":[53,82],"product_tag":[],"class_list":{"0":"post-32039","1":"product","2":"type-product","3":"status-publish","4":"has-post-thumbnail","6":"product_brand-billing-boats","7":"product_cat-bater-billing-boats","8":"product_cat-byggesett","10":"first","11":"instock","12":"taxable","13":"shipping-taxable","14":"purchasable","15":"product-type-simple"},"_links":{"self":[{"href":"https:\/\/bigfunhobby.com\/da\/wp-json\/wp\/v2\/product\/32039","targetHints":{"allow":["GET"]}}],"collection":[{"href":"https:\/\/bigfunhobby.com\/da\/wp-json\/wp\/v2\/product"}],"about":[{"href":"https:\/\/bigfunhobby.com\/da\/wp-json\/wp\/v2\/types\/product"}],"replies":[{"embeddable":true,"href":"https:\/\/bigfunhobby.com\/da\/wp-json\/wp\/v2\/comments?post=32039"}],"wp:featuredmedia":[{"embeddable":true,"href":"https:\/\/bigfunhobby.com\/da\/wp-json\/wp\/v2\/media\/32047"}],"wp:attachment":[{"href":"https:\/\/bigfunhobby.com\/da\/wp-json\/wp\/v2\/media?parent=32039"}],"wp:term":[{"taxonomy":"product_brand","embeddable":true,"href":"https:\/\/bigfunhobby.com\/da\/wp-json\/wp\/v2\/product_brand?post=32039"},{"taxonomy":"product_cat","embeddable":true,"href":"https:\/\/bigfunhobby.com\/da\/wp-json\/wp\/v2\/product_cat?post=32039"},{"taxonomy":"product_tag","embeddable":true,"href":"https:\/\/bigfunhobby.com\/da\/wp-json\/wp\/v2\/product_tag?post=32039"}],"curies":[{"name":"wp","href":"https:\/\/api.w.org\/{rel}","templated":true}]}}