{"id":7206,"date":"2025-03-08T17:10:36","date_gmt":"2025-03-08T17:10:36","guid":{"rendered":"https:\/\/bigfunhobby.com\/butikk\/150-bounty-wooden-hull\/"},"modified":"2026-04-01T19:50:17","modified_gmt":"2026-04-01T17:50:17","slug":"150-bounty-traeskrog","status":"publish","type":"product","link":"https:\/\/bigfunhobby.com\/da\/butikk\/150-bounty-wooden-hull\/","title":{"rendered":"1:50 BOUNTY TR\u00c6SKROG"},"content":{"rendered":"<p>Dette er et ekstraordin\u00e6rt bygges\u00e6t i tr\u00e6, der forestiller det historiske skib 'Bounty'. Dette skibsmodels\u00e6t i tr\u00e6 er en fantastisk m\u00e5de at udforske modelbygning p\u00e5 og er ideelt for b\u00e5de begyndere og erfarne byggere. <\/p>\n<p>S\u00e6ttet kommer i skala 1:50, hvilket giver en imponerende detaljeringsgrad og autenticitet. Det er en perfekt udfordring for dem, der interesserer sig for historie og s\u00f8fart, og for dem, der bare godt kan lide at bygge.<\/p>\n<ul>\n<li>Produktkategori: Tre-disk model<\/li>\n<li>M\u00e5lestok: 1:50<\/li>\n<li>Materialer: Tr\u00e6<\/li>\n<\/ul>\n<p>'Bounty' er kendt fra historien som det skib, der blev overtaget af mytterister under ledelse af Fletcher Christian i 1789. Dette s\u00e6t giver dig mulighed for at bygge din egen model af dette ikoniske skib og opleve et stykke s\u00f8fartshistorie helt t\u00e6t p\u00e5.<\/p>\n<p>Med dette s\u00e6t kan du tr\u00e6de ind i modelbygningens fascinerende verden. Uanset om du er en erfaren modelbygger eller bare er p\u00e5 udkig efter en ny hobby, vil dette skibsmodels\u00e6t af tr\u00e6 give dig timevis af kreativ gl\u00e6de. <\/p>\n<p>Udforsk vores store udvalg af bygges\u00e6t til voksne, og find din n\u00e6ste udfordring. Bestil din 1:50 Bounty Wooden Hull i dag, og start din rejse ind i modelbyggeriets verden.<\/p>","protected":false},"excerpt":{"rendered":"<p>Dette er en detaljeret tr\u00e6skibsmodel af 'Bounty' i skala 1:50. En perfekt hobby for b\u00e5de begyndere og erfarne byggere, der gerne vil udfordre sig selv.<\/p>","protected":false},"featured_media":7205,"comment_status":"open","ping_status":"closed","template":"","meta":[],"product_brand":[96],"product_cat":[53],"product_tag":[],"class_list":{"0":"post-7206","1":"product","2":"type-product","3":"status-publish","4":"has-post-thumbnail","6":"product_brand-billing-boats","7":"product_cat-bater-billing-boats","9":"first","10":"outofstock","11":"taxable","12":"shipping-taxable","13":"purchasable","14":"product-type-simple"},"_links":{"self":[{"href":"https:\/\/bigfunhobby.com\/da\/wp-json\/wp\/v2\/product\/7206","targetHints":{"allow":["GET"]}}],"collection":[{"href":"https:\/\/bigfunhobby.com\/da\/wp-json\/wp\/v2\/product"}],"about":[{"href":"https:\/\/bigfunhobby.com\/da\/wp-json\/wp\/v2\/types\/product"}],"replies":[{"embeddable":true,"href":"https:\/\/bigfunhobby.com\/da\/wp-json\/wp\/v2\/comments?post=7206"}],"wp:featuredmedia":[{"embeddable":true,"href":"https:\/\/bigfunhobby.com\/da\/wp-json\/wp\/v2\/media\/7205"}],"wp:attachment":[{"href":"https:\/\/bigfunhobby.com\/da\/wp-json\/wp\/v2\/media?parent=7206"}],"wp:term":[{"taxonomy":"product_brand","embeddable":true,"href":"https:\/\/bigfunhobby.com\/da\/wp-json\/wp\/v2\/product_brand?post=7206"},{"taxonomy":"product_cat","embeddable":true,"href":"https:\/\/bigfunhobby.com\/da\/wp-json\/wp\/v2\/product_cat?post=7206"},{"taxonomy":"product_tag","embeddable":true,"href":"https:\/\/bigfunhobby.com\/da\/wp-json\/wp\/v2\/product_tag?post=7206"}],"curies":[{"name":"wp","href":"https:\/\/api.w.org\/{rel}","templated":true}]}}