{"id":7208,"date":"2025-03-08T17:10:36","date_gmt":"2025-03-08T17:10:36","guid":{"rendered":"https:\/\/bigfunhobby.com\/butikk\/1144-rms-titanic-complete\/"},"modified":"2025-12-04T10:58:54","modified_gmt":"2025-12-04T08:58:54","slug":"1144-rms-titanic-komplet","status":"publish","type":"product","link":"https:\/\/bigfunhobby.com\/da\/butikk\/1144-rms-titanic-complete\/","title":{"rendered":"1:144 RMS TITANIC KOMPLET"},"content":{"rendered":"<p>\nG\u00e5 p\u00e5 opdagelse i historien, og tag del i den legendariske RMS Titanic med vores detaljerede bygges\u00e6t. Dette er den perfekte mulighed for at dykke ned i modelbygningens verden, uanset om du er nybegynder eller har mange \u00e5rs erfaring.\n<\/p>\n<p>\n<strong>Specifikationer:<\/strong><br \/>\n- M\u00e5lestok: 1:144<br \/>\n- Produkttype: Modelbygges\u00e6t af plast<br \/>\n- Anbefales til voksne og b\u00f8rn over 14 \u00e5r\n<\/p>\n<p>\n<strong>Historie:<\/strong><br \/>\nRMS Titanic var et britisk passagerskib, der sank p\u00e5 sin jomfrurejse mellem Southampton, England, og New York, USA, den 14. april 1912, da det ramte et isbjerg og sank. Forliset, hvor mellem 1.350 og 1.512 mennesker mistede livet, er en af de st\u00f8rste og mest kendte maritime katastrofer i fredstid. Titanic var et oceang\u00e5ende skib i Olympic-klassen og var p\u00e5 det tidspunkt verdens st\u00f8rste passagerskib.\n<\/p>\n<p>\n<strong>Om bygges\u00e6ttet:<\/strong><br \/>\nVores s\u00e6t giver dig mulighed for at bygge en skalamodel af RMS Titanic med mange detaljer. S\u00e6ttet indeholder alle de dele og instruktioner, du skal bruge for at bygge en model, der er tro mod det historiske skib.\n<\/p>\n<p>\nG\u00f8r dig klar til at dykke ned i modelleringens verden og m\u00e6rke historiens vingesus. Uanset om du er en erfaren modelbygger eller en ivrig nybegynder, vil dette s\u00e6t give dig timevis af engagement og nydelse. Vent ikke, bestil dit RMS Titanic-s\u00e6t i dag!<\/p>","protected":false},"excerpt":{"rendered":"<p>Byg din egen skalamodel af det historiske passagerskib RMS Titanic med vores komplette bygges\u00e6t i skala 1:144. Perfekt til b\u00e5de begyndere og erfarne modelbyggerentusiaster.<\/p>","protected":false},"featured_media":7207,"comment_status":"open","ping_status":"closed","template":"","meta":[],"product_brand":[96],"product_cat":[53],"product_tag":[],"class_list":{"0":"post-7208","1":"product","2":"type-product","3":"status-publish","4":"has-post-thumbnail","6":"product_brand-billing-boats","7":"product_cat-bater-billing-boats","9":"first","10":"instock","11":"taxable","12":"shipping-taxable","13":"purchasable","14":"product-type-simple"},"_links":{"self":[{"href":"https:\/\/bigfunhobby.com\/da\/wp-json\/wp\/v2\/product\/7208","targetHints":{"allow":["GET"]}}],"collection":[{"href":"https:\/\/bigfunhobby.com\/da\/wp-json\/wp\/v2\/product"}],"about":[{"href":"https:\/\/bigfunhobby.com\/da\/wp-json\/wp\/v2\/types\/product"}],"replies":[{"embeddable":true,"href":"https:\/\/bigfunhobby.com\/da\/wp-json\/wp\/v2\/comments?post=7208"}],"wp:featuredmedia":[{"embeddable":true,"href":"https:\/\/bigfunhobby.com\/da\/wp-json\/wp\/v2\/media\/7207"}],"wp:attachment":[{"href":"https:\/\/bigfunhobby.com\/da\/wp-json\/wp\/v2\/media?parent=7208"}],"wp:term":[{"taxonomy":"product_brand","embeddable":true,"href":"https:\/\/bigfunhobby.com\/da\/wp-json\/wp\/v2\/product_brand?post=7208"},{"taxonomy":"product_cat","embeddable":true,"href":"https:\/\/bigfunhobby.com\/da\/wp-json\/wp\/v2\/product_cat?post=7208"},{"taxonomy":"product_tag","embeddable":true,"href":"https:\/\/bigfunhobby.com\/da\/wp-json\/wp\/v2\/product_tag?post=7208"}],"curies":[{"name":"wp","href":"https:\/\/api.w.org\/{rel}","templated":true}]}}