{"id":7210,"date":"2025-03-08T17:10:36","date_gmt":"2025-03-08T17:10:36","guid":{"rendered":"https:\/\/bigfunhobby.com\/butikk\/150-mini-oseberg\/"},"modified":"2026-04-11T13:56:49","modified_gmt":"2026-04-11T11:56:49","slug":"150-mini-oseberg","status":"publish","type":"product","link":"https:\/\/bigfunhobby.com\/da\/butikk\/150-mini-oseberg\/","title":{"rendered":"1:50 MINI OSEBERG"},"content":{"rendered":"<p>1:50 MINI OSEBERG er et fascinerende s\u00e6t, der giver dig mulighed for at genopbygge det ber\u00f8mte Oseberg-skib. Som en del af vores sortiment af tr\u00e6skibsmodeller giver dette s\u00e6t dig mulighed for at dykke ned i Norges historie, n\u00e5r du samler dette detaljerede tr\u00e6skib. <\/p>\n<p>Dette s\u00e6t er baseret p\u00e5 Oseberg-skibet, som blev fundet i Norge ved Oseberg i Vestfold i 1903. Skibet, som l\u00e5 p\u00e5 en \"seng\" af bl\u00e5t ler og var d\u00e6kket af gr\u00e6st\u00f8rv og en stor m\u00e6ngde sten, blev bygget i sidste halvdel af det 8. \u00e5rhundrede og begravet ca. 50 \u00e5r senere. Med en alder, der overg\u00e5r andre kendte skibe med omkring 50-100 \u00e5r, giver dette s\u00e6t et unikt indblik i fortidens h\u00e5ndv\u00e6rk. <\/p>\n<ul>\n<li>M\u00e5lestok: 1:50<\/li>\n<li>Produktkategori: model med tre skibe <\/li>\n<li>Bygges\u00e6t i tr\u00e6<\/li>\n<li>Historisk baggrund: Osebergskipet, Norge <\/li>\n<\/ul>\n<p>Kvaliteten af dette bygges\u00e6t g\u00f8r det til et fremragende valg for b\u00e5de begyndere og erfarne modelbygningsentusiaster. Det giver en grundig og autentisk oplevelse af at bygge et tr\u00e6skib, samtidig med at det giver en unik mulighed for at udforske en del af Norges rige historie. <\/p>\n<p>Udforsk vores online shop for flere tr\u00e6skibsmodeller og andre hobbyprodukter til modelbygning. Uanset om du er en erfaren modelbygger eller en entusiastisk nybegynder, kan du finde det perfekte s\u00e6t til dig i vores sortiment. K\u00f8b 1:50 MINI OSEBERG nu, og start din rejse ind i vikingetiden. <\/p>","protected":false},"excerpt":{"rendered":"<p>Udforsk vikingetiden med bygges\u00e6ttet MINI OSEBERG 1:50. Genopbyg det ber\u00f8mte skib, der findes i Norge, og dyk ned i Norges rige historie. Perfekt til modelbygningsentusiaster.<\/p>","protected":false},"featured_media":7209,"comment_status":"open","ping_status":"closed","template":"","meta":[],"product_brand":[96],"product_cat":[53],"product_tag":[],"class_list":{"0":"post-7210","1":"product","2":"type-product","3":"status-publish","4":"has-post-thumbnail","6":"product_brand-billing-boats","7":"product_cat-bater-billing-boats","9":"first","10":"instock","11":"taxable","12":"shipping-taxable","13":"purchasable","14":"product-type-simple"},"_links":{"self":[{"href":"https:\/\/bigfunhobby.com\/da\/wp-json\/wp\/v2\/product\/7210","targetHints":{"allow":["GET"]}}],"collection":[{"href":"https:\/\/bigfunhobby.com\/da\/wp-json\/wp\/v2\/product"}],"about":[{"href":"https:\/\/bigfunhobby.com\/da\/wp-json\/wp\/v2\/types\/product"}],"replies":[{"embeddable":true,"href":"https:\/\/bigfunhobby.com\/da\/wp-json\/wp\/v2\/comments?post=7210"}],"wp:featuredmedia":[{"embeddable":true,"href":"https:\/\/bigfunhobby.com\/da\/wp-json\/wp\/v2\/media\/7209"}],"wp:attachment":[{"href":"https:\/\/bigfunhobby.com\/da\/wp-json\/wp\/v2\/media?parent=7210"}],"wp:term":[{"taxonomy":"product_brand","embeddable":true,"href":"https:\/\/bigfunhobby.com\/da\/wp-json\/wp\/v2\/product_brand?post=7210"},{"taxonomy":"product_cat","embeddable":true,"href":"https:\/\/bigfunhobby.com\/da\/wp-json\/wp\/v2\/product_cat?post=7210"},{"taxonomy":"product_tag","embeddable":true,"href":"https:\/\/bigfunhobby.com\/da\/wp-json\/wp\/v2\/product_tag?post=7210"}],"curies":[{"name":"wp","href":"https:\/\/api.w.org\/{rel}","templated":true}]}}