{"id":7212,"date":"2025-03-08T17:10:37","date_gmt":"2025-03-08T17:10:37","guid":{"rendered":"https:\/\/bigfunhobby.com\/butikk\/160-dana\/"},"modified":"2025-12-04T10:58:55","modified_gmt":"2025-12-04T08:58:55","slug":"160-dana","status":"publish","type":"product","link":"https:\/\/bigfunhobby.com\/da\/butikk\/160-dana\/","title":{"rendered":"1:60 DANA"},"content":{"rendered":"<p>Udforsk det danske fiskeris historie med vores models\u00e6t i skala 1:60 af den klassiske fiskekutter DANA. Det er et ideelt projekt for alle, der elsker at bygge modeller og interesserer sig for s\u00f8fartshistorie.<\/p>\n<p>DANA er en typisk nordsj\u00e6llandsk fiskekutter, som var i drift omkring \u00e5rhundredeskiftet. P\u00e5 det tidspunkt fiskede mange b\u00e5de af denne type i \u00d8resund og Storeb\u00e6lt. I l\u00f8bet af 1920'erne blev mange af kutterne motoriserede, hvilket bet\u00f8d, at fangsten kunne landes endnu hurtigere.<\/p>\n<p>Dette s\u00e6t har et plastskrog, der giver en autentisk fornemmelse af den originale DANA-kutter. For at fuldende modellen anbefaler vi f\u00f8lgende farver:<\/p>\n<ul>\n<li>Fakturering nr. 1 Hvid<\/li>\n<li>Fakturering nr. 3 Emerald<\/li>\n<li>Fakturering nr. 11 Sort<\/li>\n<li>Fakturering nr. 14 Matt hvid<\/li>\n<li>Billing No 17 Clear Gloss<\/li>\n<li>Billing No 36 Mahogni bejdse<\/li>\n<\/ul>\n<p>Uanset om du er en erfaren modelbygger eller en entusiastisk nybegynder, er DANA-s\u00e6ttet en fantastisk m\u00e5de at dykke dybere ned i maritim historie og h\u00e5ndv\u00e6rk. Med detaljerede instruktioner og komponenter af h\u00f8j kvalitet er du godt p\u00e5 vej til at skabe en imponerende model, der kan st\u00e5 stolt i ethvert hjem eller p\u00e5 ethvert kontor.<\/p>\n<p>Vent ikke, start dit n\u00e6ste modelbygningsprojekt i dag. Bestil DANA-bygges\u00e6ttet nu!<\/p>","protected":false},"excerpt":{"rendered":"<p>Models\u00e6t af den klassiske fiskekutter DANA i skala 1:60. Perfekt til entusiaster af modelbyggeri og historisk maritimt h\u00e5ndv\u00e6rk.<\/p>","protected":false},"featured_media":7211,"comment_status":"open","ping_status":"closed","template":"","meta":[],"product_brand":[96],"product_cat":[53],"product_tag":[],"class_list":{"0":"post-7212","1":"product","2":"type-product","3":"status-publish","4":"has-post-thumbnail","6":"product_brand-billing-boats","7":"product_cat-bater-billing-boats","9":"first","10":"instock","11":"taxable","12":"shipping-taxable","13":"purchasable","14":"product-type-simple"},"_links":{"self":[{"href":"https:\/\/bigfunhobby.com\/da\/wp-json\/wp\/v2\/product\/7212","targetHints":{"allow":["GET"]}}],"collection":[{"href":"https:\/\/bigfunhobby.com\/da\/wp-json\/wp\/v2\/product"}],"about":[{"href":"https:\/\/bigfunhobby.com\/da\/wp-json\/wp\/v2\/types\/product"}],"replies":[{"embeddable":true,"href":"https:\/\/bigfunhobby.com\/da\/wp-json\/wp\/v2\/comments?post=7212"}],"wp:featuredmedia":[{"embeddable":true,"href":"https:\/\/bigfunhobby.com\/da\/wp-json\/wp\/v2\/media\/7211"}],"wp:attachment":[{"href":"https:\/\/bigfunhobby.com\/da\/wp-json\/wp\/v2\/media?parent=7212"}],"wp:term":[{"taxonomy":"product_brand","embeddable":true,"href":"https:\/\/bigfunhobby.com\/da\/wp-json\/wp\/v2\/product_brand?post=7212"},{"taxonomy":"product_cat","embeddable":true,"href":"https:\/\/bigfunhobby.com\/da\/wp-json\/wp\/v2\/product_cat?post=7212"},{"taxonomy":"product_tag","embeddable":true,"href":"https:\/\/bigfunhobby.com\/da\/wp-json\/wp\/v2\/product_tag?post=7212"}],"curies":[{"name":"wp","href":"https:\/\/api.w.org\/{rel}","templated":true}]}}