{"id":7214,"date":"2025-03-08T17:10:38","date_gmt":"2025-03-08T17:10:38","guid":{"rendered":"https:\/\/bigfunhobby.com\/butikk\/1-84-santa-ana-trafalgar-reedition\/"},"modified":"2025-12-04T10:58:55","modified_gmt":"2025-12-04T08:58:55","slug":"1-84-santa-ana-trafalgar-reedition","status":"publish","type":"product","link":"https:\/\/bigfunhobby.com\/da\/butikk\/1-84-santa-ana-trafalgar-reedition\/","title":{"rendered":"1\/84 SANTA ANA TRAFALGAR REEDITION"},"content":{"rendered":"<h2>Santa Ana Trafalgar Reedition - Et detaljeret s\u00e6t til erfarne modelbyggere<\/h2>\n<p>Dette er et opdateret s\u00e6t af det ber\u00f8mte spanske linjeskib Santa Ana i skala 1:84. Skibet spillede en afg\u00f8rende rolle i slaget ved Trafalgar, og vores tr\u00e6skibsmodel er en trofast og historisk n\u00f8jagtig gengivelse af dette ikoniske skib.<\/p>\n<h2>Specifikationer<\/h2>\n<p>Den fuldt samlede model m\u00e5ler 1180 mm i l\u00e6ngden, 870 mm i h\u00f8jden og 460 mm i bredden. Modellens konstruktion med falsk k\u00f8l og spanter g\u00f8r, at samlingen ligner konstruktionen af det rigtige skib.<\/p>\n<h2>Materialer af h\u00f8j kvalitet<\/h2>\n<p>S\u00e6ttet indeholder dele af h\u00f8j kvalitet som massivt tr\u00e6 og krydsfiner af balsatr\u00e6, sk\u00e5ret med en pr\u00e6cis laser. Detaljer omfatter foto\u00e6tsede messingplader med detaljer som lanterner, r\u00e6kv\u00e6rk og kanondetaljer, sejl af bomuldsstof - klar til at blive sat p\u00e5 - og bomuldstr\u00e5de. Som en bonus f\u00f8lger der en udstillingsbase i tr\u00e6 med et navneskilt i metal med, som er perfekt til at vise dit mesterv\u00e6rk frem.<\/p>\n<h2>Vores historie<\/h2>\n<p>Santa Ana var et n\u00f8gleskib i slaget ved Trafalgar. Med denne model kan du genskabe skibets udseende og artilleri, som det var i dette historiske slag. Figuren af l\u00f8ven p\u00e5 skibet er et nyt design, og artilleriet er blevet korrigeret i skala og er nu meget mere detaljeret, inklusive foto\u00e6tsede dele.<\/p>\n<h2>K\u00f8b Santa Ana Trafalgar Reedition<\/h2>\n<p>Tag din modelbygning til det n\u00e6ste niveau med dette s\u00e6t. Perfekt til dem, der elsker historie og detaljer. G\u00f8r dig klar til at dykke ned i en verden af n\u00f8jagtighed, detaljer og historisk n\u00f8jagtighed. <a href='URL'>K\u00f8b her<\/a>.<\/p>","protected":false},"excerpt":{"rendered":"<p>Models\u00e6t af skibet Santa Ana fra slaget ved Trafalgar. Perfekt til erfarne modelbyggere, der vil have en detaljeret og historisk korrekt tr\u00e6skibsmodel.<\/p>","protected":false},"featured_media":7213,"comment_status":"open","ping_status":"closed","template":"","meta":[],"product_brand":[97],"product_cat":[54],"product_tag":[],"class_list":{"0":"post-7214","1":"product","2":"type-product","3":"status-publish","4":"has-post-thumbnail","6":"product_brand-artesania","7":"product_cat-bater-artesania","9":"first","10":"instock","11":"taxable","12":"shipping-taxable","13":"purchasable","14":"product-type-simple"},"_links":{"self":[{"href":"https:\/\/bigfunhobby.com\/da\/wp-json\/wp\/v2\/product\/7214","targetHints":{"allow":["GET"]}}],"collection":[{"href":"https:\/\/bigfunhobby.com\/da\/wp-json\/wp\/v2\/product"}],"about":[{"href":"https:\/\/bigfunhobby.com\/da\/wp-json\/wp\/v2\/types\/product"}],"replies":[{"embeddable":true,"href":"https:\/\/bigfunhobby.com\/da\/wp-json\/wp\/v2\/comments?post=7214"}],"wp:featuredmedia":[{"embeddable":true,"href":"https:\/\/bigfunhobby.com\/da\/wp-json\/wp\/v2\/media\/7213"}],"wp:attachment":[{"href":"https:\/\/bigfunhobby.com\/da\/wp-json\/wp\/v2\/media?parent=7214"}],"wp:term":[{"taxonomy":"product_brand","embeddable":true,"href":"https:\/\/bigfunhobby.com\/da\/wp-json\/wp\/v2\/product_brand?post=7214"},{"taxonomy":"product_cat","embeddable":true,"href":"https:\/\/bigfunhobby.com\/da\/wp-json\/wp\/v2\/product_cat?post=7214"},{"taxonomy":"product_tag","embeddable":true,"href":"https:\/\/bigfunhobby.com\/da\/wp-json\/wp\/v2\/product_tag?post=7214"}],"curies":[{"name":"wp","href":"https:\/\/api.w.org\/{rel}","templated":true}]}}