{"id":7216,"date":"2025-03-08T17:10:38","date_gmt":"2025-03-08T17:10:38","guid":{"rendered":"https:\/\/bigfunhobby.com\/butikk\/1100-absalon-dk-plastic-hull-l16-l17-decals\/"},"modified":"2025-12-04T10:58:55","modified_gmt":"2025-12-04T08:58:55","slug":"1100-absalon-dk-plastic-hull-l16-l17-decals","status":"publish","type":"product","link":"https:\/\/bigfunhobby.com\/da\/butikk\/1100-absalon-dk-plastic-hull-l16-l17-decals\/","title":{"rendered":"1:100 Absalon DK -Plastic hull -NEW decals 2025"},"content":{"rendered":"<p>Opplev gleden ved modellbygging med denne n\u00f8ye detaljerte plastmodellen av det danske kommando og support skib Absalon. Modellen er i 1:100 skala og kommer med decals til L16\/L17, noe som gir en realistisk og autentisk modell av det imponerende fart\u00f8yet.<\/p>\n<p><strong>Specifikationer:<\/strong><\/p>\n<ul>\n<li>M\u00e5lestok: 1:100<\/li>\n<li>Type: Plastmodell<\/li>\n<li>Medf\u00f8lger: L16\/L17 decals<\/li>\n<\/ul>\n<p>Modellen representerer det 140 meter lange Absalon, et fart\u00f8y designet for en rekke nasjonale og internasjonale oppdrag. Det kan transportere mannskap og materiell, fungere som kommandoplattform for luft-, sj\u00f8- og landoperasjoner, utlegge miner og brukes som hospitalskip. Med et 900 m2 fleksibelt dekk og en roll-on-roll-off (RO\/RO) rampe akter, er Absalon et symbol p\u00e5 moderne sj\u00f8fartsteknologi. I 2008 og 2009 deltok fart\u00f8yet aktivt i patruljering og tilfangetagelse av pirater i vannene rundt Somalia.<\/p>\n<p>Enten du er en erfaren modellbygger eller en entusiastisk nybegynner, vil denne plastmodellen gi deg mange timer med byggeglede. Perfekt som en del av en sj\u00f8farts- eller milit\u00e6rhistorisk samling, eller som et unikt prosjekt for en modellbyggingsentusiast.<\/p>\n<p>Ikke vent, legg denne utrolige modellen til din samling i dag. Bestill n\u00e5!<\/p>","protected":false},"excerpt":{"rendered":"<p>Dette er en detaljert plastmodell av det danske kommando og support skib Absalon i 1:100 skala, komplett med decals til L16\/L17. Perfekt for modellbyggere med interesse for sj\u00f8fart og milit\u00e6rhistorie.<\/p>","protected":false},"featured_media":7215,"comment_status":"open","ping_status":"closed","template":"","meta":[],"product_brand":[96],"product_cat":[53],"product_tag":[],"class_list":{"0":"post-7216","1":"product","2":"type-product","3":"status-publish","4":"has-post-thumbnail","6":"product_brand-billing-boats","7":"product_cat-bater-billing-boats","9":"first","10":"onbackorder","11":"taxable","12":"shipping-taxable","13":"purchasable","14":"product-type-simple"},"_links":{"self":[{"href":"https:\/\/bigfunhobby.com\/da\/wp-json\/wp\/v2\/product\/7216","targetHints":{"allow":["GET"]}}],"collection":[{"href":"https:\/\/bigfunhobby.com\/da\/wp-json\/wp\/v2\/product"}],"about":[{"href":"https:\/\/bigfunhobby.com\/da\/wp-json\/wp\/v2\/types\/product"}],"replies":[{"embeddable":true,"href":"https:\/\/bigfunhobby.com\/da\/wp-json\/wp\/v2\/comments?post=7216"}],"wp:featuredmedia":[{"embeddable":true,"href":"https:\/\/bigfunhobby.com\/da\/wp-json\/wp\/v2\/media\/7215"}],"wp:attachment":[{"href":"https:\/\/bigfunhobby.com\/da\/wp-json\/wp\/v2\/media?parent=7216"}],"wp:term":[{"taxonomy":"product_brand","embeddable":true,"href":"https:\/\/bigfunhobby.com\/da\/wp-json\/wp\/v2\/product_brand?post=7216"},{"taxonomy":"product_cat","embeddable":true,"href":"https:\/\/bigfunhobby.com\/da\/wp-json\/wp\/v2\/product_cat?post=7216"},{"taxonomy":"product_tag","embeddable":true,"href":"https:\/\/bigfunhobby.com\/da\/wp-json\/wp\/v2\/product_tag?post=7216"}],"curies":[{"name":"wp","href":"https:\/\/api.w.org\/{rel}","templated":true}]}}