{"id":7222,"date":"2025-03-08T17:10:39","date_gmt":"2025-03-08T17:10:39","guid":{"rendered":"https:\/\/bigfunhobby.com\/butikk\/145-calypso-plastic-hull\/"},"modified":"2025-12-04T10:58:55","modified_gmt":"2025-12-04T08:58:55","slug":"145-calypso-plastic-hull","status":"publish","type":"product","link":"https:\/\/bigfunhobby.com\/da\/butikk\/145-calypso-plastic-hull\/","title":{"rendered":"1:45 CALYPSO - PLASTSKROG"},"content":{"rendered":"<p>Dette er et unikt byggesett av forskningsskipet Calypso, ber\u00f8mt for sine mange oppdagelsesreiser under ledelse av Jacques-Yves Cousteau. Modellen er et avansert treskipsmodell, perfekt for de som elsker modellbygging og historie.<\/p>\n<p><strong>Produktspecifikationer:<\/strong><\/p>\n<ul>\n<li>Skala: 1\/45<\/li>\n<li>Vanskelighetsgrad: Ekspert<\/li>\n<li>Lengde: 94 cm<\/li>\n<li>Bredde: 17 cm<\/li>\n<li>H\u00f8yde: 33 cm<\/li>\n<li>Skrog i ABS-plast<\/li>\n<li>Modellen kan bygges til \u00e5 bli radiostyrt (utstyr ikke inkludert)<\/li>\n<\/ul>\n<p>Calypso ble opprinnelig bygd i 1942 som en minesveiper for US Navy, men ble i 1950 kj\u00f8pt av Jacques-Yves Cousteau og ombygd til et fullverdig forskningsskip. Dette byggesettet gjenskaper skipets unike design og detaljer, med et ABS-plast skrog, laserskj\u00e6rte tredeler og \u00f8vrige detaljer i egnet materiale.<\/p>\n<p>For \u00e5 fullf\u00f8re modellen trenger du lim, verkt\u00f8y og lakk\/maling, som ikke er inkludert i settet. F\u00f8lgende farger anbefales for en autentisk finish:<\/p>\n<ul>\n<li>Fakturering nr. 1 Hvid<\/li>\n<li>Billing No 10 Matt Lemon<\/li>\n<li>Fakturering nr. 11 Sort<\/li>\n<li>Billing No 16 Gold<\/li>\n<li>Billing No 17 Clear Gloss<\/li>\n<li>Billing No 20 Satin Brown<\/li>\n<li>Billing No 30 Dark Ad Grey<\/li>\n<li>Billing No 35 Signal Red<\/li>\n<li>Billing No 36 Mahogni bejdse<\/li>\n<\/ul>\n<p>La deg fascinere av historien og detaljene i dette byggesettet, og ta del i Cousteaus eventyrlige verden av oppdagelse og forskning. Klar for en ny modellbyggingsutfordring? Bestill ditt Calypso byggesett her i dag.<\/p>","protected":false},"excerpt":{"rendered":"<p>Dykk ned i historien med denne detaljrike skalamodellen av Jacques-Yves Cousteaus forskningsskip Calypso. Et avansert byggesett for erfarne modellbyggere og entusiaster.<\/p>","protected":false},"featured_media":7221,"comment_status":"open","ping_status":"closed","template":"","meta":[],"product_brand":[96],"product_cat":[53],"product_tag":[],"class_list":{"0":"post-7222","1":"product","2":"type-product","3":"status-publish","4":"has-post-thumbnail","6":"product_brand-billing-boats","7":"product_cat-bater-billing-boats","9":"first","10":"outofstock","11":"taxable","12":"shipping-taxable","13":"purchasable","14":"product-type-simple"},"_links":{"self":[{"href":"https:\/\/bigfunhobby.com\/da\/wp-json\/wp\/v2\/product\/7222","targetHints":{"allow":["GET"]}}],"collection":[{"href":"https:\/\/bigfunhobby.com\/da\/wp-json\/wp\/v2\/product"}],"about":[{"href":"https:\/\/bigfunhobby.com\/da\/wp-json\/wp\/v2\/types\/product"}],"replies":[{"embeddable":true,"href":"https:\/\/bigfunhobby.com\/da\/wp-json\/wp\/v2\/comments?post=7222"}],"wp:featuredmedia":[{"embeddable":true,"href":"https:\/\/bigfunhobby.com\/da\/wp-json\/wp\/v2\/media\/7221"}],"wp:attachment":[{"href":"https:\/\/bigfunhobby.com\/da\/wp-json\/wp\/v2\/media?parent=7222"}],"wp:term":[{"taxonomy":"product_brand","embeddable":true,"href":"https:\/\/bigfunhobby.com\/da\/wp-json\/wp\/v2\/product_brand?post=7222"},{"taxonomy":"product_cat","embeddable":true,"href":"https:\/\/bigfunhobby.com\/da\/wp-json\/wp\/v2\/product_cat?post=7222"},{"taxonomy":"product_tag","embeddable":true,"href":"https:\/\/bigfunhobby.com\/da\/wp-json\/wp\/v2\/product_tag?post=7222"}],"curies":[{"name":"wp","href":"https:\/\/api.w.org\/{rel}","templated":true}]}}