{"id":7234,"date":"2025-03-08T17:10:42","date_gmt":"2025-03-08T17:10:42","guid":{"rendered":"https:\/\/bigfunhobby.com\/butikk\/160-mayflower\/"},"modified":"2025-12-04T10:58:55","modified_gmt":"2025-12-04T08:58:55","slug":"160-mayflower","status":"publish","type":"product","link":"https:\/\/bigfunhobby.com\/da\/butikk\/160-mayflower\/","title":{"rendered":"1:60 MAYFLOWER"},"content":{"rendered":"<p>Dykk ned i historien med v\u00e5rt 1:60 Mayflower byggesett. Dette treskipsmodell er en n\u00f8ye gjenskapning av det ber\u00f8mte fart\u00f8yet som satte seil fra Plymouth, England i 1620. Med 102 mennesker om bord, brukte Mayflower 67 dager p\u00e5 \u00e5 krysse Atlanterhavet f\u00f8r de kastet anker i den havnen som senere ble kjent som Provincetown.<\/p>\n<p>Dette byggesettet er en fantastisk m\u00e5te \u00e5 utforske historien p\u00e5, samtidig som du utvikler ferdighetene dine innen modellbygging. Det er n\u00f8ye designet for \u00e5 gi en autentisk modellbyggingsopplevelse, noe som gj\u00f8r det til et utmerket valg for b\u00e5de nybegynnere og erfarne modellbyggere.<\/p>\n<ul>\n<li>Skala: 1:60<\/li>\n<li>Historisk treskipsmodell<\/li>\n<li>Perfekt til b\u00e5de begyndere og erfarne modelbyggere<\/li>\n<\/ul>\n<p>Mayflower II, en replika av det originale skipet, ble bygget i 1957 i Brixham, Devon, og seilte til USA. Den ligger n\u00e5 for anker som en varig gave til det amerikanske folket. Med dette byggesettet kan du lage din egen miniversjon av denne historiske skuta.<\/p>\n<p>V\u00e5rt 1:60 Mayflower byggesett er et fantastisk eksempel p\u00e5 historisk modellbygging. Enten du er en entusiastisk modellbygger, eller bare er fascinert av historie, er dette byggesettet et utmerket valg. Kj\u00f8p ditt Mayflower byggesett i dag, og begynn din reise inn i historien.<\/p>","protected":false},"excerpt":{"rendered":"<p>Opplev historien med dette detaljerte byggesettet av Mayflower i skala 1:60. Perfekt for b\u00e5de nybegynnere og erfarne modellbyggere.<\/p>","protected":false},"featured_media":7233,"comment_status":"open","ping_status":"closed","template":"","meta":[],"product_brand":[96],"product_cat":[53],"product_tag":[],"class_list":{"0":"post-7234","1":"product","2":"type-product","3":"status-publish","4":"has-post-thumbnail","6":"product_brand-billing-boats","7":"product_cat-bater-billing-boats","9":"first","10":"instock","11":"taxable","12":"shipping-taxable","13":"purchasable","14":"product-type-simple"},"_links":{"self":[{"href":"https:\/\/bigfunhobby.com\/da\/wp-json\/wp\/v2\/product\/7234","targetHints":{"allow":["GET"]}}],"collection":[{"href":"https:\/\/bigfunhobby.com\/da\/wp-json\/wp\/v2\/product"}],"about":[{"href":"https:\/\/bigfunhobby.com\/da\/wp-json\/wp\/v2\/types\/product"}],"replies":[{"embeddable":true,"href":"https:\/\/bigfunhobby.com\/da\/wp-json\/wp\/v2\/comments?post=7234"}],"wp:featuredmedia":[{"embeddable":true,"href":"https:\/\/bigfunhobby.com\/da\/wp-json\/wp\/v2\/media\/7233"}],"wp:attachment":[{"href":"https:\/\/bigfunhobby.com\/da\/wp-json\/wp\/v2\/media?parent=7234"}],"wp:term":[{"taxonomy":"product_brand","embeddable":true,"href":"https:\/\/bigfunhobby.com\/da\/wp-json\/wp\/v2\/product_brand?post=7234"},{"taxonomy":"product_cat","embeddable":true,"href":"https:\/\/bigfunhobby.com\/da\/wp-json\/wp\/v2\/product_cat?post=7234"},{"taxonomy":"product_tag","embeddable":true,"href":"https:\/\/bigfunhobby.com\/da\/wp-json\/wp\/v2\/product_tag?post=7234"}],"curies":[{"name":"wp","href":"https:\/\/api.w.org\/{rel}","templated":true}]}}