{"id":7240,"date":"2025-03-08T17:10:43","date_gmt":"2025-03-08T17:10:43","guid":{"rendered":"https:\/\/bigfunhobby.com\/butikk\/115-phantom-wooden-hull\/"},"modified":"2026-01-05T21:13:13","modified_gmt":"2026-01-05T19:13:13","slug":"115-phantom-traeskrog","status":"publish","type":"product","link":"https:\/\/bigfunhobby.com\/da\/butikk\/115-phantom-wooden-hull\/","title":{"rendered":"1:15 PHANTOM @ -WOODEN HULL"},"content":{"rendered":"<p>S\u00e6t sejl ind i modelverdenen med vores tre-skibs models\u00e6t af den klassiske amerikanske \"runabout\"-b\u00e5d Phantom. S\u00e6ttet er perfekt til b\u00e5de erfarne begyndere og modelbygningsentusiaster.<\/p>\n<p><strong>Historie:<\/strong> Den oprindelige Phantom-b\u00e5d stammer fra midten af 1920'erne og blev prim\u00e6rt brugt som racerb\u00e5d. Nogle blev ogs\u00e5 brugt som tenderb\u00e5de for dem, der ejede st\u00f8rre yachter. Disse b\u00e5de blev bygget af klassiske materialer som teak og mahogni og var udstyret med kraftige motorer p\u00e5 100-150 hestekr\u00e6fter.<\/p>\n<p><strong>Specifikationer:<\/strong><\/p>\n<ul>\n<li>Skala: 1\/15<\/li>\n<li>Sv\u00e6rhedsgrad: Erfaren nybegynder<\/li>\n<li>L\u00e6ngde: 69 cm<\/li>\n<li>Bredde: 15 cm<\/li>\n<li>H\u00f8jde: 15 cm<\/li>\n<\/ul>\n<p><strong>Materialer:<\/strong> S\u00e6ttet indeholder lasersk\u00e5rne tr\u00e6dele og detaljer i passende materialer. Det er ogs\u00e5 muligt at ombygge modellen til at v\u00e6re radiostyret, men det n\u00f8dvendige udstyr til dette medf\u00f8lger ikke. Bem\u00e6rk, at du skal bruge lim, v\u00e6rkt\u00f8j og lak\/maling for at f\u00e6rdigg\u00f8re modellen, da det ikke er inkluderet i s\u00e6ttet.<\/p>\n<p>Tr\u00e6d ind i modelleringens verden, og oplev gl\u00e6den ved at bygge din egen skalab\u00e5d. Uanset om du er en erfaren modelbygger eller bare p\u00e5 udkig efter en ny og sp\u00e6ndende hobby, vil dette tr\u00e6skibsmodels\u00e6t give dig timevis af byggesjov.<\/p>\n<p>Vent ikke, start din modelrejse i dag. <strong>K\u00f8b Phantom tr\u00e6skibsmodels\u00e6ttet her.<\/strong><\/p>","protected":false},"excerpt":{"rendered":"<p>Byg din egen klassiske amerikanske \"runabout\"-b\u00e5d med vores Phantom tr\u00e6skibsmodels\u00e6t i skala 1:15. Perfekt til b\u00e5de erfarne begyndere og modelentusiaster.<\/p>","protected":false},"featured_media":7239,"comment_status":"open","ping_status":"closed","template":"","meta":[],"product_brand":[96],"product_cat":[53],"product_tag":[],"class_list":{"0":"post-7240","1":"product","2":"type-product","3":"status-publish","4":"has-post-thumbnail","6":"product_brand-billing-boats","7":"product_cat-bater-billing-boats","9":"first","10":"instock","11":"taxable","12":"shipping-taxable","13":"purchasable","14":"product-type-simple"},"_links":{"self":[{"href":"https:\/\/bigfunhobby.com\/da\/wp-json\/wp\/v2\/product\/7240","targetHints":{"allow":["GET"]}}],"collection":[{"href":"https:\/\/bigfunhobby.com\/da\/wp-json\/wp\/v2\/product"}],"about":[{"href":"https:\/\/bigfunhobby.com\/da\/wp-json\/wp\/v2\/types\/product"}],"replies":[{"embeddable":true,"href":"https:\/\/bigfunhobby.com\/da\/wp-json\/wp\/v2\/comments?post=7240"}],"wp:featuredmedia":[{"embeddable":true,"href":"https:\/\/bigfunhobby.com\/da\/wp-json\/wp\/v2\/media\/7239"}],"wp:attachment":[{"href":"https:\/\/bigfunhobby.com\/da\/wp-json\/wp\/v2\/media?parent=7240"}],"wp:term":[{"taxonomy":"product_brand","embeddable":true,"href":"https:\/\/bigfunhobby.com\/da\/wp-json\/wp\/v2\/product_brand?post=7240"},{"taxonomy":"product_cat","embeddable":true,"href":"https:\/\/bigfunhobby.com\/da\/wp-json\/wp\/v2\/product_cat?post=7240"},{"taxonomy":"product_tag","embeddable":true,"href":"https:\/\/bigfunhobby.com\/da\/wp-json\/wp\/v2\/product_tag?post=7240"}],"curies":[{"name":"wp","href":"https:\/\/api.w.org\/{rel}","templated":true}]}}