{"id":7242,"date":"2025-03-08T17:10:43","date_gmt":"2025-03-08T17:10:43","guid":{"rendered":"https:\/\/bigfunhobby.com\/butikk\/135-h-m-s-renown\/"},"modified":"2025-12-04T10:58:55","modified_gmt":"2025-12-04T08:58:55","slug":"135-h-m-s-renown","status":"publish","type":"product","link":"https:\/\/bigfunhobby.com\/da\/butikk\/135-h-m-s-renown\/","title":{"rendered":"1:35 H.M.S. RENOWN"},"content":{"rendered":"<p>Oppdag gleden av modellbygging med dette detaljerte byggesettet av H.M.S. RENOWN. I en imponerende 1:35 skala, tar dette settet deg tilbake til midten av det 19. \u00e5rhundre, da damppinnacere hersket p\u00e5 havene.<\/p>\n<p>Settet er en trofast reprodusering av en 50ft damppinnacer, et historisk skip med et lite dekk, ett rom for besetningen, et kjelerom og en kahyt. Over besetningsrommet var det et konisk st\u00e5lfundament med en fastmontert universalring, der det kunne monteres en 3-punds hurtigskudds kanon eller et maxim maskingev\u00e6r.<\/p>\n<ul>\n<li>Skala: 1:35<\/li>\n<li>Produkttype: Skalamodell \/ Byggesett<\/li>\n<li>Materialer: Plast<\/li>\n<li>Historikk: 19. \u00e5rhundres damppinnacer<\/li>\n<\/ul>\n<p>I tillegg til \u00e5 v\u00e6re et fascinerende prosjekt for modellbyggere, vil denne treskipsmodellen ogs\u00e5 v\u00e6re et utmerket samlerobjekt for de som setter pris p\u00e5 sj\u00f8fartshistorie. Dens autentiske detaljer gj\u00f8r det til et miniatyrhistorisk dokument, som gir et levende innblikk i sj\u00f8fart i det 19. \u00e5rhundre.<\/p>\n<p>Uansett om du er nybegynner i modellbygging eller en erfaren entusiast, vil du finne glede og utfordring i \u00e5 sette sammen denne historiske skalamodellen. Bestill ditt H.M.S. RENOWN byggesett n\u00e5, og start ditt neste modellbyggingsprosjekt.<\/p>","protected":false},"excerpt":{"rendered":"<p>Models\u00e6t af H.M.S. RENOWN i skala 1:35. En detaljeret model af en dampb\u00e5d fra det 19. \u00e5rhundrede, perfekt til entusiaster af historiske skibe og modelbygning.<\/p>","protected":false},"featured_media":7241,"comment_status":"open","ping_status":"closed","template":"","meta":[],"product_brand":[96],"product_cat":[53],"product_tag":[],"class_list":{"0":"post-7242","1":"product","2":"type-product","3":"status-publish","4":"has-post-thumbnail","6":"product_brand-billing-boats","7":"product_cat-bater-billing-boats","9":"first","10":"instock","11":"taxable","12":"shipping-taxable","13":"purchasable","14":"product-type-simple"},"_links":{"self":[{"href":"https:\/\/bigfunhobby.com\/da\/wp-json\/wp\/v2\/product\/7242","targetHints":{"allow":["GET"]}}],"collection":[{"href":"https:\/\/bigfunhobby.com\/da\/wp-json\/wp\/v2\/product"}],"about":[{"href":"https:\/\/bigfunhobby.com\/da\/wp-json\/wp\/v2\/types\/product"}],"replies":[{"embeddable":true,"href":"https:\/\/bigfunhobby.com\/da\/wp-json\/wp\/v2\/comments?post=7242"}],"wp:featuredmedia":[{"embeddable":true,"href":"https:\/\/bigfunhobby.com\/da\/wp-json\/wp\/v2\/media\/7241"}],"wp:attachment":[{"href":"https:\/\/bigfunhobby.com\/da\/wp-json\/wp\/v2\/media?parent=7242"}],"wp:term":[{"taxonomy":"product_brand","embeddable":true,"href":"https:\/\/bigfunhobby.com\/da\/wp-json\/wp\/v2\/product_brand?post=7242"},{"taxonomy":"product_cat","embeddable":true,"href":"https:\/\/bigfunhobby.com\/da\/wp-json\/wp\/v2\/product_cat?post=7242"},{"taxonomy":"product_tag","embeddable":true,"href":"https:\/\/bigfunhobby.com\/da\/wp-json\/wp\/v2\/product_tag?post=7242"}],"curies":[{"name":"wp","href":"https:\/\/api.w.org\/{rel}","templated":true}]}}