{"id":7246,"date":"2025-03-08T17:10:44","date_gmt":"2025-03-08T17:10:44","guid":{"rendered":"https:\/\/bigfunhobby.com\/butikk\/140-u-s-coast-guards\/"},"modified":"2025-12-04T10:58:55","modified_gmt":"2025-12-04T08:58:55","slug":"140-u-s-coast-guards","status":"publish","type":"product","link":"https:\/\/bigfunhobby.com\/da\/butikk\/140-u-s-coast-guards\/","title":{"rendered":"1:40 DEN AMERIKANSKE KYSTVAGT"},"content":{"rendered":"<p>Bygg din egen modell av det legendariske og sj\u00f8dyktige redningsfart\u00f8yet, 1:40 U.S. Coast Guards. Dette byggesettet gir b\u00e5de nybegynnere og erfarne innen modellbygging en unik opplevelse. <\/p>\n<p>Redningsfart\u00f8yet er kjent for sin imponerende evne til \u00e5 utf\u00f8re s\u00f8k- og redningsoppgaver under sv\u00e6rt ugunstige sj\u00f8- og v\u00e6rforhold. Med et dyktig og rutinert mannskap, har dette fart\u00f8yet utf\u00f8rt sv\u00e6rt krevende redningsoperasjoner. Det er spesielt kjent for sin selvopprettende egenskap, en viktig detalj som er inkludert i byggesettet. <\/p>\n<ul>\n<li>Skala: 1:40<\/li>\n<li>Produktkategori: Bygges\u00e6t<\/li>\n<li>Materialer: Plast<\/li>\n<\/ul>\n<p>Originalen til denne modellen ble bygget i 1961 p\u00e5 Coast Guard-verftet i Curtis Bay, Maryland, USA. Gjenskap historien og den unike designen med dette byggesettet. <\/p>\n<p>Enten du er en erfaren modellbygger eller en nybegynner, vil dette byggesettet gi deg mange timer med underholdning og en flott modell \u00e5 vise frem n\u00e5r den er ferdig. Ikke vent, start ditt nye prosjekt i dag og f\u00f8l spenningen ved \u00e5 bygge din egen modell av det legendariske 1:40 U.S. Coast Guards. <\/p>\n<p><strong>Kj\u00f8p ditt byggesett her og start modellbyggingen i dag!<\/strong><\/p>","protected":false},"excerpt":{"rendered":"<p>Byggesett av det robuste redningsfart\u00f8yet 1:40 U.S. Coast Guards. Perfekt for entusiaster innen modellbygging som setter pris p\u00e5 detaljer og historikk.<\/p>","protected":false},"featured_media":7245,"comment_status":"open","ping_status":"closed","template":"","meta":[],"product_brand":[96],"product_cat":[53],"product_tag":[],"class_list":{"0":"post-7246","1":"product","2":"type-product","3":"status-publish","4":"has-post-thumbnail","6":"product_brand-billing-boats","7":"product_cat-bater-billing-boats","9":"first","10":"instock","11":"taxable","12":"shipping-taxable","13":"purchasable","14":"product-type-simple"},"_links":{"self":[{"href":"https:\/\/bigfunhobby.com\/da\/wp-json\/wp\/v2\/product\/7246","targetHints":{"allow":["GET"]}}],"collection":[{"href":"https:\/\/bigfunhobby.com\/da\/wp-json\/wp\/v2\/product"}],"about":[{"href":"https:\/\/bigfunhobby.com\/da\/wp-json\/wp\/v2\/types\/product"}],"replies":[{"embeddable":true,"href":"https:\/\/bigfunhobby.com\/da\/wp-json\/wp\/v2\/comments?post=7246"}],"wp:featuredmedia":[{"embeddable":true,"href":"https:\/\/bigfunhobby.com\/da\/wp-json\/wp\/v2\/media\/7245"}],"wp:attachment":[{"href":"https:\/\/bigfunhobby.com\/da\/wp-json\/wp\/v2\/media?parent=7246"}],"wp:term":[{"taxonomy":"product_brand","embeddable":true,"href":"https:\/\/bigfunhobby.com\/da\/wp-json\/wp\/v2\/product_brand?post=7246"},{"taxonomy":"product_cat","embeddable":true,"href":"https:\/\/bigfunhobby.com\/da\/wp-json\/wp\/v2\/product_cat?post=7246"},{"taxonomy":"product_tag","embeddable":true,"href":"https:\/\/bigfunhobby.com\/da\/wp-json\/wp\/v2\/product_tag?post=7246"}],"curies":[{"name":"wp","href":"https:\/\/api.w.org\/{rel}","templated":true}]}}