{"id":7248,"date":"2025-03-08T17:10:44","date_gmt":"2025-03-08T17:10:44","guid":{"rendered":"https:\/\/bigfunhobby.com\/butikk\/walkera-qr-x350-pro-devo-7rtf-incl-batterilader\/"},"modified":"2025-12-04T10:58:55","modified_gmt":"2025-12-04T08:58:55","slug":"walkera-qr-x350-pro-devo-7rtf-incl-batterilader","status":"publish","type":"product","link":"https:\/\/bigfunhobby.com\/da\/butikk\/walkera-qr-x350-pro-devo-7rtf-incl-batterilader\/","title":{"rendered":"WALKERA QR X350 PRO. DEVO 7,RTF INKL.BATTERI+OPLADER"},"content":{"rendered":"<p>Utforsk himmelen med Walkera QR X350 PRO. Denne f\u00f8rsteklasses, fjernstyrte dronen tilbyr en fantastisk flyopplevelse, enten du er nybegynner eller erfaren droneentusiast. Den er rett ut av esken klar (RTF), noe som betyr at det ikke kreves ytterligere montering. Alt du trenger, inklusive batteri og lader, er allerede inkludert i pakken.<\/p>\n<p>Walkera QR X350 PRO er utstyrt med et avansert DEVO 7-kontrollsystem, som sikrer presis styring og optimal ytelse. Det er lett \u00e5 f\u00e5 taket p\u00e5, men tilbyr ogs\u00e5 avanserte funksjoner for de mer erfarne brukerne.<\/p>\n<ul>\n<li>DEVO 7-kontrollsystem<\/li>\n<li>Rett ut av esken klar (RTF)<\/li>\n<li>Inkluderer batteri og lader<\/li>\n<\/ul>\n<p>Fjernstyrte droner har blitt utrolig popul\u00e6rt de siste \u00e5rene, og Walkera QR X350 PRO er et glimrende eksempel p\u00e5 hvorfor. Denne dronen gir deg muligheten til \u00e5 utforske omgivelsene dine fra et helt nytt perspektiv. Uansett om du er interessert i fotografering, filmproduksjon, eller bare \u00f8nsker \u00e5 ha det g\u00f8y, er Walkera QR X350 PRO et utmerket valg.<\/p>\n<p>S\u00e5 hva venter du p\u00e5? Ta kontroll over himmelen med Walkera QR X350 PRO. <strong>K\u00f8b her<\/strong> og begynn \u00e5 utforske verden ovenfra i dag!<\/p>","protected":false},"excerpt":{"rendered":"<p>Walkera QR X350 PRO er en f\u00f8rsteklasses, fjernstyrt drone med DEVO 7, rett ut av esken klar (RTF), inkludert batteri og lader. Perfekt for b\u00e5de nybegynnere og erfarne droneentusiaster.<\/p>","protected":false},"featured_media":7247,"comment_status":"open","ping_status":"closed","template":"","meta":[],"product_brand":[98],"product_cat":[55],"product_tag":[],"class_list":{"0":"post-7248","1":"product","2":"type-product","3":"status-publish","4":"has-post-thumbnail","6":"product_brand-walkera","7":"product_cat-droner","9":"first","10":"outofstock","11":"taxable","12":"shipping-taxable","13":"purchasable","14":"product-type-simple"},"_links":{"self":[{"href":"https:\/\/bigfunhobby.com\/da\/wp-json\/wp\/v2\/product\/7248","targetHints":{"allow":["GET"]}}],"collection":[{"href":"https:\/\/bigfunhobby.com\/da\/wp-json\/wp\/v2\/product"}],"about":[{"href":"https:\/\/bigfunhobby.com\/da\/wp-json\/wp\/v2\/types\/product"}],"replies":[{"embeddable":true,"href":"https:\/\/bigfunhobby.com\/da\/wp-json\/wp\/v2\/comments?post=7248"}],"wp:featuredmedia":[{"embeddable":true,"href":"https:\/\/bigfunhobby.com\/da\/wp-json\/wp\/v2\/media\/7247"}],"wp:attachment":[{"href":"https:\/\/bigfunhobby.com\/da\/wp-json\/wp\/v2\/media?parent=7248"}],"wp:term":[{"taxonomy":"product_brand","embeddable":true,"href":"https:\/\/bigfunhobby.com\/da\/wp-json\/wp\/v2\/product_brand?post=7248"},{"taxonomy":"product_cat","embeddable":true,"href":"https:\/\/bigfunhobby.com\/da\/wp-json\/wp\/v2\/product_cat?post=7248"},{"taxonomy":"product_tag","embeddable":true,"href":"https:\/\/bigfunhobby.com\/da\/wp-json\/wp\/v2\/product_tag?post=7248"}],"curies":[{"name":"wp","href":"https:\/\/api.w.org\/{rel}","templated":true}]}}