{"id":7256,"date":"2025-03-08T17:10:46","date_gmt":"2025-03-08T17:10:46","guid":{"rendered":"https:\/\/bigfunhobby.com\/butikk\/flexisander-dual-grit-x3-80x30x12mm\/"},"modified":"2025-12-04T10:58:55","modified_gmt":"2025-12-04T08:58:55","slug":"flexisander-dual-grit-x3-80x30x12mm","status":"publish","type":"product","link":"https:\/\/bigfunhobby.com\/da\/butikk\/flexisander-dual-grit-x3-80x30x12mm\/","title":{"rendered":"FLEXISLIBER DOBBELTKORN X3 (80X30X12MM)"},"content":{"rendered":"<p>F\u00e5 det beste ut av modellbyggingsprosjektene dine med FlexiSander Dual Grit. Dette settet med tre slipeblokker er perfekt for b\u00e5de nybegynnere og erfarne modellbyggere, og er et must for ethvert byggesett.<\/p>\n<p>Hver slipeblokk i FlexiSander Dual Grit-settet har en unik kombinasjon av grovkornethet. Dette inkluderer:<\/p>\n<ul>\n<li>En grov (60\/100) for effektiv fjerning av materiale.<\/li>\n<li>En medium (240\/400) for sammensmelting og utjevning.<\/li>\n<li>En fin (600\/1000) for avslutning og polering.<\/li>\n<\/ul>\n<p>Disse slipeblokkene er ikke bare allsidige, men er ogs\u00e5 vaskbare og gjenbrukbare, noe som gir langvarig verdi. Uansett om du jobber med et treskipsmodell, plastmodell, modelljernbane eller annen type byggesett, vil FlexiSander Dual Grit bidra til et mer profesjonelt resultat.<\/p>\n<p>Ikke la noe st\u00e5 i veien for det perfekte byggesettet. Med FlexiSander Dual Grit kan du sikre deg presis utf\u00f8relse og enest\u00e5ende kvalitet i alle dine modellbyggingsprosjekter. <\/p>\n<p>Bestill din FlexiSander Dual Grit i dag, og opplev forskjellen selv!<\/p>","protected":false},"excerpt":{"rendered":"<p>FlexiSander Dual Grit er et sett med tre slitesterke og gjenbrukbare slipeblokker, ideelle for b\u00e5de erfarne og nybegynnere innen modellbygging.<\/p>","protected":false},"featured_media":7255,"comment_status":"open","ping_status":"closed","template":"","meta":[],"product_brand":[],"product_cat":[58],"product_tag":[],"class_list":{"0":"post-7256","1":"product","2":"type-product","3":"status-publish","4":"has-post-thumbnail","6":"product_cat-verktoy","8":"first","9":"instock","10":"taxable","11":"shipping-taxable","12":"purchasable","13":"product-type-simple"},"_links":{"self":[{"href":"https:\/\/bigfunhobby.com\/da\/wp-json\/wp\/v2\/product\/7256","targetHints":{"allow":["GET"]}}],"collection":[{"href":"https:\/\/bigfunhobby.com\/da\/wp-json\/wp\/v2\/product"}],"about":[{"href":"https:\/\/bigfunhobby.com\/da\/wp-json\/wp\/v2\/types\/product"}],"replies":[{"embeddable":true,"href":"https:\/\/bigfunhobby.com\/da\/wp-json\/wp\/v2\/comments?post=7256"}],"wp:featuredmedia":[{"embeddable":true,"href":"https:\/\/bigfunhobby.com\/da\/wp-json\/wp\/v2\/media\/7255"}],"wp:attachment":[{"href":"https:\/\/bigfunhobby.com\/da\/wp-json\/wp\/v2\/media?parent=7256"}],"wp:term":[{"taxonomy":"product_brand","embeddable":true,"href":"https:\/\/bigfunhobby.com\/da\/wp-json\/wp\/v2\/product_brand?post=7256"},{"taxonomy":"product_cat","embeddable":true,"href":"https:\/\/bigfunhobby.com\/da\/wp-json\/wp\/v2\/product_cat?post=7256"},{"taxonomy":"product_tag","embeddable":true,"href":"https:\/\/bigfunhobby.com\/da\/wp-json\/wp\/v2\/product_tag?post=7256"}],"curies":[{"name":"wp","href":"https:\/\/api.w.org\/{rel}","templated":true}]}}