{"id":7258,"date":"2025-03-08T17:10:46","date_gmt":"2025-03-08T17:10:46","guid":{"rendered":"https:\/\/bigfunhobby.com\/butikk\/1-350-bismarck\/"},"modified":"2025-12-04T10:58:55","modified_gmt":"2025-12-04T08:58:55","slug":"1-350-bismarck","status":"publish","type":"product","link":"https:\/\/bigfunhobby.com\/da\/butikk\/1-350-bismarck\/","title":{"rendered":"1\/350 BISMARCK"},"content":{"rendered":"<p>Dyk ned i historien med vores bygges\u00e6t af <strong>1\/350 Bismarck<\/strong>En detaljeret plastikmodel af Tysklands st\u00f8rste slagskib under Anden Verdenskrig. Dette er en fantastisk mulighed for modelbygningsentusiaster til at sammens\u00e6tte en trov\u00e6rdig kopi af det imponerende krigsskib.<\/p>\n<p>S\u00e6ttet giver en unik mulighed for at udforske slagskibets detaljer, fra proviantrummet til tandl\u00e6geklinikken, fris\u00f8rsalonen, skomagerv\u00e6rkstedet og meget mere. Det er en fantastisk m\u00e5de at forst\u00e5, hvordan livet om bord p\u00e5 skibet kan have v\u00e6ret for bes\u00e6tningen, som i gennemsnit var 21 \u00e5r gammel.<\/p>\n<p>Slagskibet Bismarck, der er opkaldt efter prins Otto von Bismarck, var kendt for sin majest\u00e6tiske st\u00f8rrelse og kraft. Sammen med s\u00f8sterskibet Tirpitz var det et af de st\u00f8rste slagskibe, der blev bygget af en europ\u00e6isk stormagt. Bismarck forlod byen Gdynia den 19. maj 1941 p\u00e5 sin f\u00f8rste og sidste mission, Operation Rhein\u00fcbung, som havde til form\u00e5l at s\u00e6nke handelsskibe i Atlanterhavet. Bare ni dage senere blev Bismarck selv s\u00e6nket, og over 2.000 m\u00e6nd blev dr\u00e6bt.<\/p>\n<p>Vores 1\/350 Bismarck-s\u00e6t er lavet af plast i h\u00f8j kvalitet og leveres med detaljerede samlevejledninger. Det er en perfekt gave til modelbyggerentusiaster eller historieinteresserede. Uanset om du er en erfaren modelbygger eller en nybegynder, vil du finde gl\u00e6de ved at samle denne imponerende model.<\/p>\n<p>Udforsk Bismarcks fascinerende historie, og tag del i gl\u00e6den ved at bygge modeller. Sammens\u00e6t dit eget stykke historie. <a href='#'>Bestil dit Bismarck-s\u00e6t nu<\/a>.<\/p>","protected":false},"excerpt":{"rendered":"<p>Genoplev historien med modellen i skala 1\/350 af Bismarck, Tysklands st\u00f8rste slagskib under Anden Verdenskrig. Perfekt til modelbygningsentusiaster.<\/p>","protected":false},"featured_media":7257,"comment_status":"open","ping_status":"closed","template":"","meta":[],"product_brand":[99],"product_cat":[56],"product_tag":[],"class_list":{"0":"post-7258","1":"product","2":"type-product","3":"status-publish","4":"has-post-thumbnail","6":"product_brand-tamiya","7":"product_cat-bater","9":"first","10":"instock","11":"taxable","12":"shipping-taxable","13":"purchasable","14":"product-type-simple"},"_links":{"self":[{"href":"https:\/\/bigfunhobby.com\/da\/wp-json\/wp\/v2\/product\/7258","targetHints":{"allow":["GET"]}}],"collection":[{"href":"https:\/\/bigfunhobby.com\/da\/wp-json\/wp\/v2\/product"}],"about":[{"href":"https:\/\/bigfunhobby.com\/da\/wp-json\/wp\/v2\/types\/product"}],"replies":[{"embeddable":true,"href":"https:\/\/bigfunhobby.com\/da\/wp-json\/wp\/v2\/comments?post=7258"}],"wp:featuredmedia":[{"embeddable":true,"href":"https:\/\/bigfunhobby.com\/da\/wp-json\/wp\/v2\/media\/7257"}],"wp:attachment":[{"href":"https:\/\/bigfunhobby.com\/da\/wp-json\/wp\/v2\/media?parent=7258"}],"wp:term":[{"taxonomy":"product_brand","embeddable":true,"href":"https:\/\/bigfunhobby.com\/da\/wp-json\/wp\/v2\/product_brand?post=7258"},{"taxonomy":"product_cat","embeddable":true,"href":"https:\/\/bigfunhobby.com\/da\/wp-json\/wp\/v2\/product_cat?post=7258"},{"taxonomy":"product_tag","embeddable":true,"href":"https:\/\/bigfunhobby.com\/da\/wp-json\/wp\/v2\/product_tag?post=7258"}],"curies":[{"name":"wp","href":"https:\/\/api.w.org\/{rel}","templated":true}]}}