{"id":7264,"date":"2025-03-08T17:10:47","date_gmt":"2025-03-08T17:10:47","guid":{"rendered":"https:\/\/bigfunhobby.com\/butikk\/jackal\/"},"modified":"2025-12-04T10:58:55","modified_gmt":"2025-12-04T08:58:55","slug":"sjakal","status":"publish","type":"product","link":"https:\/\/bigfunhobby.com\/da\/butikk\/jackal\/","title":{"rendered":"Sjakal"},"content":{"rendered":"<p>Tag din modelbygning til nye h\u00f8jder med Jackal-s\u00e6ttet. Uanset om du er en erfaren modelbygger eller lige er kommet i gang med hobbyen, vil dette s\u00e6t give dig en engagerende og givende oplevelse.<\/p>\n<p>Jackal-s\u00e6ttet leveres med detaljerede instruktioner, der g\u00f8r det nemt at samle. Det er designet til at udfordre og stimulere kreativ t\u00e6nkning, samtidig med at det giver en realistisk model, som du kan v\u00e6re stolt af at vise frem.<\/p>\n<ul>\n<li>Perfekt til begyndere og erfarne modelbyggere<\/li>\n<li>Detaljerede instruktioner for nem installation<\/li>\n<li>Materialer af h\u00f8j kvalitet giver en realistisk finish<\/li>\n<li>Stimulerer kreativitet og tekniske f\u00e6rdigheder<\/li>\n<\/ul>\n<p>Modelbygning er mere end bare en hobby; det er en kunstform. Med Jackal-s\u00e6ttet kan du udforske denne kunst og skabe noget unikt. Uanset om du er interesseret i skibsmodeller af tr\u00e6, plastikmodeller, modeljernbaner eller fjernstyrede k\u00f8ret\u00f8jer, vil dette s\u00e6t give dig tilfredsstillelsen ved at bygge noget med dine egne h\u00e6nder.<\/p>\n<p>Vent ikke, start dit modelleringseventyr i dag. Gennemse vores sortiment og find det perfekte s\u00e6t til dig. K\u00f8b dit Jackal-s\u00e6t nu, og start din modelbyggerrejse i dag!<\/p>","protected":false},"excerpt":{"rendered":"<p>Jackal er et sp\u00e6ndende bygges\u00e6t til b\u00e5de begyndere og erfarne modelbyggere. Dette produkt lover timevis af kreativ sjov og en flot model som resultat.<\/p>","protected":false},"featured_media":7263,"comment_status":"open","ping_status":"closed","template":"","meta":[],"product_brand":[101],"product_cat":[59],"product_tag":[],"class_list":{"0":"post-7264","1":"product","2":"type-product","3":"status-publish","4":"has-post-thumbnail","6":"product_brand-airfix","7":"product_cat-militaer-til-lands","9":"first","10":"instock","11":"taxable","12":"shipping-taxable","13":"purchasable","14":"product-type-simple"},"_links":{"self":[{"href":"https:\/\/bigfunhobby.com\/da\/wp-json\/wp\/v2\/product\/7264","targetHints":{"allow":["GET"]}}],"collection":[{"href":"https:\/\/bigfunhobby.com\/da\/wp-json\/wp\/v2\/product"}],"about":[{"href":"https:\/\/bigfunhobby.com\/da\/wp-json\/wp\/v2\/types\/product"}],"replies":[{"embeddable":true,"href":"https:\/\/bigfunhobby.com\/da\/wp-json\/wp\/v2\/comments?post=7264"}],"wp:featuredmedia":[{"embeddable":true,"href":"https:\/\/bigfunhobby.com\/da\/wp-json\/wp\/v2\/media\/7263"}],"wp:attachment":[{"href":"https:\/\/bigfunhobby.com\/da\/wp-json\/wp\/v2\/media?parent=7264"}],"wp:term":[{"taxonomy":"product_brand","embeddable":true,"href":"https:\/\/bigfunhobby.com\/da\/wp-json\/wp\/v2\/product_brand?post=7264"},{"taxonomy":"product_cat","embeddable":true,"href":"https:\/\/bigfunhobby.com\/da\/wp-json\/wp\/v2\/product_cat?post=7264"},{"taxonomy":"product_tag","embeddable":true,"href":"https:\/\/bigfunhobby.com\/da\/wp-json\/wp\/v2\/product_tag?post=7264"}],"curies":[{"name":"wp","href":"https:\/\/api.w.org\/{rel}","templated":true}]}}