{"id":7268,"date":"2025-03-08T17:10:49","date_gmt":"2025-03-08T17:10:49","guid":{"rendered":"https:\/\/bigfunhobby.com\/butikk\/augusta-westland-merlin\/"},"modified":"2025-12-04T10:58:57","modified_gmt":"2025-12-04T08:58:57","slug":"augusta-westland-merlin","status":"publish","type":"product","link":"https:\/\/bigfunhobby.com\/da\/butikk\/augusta-westland-merlin\/","title":{"rendered":"Augusta Westland Merlin"},"content":{"rendered":"<p>Du har n\u00e5 muligheten til \u00e5 bygge din egen modell av det avanserte milit\u00e6re helikopteret Augusta Westland Merlin. Dette er et fantastisk byggesett for alle som er interessert i modellbygging, b\u00e5de for nybegynnere og erfarne entusiaster. <\/p>\n<p>Spesifikasjonene for Augusta Westland Merlin byggesettet er n\u00f8ye laget for \u00e5 gi en s\u00e5 autentisk opplevelse som mulig. Fra propellene til det intrikate interi\u00f8ret, vil dette byggesettet gi deg en detaljrik og realistisk modell. <\/p>\n<p>Byggesettet er laget av slitesterk plast og inkluderer alle deler og instruksjoner du trenger for \u00e5 bygge din egen Augusta Westland Merlin. Det er en flott mulighet til \u00e5 forbedre din teknikk og l\u00e6re mer om denne imponerende maskinen. <\/p>\n<p>Augusta Westland Merlin er kjent som en av de mest avanserte milit\u00e6re helikoptrene i verden. Med dette byggesettet kan du dykke dypere inn i historien og teknologien bak dette bemerkelsesverdige kj\u00f8ret\u00f8yet. <\/p>\n<p>Ikke vent lenger, bestill Augusta Westland Merlin byggesettet n\u00e5 og start ditt neste modellbyggingsprosjekt. Bli kjent med den fascinerende verdenen av modellbygging og nyt f\u00f8lelsen av \u00e5 bygge din egen skalamodell. <\/p>","protected":false},"excerpt":{"rendered":"<p>Augusta Westland Merlin er et detaljert byggesett av en av de mest avanserte milit\u00e6re helikoptrene. Perfekt for b\u00e5de nybegynnere og erfarne modellbyggere.<\/p>","protected":false},"featured_media":7267,"comment_status":"open","ping_status":"closed","template":"","meta":[],"product_brand":[101],"product_cat":[57],"product_tag":[],"class_list":{"0":"post-7268","1":"product","2":"type-product","3":"status-publish","4":"has-post-thumbnail","6":"product_brand-airfix","7":"product_cat-fly","9":"first","10":"outofstock","11":"taxable","12":"shipping-taxable","13":"purchasable","14":"product-type-simple"},"_links":{"self":[{"href":"https:\/\/bigfunhobby.com\/da\/wp-json\/wp\/v2\/product\/7268","targetHints":{"allow":["GET"]}}],"collection":[{"href":"https:\/\/bigfunhobby.com\/da\/wp-json\/wp\/v2\/product"}],"about":[{"href":"https:\/\/bigfunhobby.com\/da\/wp-json\/wp\/v2\/types\/product"}],"replies":[{"embeddable":true,"href":"https:\/\/bigfunhobby.com\/da\/wp-json\/wp\/v2\/comments?post=7268"}],"wp:featuredmedia":[{"embeddable":true,"href":"https:\/\/bigfunhobby.com\/da\/wp-json\/wp\/v2\/media\/7267"}],"wp:attachment":[{"href":"https:\/\/bigfunhobby.com\/da\/wp-json\/wp\/v2\/media?parent=7268"}],"wp:term":[{"taxonomy":"product_brand","embeddable":true,"href":"https:\/\/bigfunhobby.com\/da\/wp-json\/wp\/v2\/product_brand?post=7268"},{"taxonomy":"product_cat","embeddable":true,"href":"https:\/\/bigfunhobby.com\/da\/wp-json\/wp\/v2\/product_cat?post=7268"},{"taxonomy":"product_tag","embeddable":true,"href":"https:\/\/bigfunhobby.com\/da\/wp-json\/wp\/v2\/product_tag?post=7268"}],"curies":[{"name":"wp","href":"https:\/\/api.w.org\/{rel}","templated":true}]}}