{"id":7272,"date":"2025-03-08T17:10:49","date_gmt":"2025-03-08T17:10:49","guid":{"rendered":"https:\/\/bigfunhobby.com\/butikk\/churchill-mk-7\/"},"modified":"2025-12-04T10:58:57","modified_gmt":"2025-12-04T08:58:57","slug":"churchill-mk-7","status":"publish","type":"product","link":"https:\/\/bigfunhobby.com\/da\/butikk\/churchill-mk-7\/","title":{"rendered":"CHURCHILL MK 7"},"content":{"rendered":"<p>CHURCHILL MK 7 er en h\u00f8ykvalitets plastmodell som gir deg muligheten til \u00e5 bygge en autentisk skalamodell av den ikoniske britiske panservognen. Denne modellen er et ypperlig valg for b\u00e5de nybegynnere og erfarne modellbyggere.<\/p>\n<p>Detaljene p\u00e5 CHURCHILL MK 7 modellen er n\u00f8ye utformet for \u00e5 gjenspeile realisme og autentisitet. Med dette byggesettet kan du fordype deg i den fascinerende verden av modellbygging, og oppleve gleden ved \u00e5 sette sammen din egen skalamodell.<\/p>\n<ul>\n<li>Produktkategori: Plastmodell byggesett<\/li>\n<li>Produktnavn: CHURCHILL MK 7<\/li>\n<li>Detaljniv\u00e5: H\u00f8y<\/li>\n<\/ul>\n<p>Churchill MK7 var en viktig del av den britiske h\u00e6ren under andre verdenskrig. Ved \u00e5 bygge denne modellen, f\u00e5r du en dypere forst\u00e5else av historien bak denne bemerkelsesverdige panservognen.<\/p>\n<p>Enten du er en erfaren modellbygger p\u00e5 utkikk etter neste prosjekt, eller en nybegynner som er klar for \u00e5 ta steget inn i denne spennende hobbyen, er CHURCHILL MK 7 byggesettet et flott valg. Ikke vent, bestill din CHURCHILL MK 7 modell i dag, og begynn reisen inn i en verden av modellbygging!<\/p>","protected":false},"excerpt":{"rendered":"<p>CHURCHILL MK 7 er en detaljert plastmodell av det kjente britiske panservognen, perfekt for entusiaster av modellbygging og historieinteresserte.<\/p>","protected":false},"featured_media":7271,"comment_status":"open","ping_status":"closed","template":"","meta":[],"product_brand":[101],"product_cat":[59],"product_tag":[],"class_list":{"0":"post-7272","1":"product","2":"type-product","3":"status-publish","4":"has-post-thumbnail","6":"product_brand-airfix","7":"product_cat-militaer-til-lands","9":"first","10":"instock","11":"taxable","12":"shipping-taxable","13":"purchasable","14":"product-type-simple"},"_links":{"self":[{"href":"https:\/\/bigfunhobby.com\/da\/wp-json\/wp\/v2\/product\/7272","targetHints":{"allow":["GET"]}}],"collection":[{"href":"https:\/\/bigfunhobby.com\/da\/wp-json\/wp\/v2\/product"}],"about":[{"href":"https:\/\/bigfunhobby.com\/da\/wp-json\/wp\/v2\/types\/product"}],"replies":[{"embeddable":true,"href":"https:\/\/bigfunhobby.com\/da\/wp-json\/wp\/v2\/comments?post=7272"}],"wp:featuredmedia":[{"embeddable":true,"href":"https:\/\/bigfunhobby.com\/da\/wp-json\/wp\/v2\/media\/7271"}],"wp:attachment":[{"href":"https:\/\/bigfunhobby.com\/da\/wp-json\/wp\/v2\/media?parent=7272"}],"wp:term":[{"taxonomy":"product_brand","embeddable":true,"href":"https:\/\/bigfunhobby.com\/da\/wp-json\/wp\/v2\/product_brand?post=7272"},{"taxonomy":"product_cat","embeddable":true,"href":"https:\/\/bigfunhobby.com\/da\/wp-json\/wp\/v2\/product_cat?post=7272"},{"taxonomy":"product_tag","embeddable":true,"href":"https:\/\/bigfunhobby.com\/da\/wp-json\/wp\/v2\/product_tag?post=7272"}],"curies":[{"name":"wp","href":"https:\/\/api.w.org\/{rel}","templated":true}]}}