{"id":7291,"date":"2025-03-08T17:10:53","date_gmt":"2025-03-08T17:10:53","guid":{"rendered":"https:\/\/bigfunhobby.com\/butikk\/all-purpose-airbrush-blister\/"},"modified":"2025-12-04T10:58:57","modified_gmt":"2025-12-04T08:58:57","slug":"all-purpose-airbrush-blister","status":"publish","type":"product","link":"https:\/\/bigfunhobby.com\/da\/butikk\/all-purpose-airbrush-blister\/","title":{"rendered":"Airbrush til alle form\u00e5l (blisterpakning)"},"content":{"rendered":"<p>For deg som er ny innen modellbygging eller er en erfaren entusiast, presenterer vi v\u00e5r All purpose Airbrush. Denne rimelige fargespruten er ideell for b\u00e5de nybegynnere og erfarne modellbyggere som \u00f8nsker \u00e5 legge til det lille ekstra p\u00e5 modellene sine.<\/p>\n<p>Enten du jobber med treskipsmodeller, plastmodeller, modelljernbaner eller fjernstyrte kj\u00f8ret\u00f8y, gir denne airbrushen deg muligheten til \u00e5 spr\u00f8ytemale med ulike farger og v\u00e6sker. Du kan bruke den med Humbrol PowerPack drivgass eller en kompressor. Takket v\u00e6re sin allsidighet, er den et uunnv\u00e6rlig verkt\u00f8y i modellbyggingsarsenalet ditt.<\/p>\n<ul>\n<li>Allsidig airbrush for modellbygging<\/li>\n<li>Rimelig og ideell for b\u00e5de nybegynnere og erfarne entusiaster<\/li>\n<li>Kan brukes med ulike farger og v\u00e6sker<\/li>\n<li>Krever Humbrol PowerPack drivgass eller en kompressor<\/li>\n<\/ul>\n<p>\u00c5 legge til farge p\u00e5 dine modeller kan forvandle dem fra ordin\u00e6re byggesett til virkelighetsn\u00e6re miniatyrer. S\u00e5 hvorfor ikke pr\u00f8ve v\u00e5r All purpose Airbrush og se hvilken forskjell noen str\u00f8k med farge kan gj\u00f8re p\u00e5 dine modellprosjekter?<\/p>\n<p>Utforsk v\u00e5rt brede utvalg av modellbyggingsprodukter og finn det perfekte tilbeh\u00f8ret for ditt neste prosjekt. Kj\u00f8p din All purpose Airbrush i dag og ta dine modeller til et nytt niv\u00e5!<\/p>","protected":false},"excerpt":{"rendered":"<p>All purpose Airbrush er en rimelig fargespruter, optimal for nybegynnere innen modellbygging. Denne kan brukes med ulike farger og v\u00e6sker for \u00e5 skape liv i dine byggesett.<\/p>","protected":false},"featured_media":7290,"comment_status":"open","ping_status":"closed","template":"","meta":[],"product_brand":[102],"product_cat":[61],"product_tag":[],"class_list":{"0":"post-7291","1":"product","2":"type-product","3":"status-publish","4":"has-post-thumbnail","6":"product_brand-humbrol","7":"product_cat-malingsproyter-og-utstyr","9":"first","10":"outofstock","11":"taxable","12":"shipping-taxable","13":"purchasable","14":"product-type-simple"},"_links":{"self":[{"href":"https:\/\/bigfunhobby.com\/da\/wp-json\/wp\/v2\/product\/7291","targetHints":{"allow":["GET"]}}],"collection":[{"href":"https:\/\/bigfunhobby.com\/da\/wp-json\/wp\/v2\/product"}],"about":[{"href":"https:\/\/bigfunhobby.com\/da\/wp-json\/wp\/v2\/types\/product"}],"replies":[{"embeddable":true,"href":"https:\/\/bigfunhobby.com\/da\/wp-json\/wp\/v2\/comments?post=7291"}],"wp:featuredmedia":[{"embeddable":true,"href":"https:\/\/bigfunhobby.com\/da\/wp-json\/wp\/v2\/media\/7290"}],"wp:attachment":[{"href":"https:\/\/bigfunhobby.com\/da\/wp-json\/wp\/v2\/media?parent=7291"}],"wp:term":[{"taxonomy":"product_brand","embeddable":true,"href":"https:\/\/bigfunhobby.com\/da\/wp-json\/wp\/v2\/product_brand?post=7291"},{"taxonomy":"product_cat","embeddable":true,"href":"https:\/\/bigfunhobby.com\/da\/wp-json\/wp\/v2\/product_cat?post=7291"},{"taxonomy":"product_tag","embeddable":true,"href":"https:\/\/bigfunhobby.com\/da\/wp-json\/wp\/v2\/product_tag?post=7291"}],"curies":[{"name":"wp","href":"https:\/\/api.w.org\/{rel}","templated":true}]}}