{"id":7293,"date":"2025-03-08T17:10:53","date_gmt":"2025-03-08T17:10:53","guid":{"rendered":"https:\/\/bigfunhobby.com\/butikk\/the-kit-moddellers-tool-set-medium\/"},"modified":"2025-12-04T10:58:57","modified_gmt":"2025-12-04T08:58:57","slug":"kit-modellorernes-vaerktojssaet-medium","status":"publish","type":"product","link":"https:\/\/bigfunhobby.com\/da\/butikk\/the-kit-moddellers-tool-set-medium\/","title":{"rendered":"Kit-modell\u00f8rens v\u00e6rkt\u00f8jss\u00e6t medium"},"content":{"rendered":"<p>Medium \"The Kit modeller's Tool Set\" er et komplet v\u00e6rkt\u00f8jss\u00e6t, der er designet til modelbyggere p\u00e5 alle niveauer. Uanset om du er en nybegynder, der lige har opdaget gl\u00e6den ved at modellere, eller en erfaren entusiast, der er p\u00e5 udkig efter et nyt s\u00e6t v\u00e6rkt\u00f8jer, er dette produkt det perfekte valg for dig.<\/p>\n<p>Dette v\u00e6rkt\u00f8jss\u00e6t er ideelt til at bygge en lang r\u00e6kke modeller. Det indeholder alt, hvad du skal bruge til at arbejde med plastmodeller og skibsmodeller i tr\u00e6 samt modeljernbaner og fjernstyrede k\u00f8ret\u00f8jer. Hver eneste del i dette s\u00e6t er fremstillet med h\u00f8j pr\u00e6cision for at garantere kvalitet i alle detaljer af din modelbygning.<\/p>\n<ul>\n<li>Perfekt til b\u00e5de begyndere og erfarne modelbyggere<\/li>\n<li>Komplet v\u00e6rkt\u00f8jss\u00e6t til bygning af plastmodeller, tr\u00e6skibsmodeller, modeljernbaner og fjernstyrede k\u00f8ret\u00f8jer<\/li>\n<li>Pr\u00e6cision og kvalitet i hvert eneste v\u00e6rkt\u00f8j<\/li>\n<\/ul>\n<p>Modelbygning er en kunst, der har eksisteret i mange \u00e5r. Fra de tidligste modeller af tr\u00e6skibe til moderne plastikmodeller og modeljernbaner har folk altid v\u00e6ret fascineret af at skabe miniatureudgaver af virkeligheden. Med \"The Kit modeller's Tool Set\" kan du blive en del af denne rige tradition og skabe dine egne mesterv\u00e6rker.<\/p>\n<p>Tag din modelbygning til det n\u00e6ste niveau med 'The Kit modeller's Tool Set'. K\u00f8b det her, og tag det f\u00f8rste skridt mod at skabe din egen miniatureverden.<\/p>","protected":false},"excerpt":{"rendered":"<p>Medium 'The Kit modeller's Tool Set' er et ideelt v\u00e6rkt\u00f8jss\u00e6t til b\u00e5de begyndere og erfarne modelbygningsentusiaster. S\u00e6ttet indeholder alle de n\u00f8dvendige v\u00e6rkt\u00f8jer til at bygge plastikmodeller, tr\u00e6skibe, modeljernbaner og fjernstyrede k\u00f8ret\u00f8jer.<\/p>","protected":false},"featured_media":7292,"comment_status":"open","ping_status":"closed","template":"","meta":[],"product_brand":[102],"product_cat":[58],"product_tag":[],"class_list":{"0":"post-7293","1":"product","2":"type-product","3":"status-publish","4":"has-post-thumbnail","6":"product_brand-humbrol","7":"product_cat-verktoy","9":"first","10":"outofstock","11":"taxable","12":"shipping-taxable","13":"purchasable","14":"product-type-simple"},"_links":{"self":[{"href":"https:\/\/bigfunhobby.com\/da\/wp-json\/wp\/v2\/product\/7293","targetHints":{"allow":["GET"]}}],"collection":[{"href":"https:\/\/bigfunhobby.com\/da\/wp-json\/wp\/v2\/product"}],"about":[{"href":"https:\/\/bigfunhobby.com\/da\/wp-json\/wp\/v2\/types\/product"}],"replies":[{"embeddable":true,"href":"https:\/\/bigfunhobby.com\/da\/wp-json\/wp\/v2\/comments?post=7293"}],"wp:featuredmedia":[{"embeddable":true,"href":"https:\/\/bigfunhobby.com\/da\/wp-json\/wp\/v2\/media\/7292"}],"wp:attachment":[{"href":"https:\/\/bigfunhobby.com\/da\/wp-json\/wp\/v2\/media?parent=7293"}],"wp:term":[{"taxonomy":"product_brand","embeddable":true,"href":"https:\/\/bigfunhobby.com\/da\/wp-json\/wp\/v2\/product_brand?post=7293"},{"taxonomy":"product_cat","embeddable":true,"href":"https:\/\/bigfunhobby.com\/da\/wp-json\/wp\/v2\/product_cat?post=7293"},{"taxonomy":"product_tag","embeddable":true,"href":"https:\/\/bigfunhobby.com\/da\/wp-json\/wp\/v2\/product_tag?post=7293"}],"curies":[{"name":"wp","href":"https:\/\/api.w.org\/{rel}","templated":true}]}}