{"id":7299,"date":"2025-03-08T17:10:54","date_gmt":"2025-03-08T17:10:54","guid":{"rendered":"https:\/\/bigfunhobby.com\/butikk\/airbrush-propellant-400ml\/"},"modified":"2025-12-04T10:58:57","modified_gmt":"2025-12-04T08:58:57","slug":"airbrush-drivmiddel-400-ml","status":"publish","type":"product","link":"https:\/\/bigfunhobby.com\/da\/butikk\/airbrush-propellant-400ml\/","title":{"rendered":"Airbrush-drivmiddel 400 ml"},"content":{"rendered":"<p>Med Airbrush Propellant 400 ml kan du tage din modellering til nye h\u00f8jder. Det er en d\u00e5se med komprimeret drivgas, som g\u00f8r, at du kan bruge din airbrush eller malerspr\u00f8jte uden at v\u00e6re afh\u00e6ngig af en kompressor. Det er et ideelt produkt til b\u00e5de begyndere og erfarne modelbyggere.<\/p>\n<p><strong>Specifikationer:<\/strong><\/p>\n<ul>\n<li>Indeholder 400 ml komprimeret drivmiddel<\/li>\n<li>Velegnet til airbrush og farvespr\u00f8jter<\/li>\n<li>Uafh\u00e6ngig af kompressor<\/li>\n<\/ul>\n<p>Drivmidlet af h\u00f8j kvalitet sikrer en glat og j\u00e6vn p\u00e5f\u00f8ring af farve p\u00e5 dine modeller, uanset om det er tr\u00e6skibsmodeller, plastikmodeller eller modeljernbaner. Med denne praktiske dunk med drivmiddel kan du arbejde hvor som helst og n\u00e5r som helst.<\/p>\n<p>Modelbygning har en lang historie og er en hobby, der har gl\u00e6det b\u00e5de b\u00f8rn og voksne i generationer. Med de rigtige v\u00e6rkt\u00f8jer og hj\u00e6lpemidler som Airbrush Propellant er det endnu nemmere at skabe realistiske og detaljerede modeller.<\/p>\n<p>Lad ikke noget st\u00e5 i vejen for din modelbygning. Bestil din Airbrush Propellant 400 ml i dag, og tag din hobby til nye h\u00f8jder!<\/p>","protected":false},"excerpt":{"rendered":"<p>Airbrush Propellant 400 ml er et komprimeret drivmiddel i en d\u00e5se, perfekt til at bruge din airbrush\/farvespr\u00f8jte uden behov for en kompressor. En n\u00f8dvendighed for alle modelbyggere.<\/p>","protected":false},"featured_media":7298,"comment_status":"open","ping_status":"closed","template":"","meta":[],"product_brand":[102],"product_cat":[61],"product_tag":[],"class_list":{"0":"post-7299","1":"product","2":"type-product","3":"status-publish","4":"has-post-thumbnail","6":"product_brand-humbrol","7":"product_cat-malingsproyter-og-utstyr","9":"first","10":"outofstock","11":"taxable","12":"shipping-taxable","13":"purchasable","14":"product-type-simple"},"_links":{"self":[{"href":"https:\/\/bigfunhobby.com\/da\/wp-json\/wp\/v2\/product\/7299","targetHints":{"allow":["GET"]}}],"collection":[{"href":"https:\/\/bigfunhobby.com\/da\/wp-json\/wp\/v2\/product"}],"about":[{"href":"https:\/\/bigfunhobby.com\/da\/wp-json\/wp\/v2\/types\/product"}],"replies":[{"embeddable":true,"href":"https:\/\/bigfunhobby.com\/da\/wp-json\/wp\/v2\/comments?post=7299"}],"wp:featuredmedia":[{"embeddable":true,"href":"https:\/\/bigfunhobby.com\/da\/wp-json\/wp\/v2\/media\/7298"}],"wp:attachment":[{"href":"https:\/\/bigfunhobby.com\/da\/wp-json\/wp\/v2\/media?parent=7299"}],"wp:term":[{"taxonomy":"product_brand","embeddable":true,"href":"https:\/\/bigfunhobby.com\/da\/wp-json\/wp\/v2\/product_brand?post=7299"},{"taxonomy":"product_cat","embeddable":true,"href":"https:\/\/bigfunhobby.com\/da\/wp-json\/wp\/v2\/product_cat?post=7299"},{"taxonomy":"product_tag","embeddable":true,"href":"https:\/\/bigfunhobby.com\/da\/wp-json\/wp\/v2\/product_tag?post=7299"}],"curies":[{"name":"wp","href":"https:\/\/api.w.org\/{rel}","templated":true}]}}