{"id":7301,"date":"2025-03-08T17:10:55","date_gmt":"2025-03-08T17:10:55","guid":{"rendered":"https:\/\/bigfunhobby.com\/butikk\/cutting-mat-a4-rod\/"},"modified":"2025-12-04T10:58:57","modified_gmt":"2025-12-04T08:58:57","slug":"skaerematte-a4-stang","status":"publish","type":"product","link":"https:\/\/bigfunhobby.com\/da\/butikk\/cutting-mat-a4-rod\/","title":{"rendered":"Sk\u00e6rem\u00e5tte A4, r\u00f8d"},"content":{"rendered":"<p>Vores sk\u00e6rem\u00e5tte A4 i r\u00f8d er et uundv\u00e6rligt v\u00e6rkt\u00f8j for alle, der er involveret i modelbygning, uanset om du er nybegynder eller en erfaren entusiast. Denne sk\u00e6rem\u00e5tte giver en robust og sikker overflade til at sk\u00e6re detaljer ud til bygges\u00e6t, tr\u00e6skibsmodeller, plastmodeller og meget mere.<\/p>\n<p><strong>Specifikationer:<\/strong><\/p>\n<ul>\n<li>St\u00f8rrelse: A4<\/li>\n<li>Farve: R\u00f8d<\/li>\n<\/ul>\n<p>M\u00e5tten er lavet af et slidst\u00e6rkt materiale, der kan modst\u00e5 skarpe knive og sk\u00e6rev\u00e6rkt\u00f8jer og samtidig beskytte din arbejdsflade. Det r\u00f8de design giver god kontrast, hvilket g\u00f8r det lettere at se detaljer, n\u00e5r man arbejder med sm\u00e5 dele.<\/p>\n<p>At bruge en sk\u00e6rem\u00e5tte er en gammel praksis inden for modellering. Den giver et sikkert og praktisk arbejdsomr\u00e5de og er en investering i kvaliteten og pr\u00e6cisionen af dit arbejde. Uanset om du laver en plastikmodel, et skibss\u00e6t i tr\u00e6, en modeljernbane eller et fjernstyret k\u00f8ret\u00f8j, vil denne sk\u00e6rem\u00e5tte v\u00e6re et uvurderligt v\u00e6rkt\u00f8j.<\/p>\n<p>G\u00e5 p\u00e5 opdagelse i vores store udvalg af modelleringsudstyr, og bestil din Cutting mat A4 i r\u00f8d i dag. Tag din modellering til det n\u00e6ste niveau med det rigtige udstyr!<\/p>","protected":false},"excerpt":{"rendered":"<p>Sk\u00e6rem\u00e5tte A4 i r\u00f8d er et uundv\u00e6rligt v\u00e6rkt\u00f8j til modellering. Den beskytter din arbejdsflade og holder dine modeller sikre, mens du arbejder.<\/p>","protected":false},"featured_media":7300,"comment_status":"open","ping_status":"closed","template":"","meta":[],"product_brand":[102],"product_cat":[58],"product_tag":[],"class_list":{"0":"post-7301","1":"product","2":"type-product","3":"status-publish","4":"has-post-thumbnail","6":"product_brand-humbrol","7":"product_cat-verktoy","9":"first","10":"instock","11":"taxable","12":"shipping-taxable","13":"purchasable","14":"product-type-simple"},"_links":{"self":[{"href":"https:\/\/bigfunhobby.com\/da\/wp-json\/wp\/v2\/product\/7301","targetHints":{"allow":["GET"]}}],"collection":[{"href":"https:\/\/bigfunhobby.com\/da\/wp-json\/wp\/v2\/product"}],"about":[{"href":"https:\/\/bigfunhobby.com\/da\/wp-json\/wp\/v2\/types\/product"}],"replies":[{"embeddable":true,"href":"https:\/\/bigfunhobby.com\/da\/wp-json\/wp\/v2\/comments?post=7301"}],"wp:featuredmedia":[{"embeddable":true,"href":"https:\/\/bigfunhobby.com\/da\/wp-json\/wp\/v2\/media\/7300"}],"wp:attachment":[{"href":"https:\/\/bigfunhobby.com\/da\/wp-json\/wp\/v2\/media?parent=7301"}],"wp:term":[{"taxonomy":"product_brand","embeddable":true,"href":"https:\/\/bigfunhobby.com\/da\/wp-json\/wp\/v2\/product_brand?post=7301"},{"taxonomy":"product_cat","embeddable":true,"href":"https:\/\/bigfunhobby.com\/da\/wp-json\/wp\/v2\/product_cat?post=7301"},{"taxonomy":"product_tag","embeddable":true,"href":"https:\/\/bigfunhobby.com\/da\/wp-json\/wp\/v2\/product_tag?post=7301"}],"curies":[{"name":"wp","href":"https:\/\/api.w.org\/{rel}","templated":true}]}}