{"id":7305,"date":"2025-03-08T17:10:56","date_gmt":"2025-03-08T17:10:56","guid":{"rendered":"https:\/\/bigfunhobby.com\/butikk\/mr-johns-hobbylim-100ml\/"},"modified":"2025-12-04T10:58:57","modified_gmt":"2025-12-04T08:58:57","slug":"mr-johns-hobbylim-100ml","status":"publish","type":"product","link":"https:\/\/bigfunhobby.com\/da\/butikk\/mr-johns-hobbylim-100ml\/","title":{"rendered":"MR. JOHN\u00b4S HOBBYLIM 100ML"},"content":{"rendered":"<p>Mr. John&#8217;s Hobbylim 100ml er det perfekte verkt\u00f8yet for alle dine modellbyggingsprosjekter. Dette vannbaserte limet er ideelt for \u00e5 jobbe med en rekke materialer, inkludert stein, tre, papir, papp, kartong, keramikk og filt.<\/p>\n<p>Med sin lette fleksibilitet, gir hobbylimet en solid og holdbar limfuge som t\u00f8rker klart. Dette gj\u00f8r det til et ideelt valg for b\u00e5de treskipsmodeller og plastmodeller, da det gir et rent og profesjonelt utseende. <\/p>\n<p>Enten du er en erfaren modellbygger, eller en nybegynner som er ivrig etter \u00e5 komme i gang, vil Mr. John&#8217;s Hobbylim gi deg resultater du kan v\u00e6re stolt av. Det er ogs\u00e5 ypperlig for modelljernbaneentusiaster, da det hjelper deg med \u00e5 skape robuste og detaljerte skalamodeller.<\/p>\n<p>\u00c5 jobbe med Mr. John&#8217;s Hobbylim er enkelt og greit. Bare p\u00e5f\u00f8r limet p\u00e5 de omr\u00e5dene du vil binde sammen, vent p\u00e5 at det skal t\u00f8rke, og se hvordan dine byggesett tar form.<\/p>\n<p>S\u00e5 hvorfor vente? Ta modellbyggingen til det neste niv\u00e5et med Mr. John&#8217;s Hobbylim 100ml. Bestill n\u00e5 og opplev forskjellen selv.<\/p>","protected":false},"excerpt":{"rendered":"<p>Mr. John&#8217;s Hobbylim 100ml er et vannbasert lim egnet for alle dine modellbyggingsbehov. Den gir en lett fleksibel limfuge som t\u00f8rker klart.<\/p>","protected":false},"featured_media":7304,"comment_status":"open","ping_status":"closed","template":"","meta":[],"product_brand":[],"product_cat":[58],"product_tag":[],"class_list":{"0":"post-7305","1":"product","2":"type-product","3":"status-publish","4":"has-post-thumbnail","6":"product_cat-verktoy","8":"first","9":"outofstock","10":"taxable","11":"shipping-taxable","12":"purchasable","13":"product-type-simple"},"_links":{"self":[{"href":"https:\/\/bigfunhobby.com\/da\/wp-json\/wp\/v2\/product\/7305","targetHints":{"allow":["GET"]}}],"collection":[{"href":"https:\/\/bigfunhobby.com\/da\/wp-json\/wp\/v2\/product"}],"about":[{"href":"https:\/\/bigfunhobby.com\/da\/wp-json\/wp\/v2\/types\/product"}],"replies":[{"embeddable":true,"href":"https:\/\/bigfunhobby.com\/da\/wp-json\/wp\/v2\/comments?post=7305"}],"wp:featuredmedia":[{"embeddable":true,"href":"https:\/\/bigfunhobby.com\/da\/wp-json\/wp\/v2\/media\/7304"}],"wp:attachment":[{"href":"https:\/\/bigfunhobby.com\/da\/wp-json\/wp\/v2\/media?parent=7305"}],"wp:term":[{"taxonomy":"product_brand","embeddable":true,"href":"https:\/\/bigfunhobby.com\/da\/wp-json\/wp\/v2\/product_brand?post=7305"},{"taxonomy":"product_cat","embeddable":true,"href":"https:\/\/bigfunhobby.com\/da\/wp-json\/wp\/v2\/product_cat?post=7305"},{"taxonomy":"product_tag","embeddable":true,"href":"https:\/\/bigfunhobby.com\/da\/wp-json\/wp\/v2\/product_tag?post=7305"}],"curies":[{"name":"wp","href":"https:\/\/api.w.org\/{rel}","templated":true}]}}