{"id":7321,"date":"2025-03-08T17:10:59","date_gmt":"2025-03-08T17:10:59","guid":{"rendered":"https:\/\/bigfunhobby.com\/butikk\/140-colin-archer\/"},"modified":"2026-02-09T18:25:46","modified_gmt":"2026-02-09T16:25:46","slug":"140-colin-archer","status":"publish","type":"product","link":"https:\/\/bigfunhobby.com\/da\/butikk\/140-colin-archer\/","title":{"rendered":"1:40 Colin Archer"},"content":{"rendered":"<p>Dette s\u00e6t giver dig mulighed for at bygge din egen version af den ber\u00f8mte Colin Archer tr\u00e6skibsmodel i skala 1:40. Med sin unikke historie og sit anerkendte design er dette en stor oplevelse for alle modelbygningsentusiaster.<\/p>\n<p><strong>Produktspecifikationer:<\/strong><\/p>\n<ul>\n<li>Skala: 1\/40<\/li>\n<li>Sv\u00e6rhedsgrad: Begynder<\/li>\n<li>L\u00e6ngde: 47,5 cm<\/li>\n<li>Bredde: 12,5 cm<\/li>\n<li>H\u00f8jde: 50 cm<\/li>\n<\/ul>\n<p>Modellen leveres med lasersk\u00e5rne tr\u00e6dele og andre detaljer i passende materialer. Lim, v\u00e6rkt\u00f8j og lak\/maling skal k\u00f8bes separat.<\/p>\n<p>RS1, som senere blev omd\u00f8bt til Colin Archer, blev bygget i 1893 p\u00e5 Colin Archer-v\u00e6rftet i Rekkevig n\u00e6r Larvik. Det fungerede i 40 \u00e5r som redningsskib, f\u00f8r det blev solgt til private ejere i 1933. Skibet har en rig historie, herunder en Atlanterhavskrydsning og flere ejerskifter, f\u00f8r det endelig blev doneret til Norsk Maritimt Museum i Oslo i 1972.<\/p>\n<p>Uanset om du er en erfaren modelbygger eller en nybegynder i hobbyen, vil du finde gl\u00e6de ved at bygge dette tr\u00e6skib. Tr\u00e6d ind i modelleringens verden, og oplev gl\u00e6den ved at skabe noget med dine egne h\u00e6nder. <strong>Bestil dit Colin Archer-s\u00e6t i dag!<\/strong><\/p>","protected":false},"excerpt":{"rendered":"<p>Colin Archer tr\u00e6skibsmodels\u00e6t i skala 1:40, perfekt til begyndere inden for modelbygning. Komplet med lasersk\u00e5rne tr\u00e6dele og detaljer.<\/p>","protected":false},"featured_media":7320,"comment_status":"open","ping_status":"closed","template":"","meta":[],"product_brand":[96],"product_cat":[53],"product_tag":[],"class_list":{"0":"post-7321","1":"product","2":"type-product","3":"status-publish","4":"has-post-thumbnail","6":"product_brand-billing-boats","7":"product_cat-bater-billing-boats","9":"first","10":"instock","11":"taxable","12":"shipping-taxable","13":"purchasable","14":"product-type-simple"},"_links":{"self":[{"href":"https:\/\/bigfunhobby.com\/da\/wp-json\/wp\/v2\/product\/7321","targetHints":{"allow":["GET"]}}],"collection":[{"href":"https:\/\/bigfunhobby.com\/da\/wp-json\/wp\/v2\/product"}],"about":[{"href":"https:\/\/bigfunhobby.com\/da\/wp-json\/wp\/v2\/types\/product"}],"replies":[{"embeddable":true,"href":"https:\/\/bigfunhobby.com\/da\/wp-json\/wp\/v2\/comments?post=7321"}],"wp:featuredmedia":[{"embeddable":true,"href":"https:\/\/bigfunhobby.com\/da\/wp-json\/wp\/v2\/media\/7320"}],"wp:attachment":[{"href":"https:\/\/bigfunhobby.com\/da\/wp-json\/wp\/v2\/media?parent=7321"}],"wp:term":[{"taxonomy":"product_brand","embeddable":true,"href":"https:\/\/bigfunhobby.com\/da\/wp-json\/wp\/v2\/product_brand?post=7321"},{"taxonomy":"product_cat","embeddable":true,"href":"https:\/\/bigfunhobby.com\/da\/wp-json\/wp\/v2\/product_cat?post=7321"},{"taxonomy":"product_tag","embeddable":true,"href":"https:\/\/bigfunhobby.com\/da\/wp-json\/wp\/v2\/product_tag?post=7321"}],"curies":[{"name":"wp","href":"https:\/\/api.w.org\/{rel}","templated":true}]}}