{"id":7337,"date":"2025-03-08T17:11:03","date_gmt":"2025-03-08T17:11:03","guid":{"rendered":"https:\/\/bigfunhobby.com\/butikk\/165-bluenose\/"},"modified":"2025-12-04T10:58:59","modified_gmt":"2025-12-04T08:58:59","slug":"165-bluenose","status":"publish","type":"product","link":"https:\/\/bigfunhobby.com\/da\/butikk\/165-bluenose\/","title":{"rendered":"1:65 BLUENOSE"},"content":{"rendered":"<p>Dette byggesettet av skonnerten Bluenose er en fantastisk treskipsmodell i 1:65 skala, perfekt for alle entusiaster av modellbygging. Byggesettet gir deg muligheten til \u00e5 gjenoppleve sj\u00f8fartens historie, og skape din egen modell av dette ikoniske skipet.<\/p>\n<ul>\n<li>Produkttype: Treskipsmodell byggesett<\/li>\n<li>Skala: 1:65<\/li>\n<li>Modell: Skonnerten Bluenose<\/li>\n<\/ul>\n<p>Bluenose ble bygget for fiskeri ved New Foundland i 1921, men viste seg snart \u00e5 v\u00e6re s\u00e5 hurtig at den vant hvert eneste av de store klassiske seilasene ved USA&#8217;s \u00f8stkyst. Dette ekstraordin\u00e6re skipet, som ble bygget i Nova Scotia, holdt sin posisjon i sj\u00f8fartens og seilsportens historie frem til det forliste ved Haiti i 1946.<\/p>\n<p>Byggesettet gir deg mulighet til \u00e5 sette sammen din egen versjon av dette ber\u00f8mte seilskipet, med n\u00f8ye detaljer og h\u00f8y kvalitet. Enten du er en erfaren modellbygger eller en ivrig nybegynner, vil dette byggesettet gi deg mange timer med kreativ moro.<\/p>\n<p>Ikke vent, begynn din modellbyggingseventyr i dag. Kj\u00f8p 1:65 BLUENOSE treskipsmodell byggesett her og ta del i sj\u00f8fartens historie.<\/p>","protected":false},"excerpt":{"rendered":"<p>Byggesettet 1:65 BLUENOSE er en autentisk treskipsmodell av den legendariske skonnerten Bluenose, kjent for sin enest\u00e5ende fart og seier i store seilaser.<\/p>","protected":false},"featured_media":7336,"comment_status":"open","ping_status":"closed","template":"","meta":[],"product_brand":[96],"product_cat":[53],"product_tag":[],"class_list":{"0":"post-7337","1":"product","2":"type-product","3":"status-publish","4":"has-post-thumbnail","6":"product_brand-billing-boats","7":"product_cat-bater-billing-boats","9":"first","10":"instock","11":"taxable","12":"shipping-taxable","13":"purchasable","14":"product-type-simple"},"_links":{"self":[{"href":"https:\/\/bigfunhobby.com\/da\/wp-json\/wp\/v2\/product\/7337","targetHints":{"allow":["GET"]}}],"collection":[{"href":"https:\/\/bigfunhobby.com\/da\/wp-json\/wp\/v2\/product"}],"about":[{"href":"https:\/\/bigfunhobby.com\/da\/wp-json\/wp\/v2\/types\/product"}],"replies":[{"embeddable":true,"href":"https:\/\/bigfunhobby.com\/da\/wp-json\/wp\/v2\/comments?post=7337"}],"wp:featuredmedia":[{"embeddable":true,"href":"https:\/\/bigfunhobby.com\/da\/wp-json\/wp\/v2\/media\/7336"}],"wp:attachment":[{"href":"https:\/\/bigfunhobby.com\/da\/wp-json\/wp\/v2\/media?parent=7337"}],"wp:term":[{"taxonomy":"product_brand","embeddable":true,"href":"https:\/\/bigfunhobby.com\/da\/wp-json\/wp\/v2\/product_brand?post=7337"},{"taxonomy":"product_cat","embeddable":true,"href":"https:\/\/bigfunhobby.com\/da\/wp-json\/wp\/v2\/product_cat?post=7337"},{"taxonomy":"product_tag","embeddable":true,"href":"https:\/\/bigfunhobby.com\/da\/wp-json\/wp\/v2\/product_tag?post=7337"}],"curies":[{"name":"wp","href":"https:\/\/api.w.org\/{rel}","templated":true}]}}