{"id":7343,"date":"2025-03-08T17:11:04","date_gmt":"2025-03-08T17:11:04","guid":{"rendered":"https:\/\/bigfunhobby.com\/butikk\/hobbysag\/"},"modified":"2025-12-04T10:58:59","modified_gmt":"2025-12-04T08:58:59","slug":"hobbysag","status":"publish","type":"product","link":"https:\/\/bigfunhobby.com\/da\/butikk\/hobbysag\/","title":{"rendered":"Hobby-kuffert"},"content":{"rendered":"<p>V\u00e5rt hobbysag er et ideelt verkt\u00f8y for alle entusiaster av modellbygging, uansett om du er nybegynner eller erfaren. Dette robuste og praktiske verkt\u00f8yet er perfekt til figursaging i b\u00e5de tre og metall, noe som gj\u00f8r det til et uunnv\u00e6rlig element i verkstedet ditt.<\/p>\n<p>Med sin enkle bladbyttefunksjon, sparer hobbysagen deg for tid og krefter. Du kan raskt og enkelt skifte mellom forskjellige bladtyper, slik at du alltid har det riktige verkt\u00f8yet for jobben<\/p>\n<ul>\n<li>Perfekt for figursaging i tre og metall<\/li>\n<li>Enkel \u00e5 bruke, ideell for b\u00e5de nybegynnere og erfarne modellbyggere<\/li>\n<li>Rask og enkel bladbyttefunksjon<\/li>\n<\/ul>\n<p>Uansett om du jobber med treskipsmodeller, plastmodeller, modelljernbanebyggesett eller noe annet, vil v\u00e5r hobbysag gi deg den presisjonen og fleksibiliteten du trenger.<\/p>\n<p>Siden oppstarten av modellbygging har hobbysager v\u00e6rt et viktig verkt\u00f8y for \u00e5 oppn\u00e5 det detaljniv\u00e5et og den skalaen som kreves. V\u00e5r hobbysag opprettholder denne tradisjonen, samtidig som det gir moderne brukervennlighet og holdbarhet.<\/p>\n<p>S\u00e5 ikke vent, forbedre din modellbyggingsopplevelse med v\u00e5r hobbysag. Kj\u00f8p her og ta ditt byggesett til neste niv\u00e5!<\/p>","protected":false},"excerpt":{"rendered":"<p>Hobbysag til figursaging i tre og metall, perfekt for alle modellbyggere med enkel bladbyttefunksjon.<\/p>","protected":false},"featured_media":7342,"comment_status":"open","ping_status":"closed","template":"","meta":[],"product_brand":[],"product_cat":[58],"product_tag":[],"class_list":{"0":"post-7343","1":"product","2":"type-product","3":"status-publish","4":"has-post-thumbnail","6":"product_cat-verktoy","8":"first","9":"outofstock","10":"taxable","11":"shipping-taxable","12":"purchasable","13":"product-type-simple"},"_links":{"self":[{"href":"https:\/\/bigfunhobby.com\/da\/wp-json\/wp\/v2\/product\/7343","targetHints":{"allow":["GET"]}}],"collection":[{"href":"https:\/\/bigfunhobby.com\/da\/wp-json\/wp\/v2\/product"}],"about":[{"href":"https:\/\/bigfunhobby.com\/da\/wp-json\/wp\/v2\/types\/product"}],"replies":[{"embeddable":true,"href":"https:\/\/bigfunhobby.com\/da\/wp-json\/wp\/v2\/comments?post=7343"}],"wp:featuredmedia":[{"embeddable":true,"href":"https:\/\/bigfunhobby.com\/da\/wp-json\/wp\/v2\/media\/7342"}],"wp:attachment":[{"href":"https:\/\/bigfunhobby.com\/da\/wp-json\/wp\/v2\/media?parent=7343"}],"wp:term":[{"taxonomy":"product_brand","embeddable":true,"href":"https:\/\/bigfunhobby.com\/da\/wp-json\/wp\/v2\/product_brand?post=7343"},{"taxonomy":"product_cat","embeddable":true,"href":"https:\/\/bigfunhobby.com\/da\/wp-json\/wp\/v2\/product_cat?post=7343"},{"taxonomy":"product_tag","embeddable":true,"href":"https:\/\/bigfunhobby.com\/da\/wp-json\/wp\/v2\/product_tag?post=7343"}],"curies":[{"name":"wp","href":"https:\/\/api.w.org\/{rel}","templated":true}]}}