{"id":7355,"date":"2025-03-08T17:11:07","date_gmt":"2025-03-08T17:11:07","guid":{"rendered":"https:\/\/bigfunhobby.com\/butikk\/billing-boats-catalogue-2015-16-68-pages-uk-de\/"},"modified":"2026-01-19T09:50:22","modified_gmt":"2026-01-19T07:50:22","slug":"billing-boats-catalogue-2015-16-68-pages-uk-de","status":"publish","type":"product","link":"https:\/\/bigfunhobby.com\/da\/butikk\/billing-boats-catalogue-2015-16-68-pages-uk-de\/","title":{"rendered":"BILLING BOATS CATALOGUE 2015\/16- 68 PAGES UK-DE"},"content":{"rendered":"<p>Dykke ned i verden av modellbygging med Billing Boats katalog for 2015\/16. Denne katalogen p\u00e5 68 sider er fylt med inspirasjon og informasjon om deres brede utvalg av modellbyggesett. Uavhengig av om du er en nybegynner eller en erfaren entusiast, vil du finne noe som fanger din interesse.<\/p>\n<p>Katalogen presenterer en rekke forskjellige byggesett, fra detaljerte treskipsmodeller til intrikate plastmodeller. Hvert byggesett er presentert med detaljerte spesifikasjoner og bilder, noe som gir deg en god forst\u00e5else av hva hvert prosjekt vil inneb\u00e6re.<\/p>\n<p>Billing Boats er kjent for sine h\u00f8ykvalitets byggesett. Hvert sett er designet med stor oppmerksomhet p\u00e5 detaljer, og de bruker kun de beste materialene for \u00e5 sikre at din modell vil v\u00e6re et stykke kunstverk du kan v\u00e6re stolt av.<\/p>\n<p>Denne katalogen er ikke bare et praktisk verkt\u00f8y for \u00e5 velge ditt neste byggesett, men ogs\u00e5 en kilde til inspirasjon. Med et bredt spekter av modeller presentert, fra historiske skip til moderne fart\u00f8y, vil du f\u00e5 mange ideer til dine fremtidige prosjekter.<\/p>\n<p>S\u00e5 uansett om du er interessert i modelljernbane, skalamodeller, treskipsmodeller eller noe annet innen modellbygging, er denne katalogen et must for deg. Ikke vent, start ditt neste modellbyggeprosjekt i dag ved \u00e5 bestille Billing Boats katalogen n\u00e5.<\/p>","protected":false},"excerpt":{"rendered":"<p>Utforsk den komplette samlingen av Billing Boats modellbyggesett i deres katalog for 2015\/16, med 68 sider fylt med detaljer og inspirasjon for alle entusiaster.<\/p>","protected":false},"featured_media":7354,"comment_status":"open","ping_status":"closed","template":"","meta":[],"product_brand":[96],"product_cat":[53],"product_tag":[],"class_list":{"0":"post-7355","1":"product","2":"type-product","3":"status-publish","4":"has-post-thumbnail","6":"product_brand-billing-boats","7":"product_cat-bater-billing-boats","9":"first","10":"outofstock","11":"taxable","12":"shipping-taxable","13":"purchasable","14":"product-type-simple"},"_links":{"self":[{"href":"https:\/\/bigfunhobby.com\/da\/wp-json\/wp\/v2\/product\/7355","targetHints":{"allow":["GET"]}}],"collection":[{"href":"https:\/\/bigfunhobby.com\/da\/wp-json\/wp\/v2\/product"}],"about":[{"href":"https:\/\/bigfunhobby.com\/da\/wp-json\/wp\/v2\/types\/product"}],"replies":[{"embeddable":true,"href":"https:\/\/bigfunhobby.com\/da\/wp-json\/wp\/v2\/comments?post=7355"}],"wp:featuredmedia":[{"embeddable":true,"href":"https:\/\/bigfunhobby.com\/da\/wp-json\/wp\/v2\/media\/7354"}],"wp:attachment":[{"href":"https:\/\/bigfunhobby.com\/da\/wp-json\/wp\/v2\/media?parent=7355"}],"wp:term":[{"taxonomy":"product_brand","embeddable":true,"href":"https:\/\/bigfunhobby.com\/da\/wp-json\/wp\/v2\/product_brand?post=7355"},{"taxonomy":"product_cat","embeddable":true,"href":"https:\/\/bigfunhobby.com\/da\/wp-json\/wp\/v2\/product_cat?post=7355"},{"taxonomy":"product_tag","embeddable":true,"href":"https:\/\/bigfunhobby.com\/da\/wp-json\/wp\/v2\/product_tag?post=7355"}],"curies":[{"name":"wp","href":"https:\/\/api.w.org\/{rel}","templated":true}]}}