{"id":7387,"date":"2025-03-08T17:11:13","date_gmt":"2025-03-08T17:11:13","guid":{"rendered":"https:\/\/bigfunhobby.com\/butikk\/130-white-star-plastic-hull\/"},"modified":"2025-12-04T10:59:01","modified_gmt":"2025-12-04T08:59:01","slug":"130-white-star-plastic-hull","status":"publish","type":"product","link":"https:\/\/bigfunhobby.com\/da\/butikk\/130-white-star-plastic-hull\/","title":{"rendered":"1:30 WHITE STAR &#8211; PLASTIC HULL"},"content":{"rendered":"<p>Utforsk det spennende universet av modellbygging med White Star. Dette er en skalamodell av en typisk amerikansk motorb\u00e5t, kjent for sin bruk i tunfiske, spesielt i Florida. Denne plastmodellen er i skala 1:30 og kommer med et plastskrog, noe som gj\u00f8r den ideell for de som \u00f8nsker \u00e5 fjernstyre sin egen b\u00e5t.<\/p>\n<p>White Star er et utmerket valg b\u00e5de for nybegynnere og erfarne modellbyggere. Det gir en autentisk opplevelse av b\u00e5tbygging, samtidig som det er en morsom og l\u00e6rerik hobby.<\/p>\n<ul>\n<li>Produkttype: Modellb\u00e5t<\/li>\n<li>Skala: 1:30<\/li>\n<li>Materialer: Plast<\/li>\n<li>Passer for fjernstyring<\/li>\n<\/ul>\n<p>Motorb\u00e5ter som White Star har en rik historie i amerikansk kultur, spesielt i Florida, der de er et vanlig syn p\u00e5 havet. Ved \u00e5 bygge denne modellen, f\u00e5r du et innblikk i denne fascinerende verdenen.<\/p>\n<p>Enten du er ny i modellbygging, eller en erfaren entusiast, vil du finne glede i \u00e5 bygge og fjernstyre din egen White Star. Ikke vent, utforske v\u00e5rt store utvalg av modellb\u00e5ter og start ditt byggeprosjekt i dag!<\/p>","protected":false},"excerpt":{"rendered":"<p>Denne modellb\u00e5ten, White Star, er en skalamodell av en typisk amerikansk motorb\u00e5t brukt til tunfiske i Florida. Den kommer med et plastskrog, ideelt for de som \u00f8nsker \u00e5 fjernstyre sin egen b\u00e5t.<\/p>","protected":false},"featured_media":7386,"comment_status":"open","ping_status":"closed","template":"","meta":[],"product_brand":[96],"product_cat":[53],"product_tag":[],"class_list":{"0":"post-7387","1":"product","2":"type-product","3":"status-publish","4":"has-post-thumbnail","6":"product_brand-billing-boats","7":"product_cat-bater-billing-boats","9":"first","10":"instock","11":"taxable","12":"shipping-taxable","13":"purchasable","14":"product-type-simple"},"_links":{"self":[{"href":"https:\/\/bigfunhobby.com\/da\/wp-json\/wp\/v2\/product\/7387","targetHints":{"allow":["GET"]}}],"collection":[{"href":"https:\/\/bigfunhobby.com\/da\/wp-json\/wp\/v2\/product"}],"about":[{"href":"https:\/\/bigfunhobby.com\/da\/wp-json\/wp\/v2\/types\/product"}],"replies":[{"embeddable":true,"href":"https:\/\/bigfunhobby.com\/da\/wp-json\/wp\/v2\/comments?post=7387"}],"wp:featuredmedia":[{"embeddable":true,"href":"https:\/\/bigfunhobby.com\/da\/wp-json\/wp\/v2\/media\/7386"}],"wp:attachment":[{"href":"https:\/\/bigfunhobby.com\/da\/wp-json\/wp\/v2\/media?parent=7387"}],"wp:term":[{"taxonomy":"product_brand","embeddable":true,"href":"https:\/\/bigfunhobby.com\/da\/wp-json\/wp\/v2\/product_brand?post=7387"},{"taxonomy":"product_cat","embeddable":true,"href":"https:\/\/bigfunhobby.com\/da\/wp-json\/wp\/v2\/product_cat?post=7387"},{"taxonomy":"product_tag","embeddable":true,"href":"https:\/\/bigfunhobby.com\/da\/wp-json\/wp\/v2\/product_tag?post=7387"}],"curies":[{"name":"wp","href":"https:\/\/api.w.org\/{rel}","templated":true}]}}