{"id":7395,"date":"2025-03-08T17:11:15","date_gmt":"2025-03-08T17:11:15","guid":{"rendered":"https:\/\/bigfunhobby.com\/butikk\/star-wars-millennium-falcon-model-kit-1164\/"},"modified":"2025-12-04T10:59:01","modified_gmt":"2025-12-04T08:59:01","slug":"star-wars-millennium-falcon-model-kit-1164","status":"publish","type":"product","link":"https:\/\/bigfunhobby.com\/da\/butikk\/star-wars-millennium-falcon-model-kit-1164\/","title":{"rendered":"STAR WARS MILLENNIUM FALCON MODELS\u00c6T 1:164"},"content":{"rendered":"<p>Ta et dykk inn i Star Wars-universet med dette Millennium Falcon byggesettet. Med en skala p\u00e5 1:164 og en lengde p\u00e5 omtrent 21 cm, gir dette byggesettet en realistisk representasjon av det ikoniske skipet fra den popul\u00e6re filmserien. Dette er et ideelt byggesett for b\u00e5de nybegynnere og erfarne modellbyggere, og det gir en unik mulighet til \u00e5 gjenoppleve eventyret fra &#8216;Star Wars: The Last Jedi&#8217;.<\/p>\n<p>Byggesettet best\u00e5r av 19 deler og krever ingen lim, maling eller verkt\u00f8y for \u00e5 sette sammen. Autentiske lyd- og lyseffekter, inkludert motor- og kamplyder og bl\u00e5tt lys i motoren, bidrar til \u00e5 bringe modellen til live. Videre er det roterende kanon og radarantenne samt avtagbart landingsunderstell for ekstra autentisitet. Batterier er inkludert (3 x LR44).<\/p>\n<ul>\n<li>Skala: 1\/164<\/li>\n<li>Lengde: ca. 21 cm<\/li>\n<li>Antall deler: 19<\/li>\n<li>Autentiske lyd- og lyseffekter<\/li>\n<li>Roterende kanon og radarantenne<\/li>\n<li>Avtagbart landingsunderstell<\/li>\n<li>Batterier inkludert (3 x LR44)<\/li>\n<\/ul>\n<p>Millennium Falcon er mer enn bare et skip; det er et symbol p\u00e5 eventyret, oppr\u00f8ret og heltemotet som utspiller seg i Star Wars-filmene. Uansett om det er Han Solo eller Rey som styrer det, er Millennium Falcon kjent som galaksens raskeste vrakgods. N\u00e5 har du muligheten til \u00e5 ha din egen lille del av denne legenden.<\/p>\n<p>Ikke g\u00e5 glipp av sjansen til \u00e5 bygge din egen Millennium Falcon. Perfekt for alle Star Wars-entusiaster, eller de som elsker modellbygging. Kj\u00f8p byggesettet n\u00e5 og begynn ditt eget Star Wars-eventyr!<\/p>","protected":false},"excerpt":{"rendered":"<p>Gjenopplev Star Wars-universet med en skalamodell av Millennium Falcon. Med autentiske lyd- og lyseffekter, er dette byggesettet perfekt for b\u00e5de nybegynnere og erfarne modellbyggere.<\/p>","protected":false},"featured_media":7394,"comment_status":"open","ping_status":"closed","template":"","meta":[],"product_brand":[104],"product_cat":[65],"product_tag":[],"class_list":{"0":"post-7395","1":"product","2":"type-product","3":"status-publish","4":"has-post-thumbnail","6":"product_brand-revell","7":"product_cat-star-wars","9":"first","10":"outofstock","11":"taxable","12":"shipping-taxable","13":"purchasable","14":"product-type-simple"},"_links":{"self":[{"href":"https:\/\/bigfunhobby.com\/da\/wp-json\/wp\/v2\/product\/7395","targetHints":{"allow":["GET"]}}],"collection":[{"href":"https:\/\/bigfunhobby.com\/da\/wp-json\/wp\/v2\/product"}],"about":[{"href":"https:\/\/bigfunhobby.com\/da\/wp-json\/wp\/v2\/types\/product"}],"replies":[{"embeddable":true,"href":"https:\/\/bigfunhobby.com\/da\/wp-json\/wp\/v2\/comments?post=7395"}],"wp:featuredmedia":[{"embeddable":true,"href":"https:\/\/bigfunhobby.com\/da\/wp-json\/wp\/v2\/media\/7394"}],"wp:attachment":[{"href":"https:\/\/bigfunhobby.com\/da\/wp-json\/wp\/v2\/media?parent=7395"}],"wp:term":[{"taxonomy":"product_brand","embeddable":true,"href":"https:\/\/bigfunhobby.com\/da\/wp-json\/wp\/v2\/product_brand?post=7395"},{"taxonomy":"product_cat","embeddable":true,"href":"https:\/\/bigfunhobby.com\/da\/wp-json\/wp\/v2\/product_cat?post=7395"},{"taxonomy":"product_tag","embeddable":true,"href":"https:\/\/bigfunhobby.com\/da\/wp-json\/wp\/v2\/product_tag?post=7395"}],"curies":[{"name":"wp","href":"https:\/\/api.w.org\/{rel}","templated":true}]}}