{"id":7397,"date":"2025-03-08T17:11:15","date_gmt":"2025-03-08T17:11:15","guid":{"rendered":"https:\/\/bigfunhobby.com\/butikk\/180-le-martegaou-wooden-hull\/"},"modified":"2025-12-04T10:59:01","modified_gmt":"2025-12-04T08:59:01","slug":"180-le-martegaou-wooden-hull","status":"publish","type":"product","link":"https:\/\/bigfunhobby.com\/da\/butikk\/180-le-martegaou-wooden-hull\/","title":{"rendered":"1:80 LE MARTEGAOU - TR\u00c6SKROG"},"content":{"rendered":"<p>La din kreativitet flyte fritt med treskipsmodellen LE Martegaou. Dette byggesettet i tre inviterer b\u00e5de nybegynnere og erfarne modellbyggere til \u00e5 bygge en detaljert og autentisk skalamodell av det historiske skipet.<\/p>\n<p>Byggesettet inneholder:<\/p>\n<ul>\n<li>Laserkuttede trekomponenter for presis montering<\/li>\n<li>Skala 1:80 &#8211; Lengde 41 cm, gir en imponerende modellst\u00f8rrelse<\/li>\n<li>Trinn-for-trinn instruksjoner og plan<\/li>\n<\/ul>\n<p>LE Martegaou er kjent for sin elegante design og detaljrike kontur. Med dette byggesettet kan du bringe en del av sj\u00f8fartshistorien til liv i ditt eget hjem. Alle komponenter er laget av h\u00f8ykvalitets tre, og laserkutting sikrer en presis og enkel montering. Den medf\u00f8lgende trinn-for-trinn-instruksjonen hjelper deg gjennom hele byggeprosessen, noe som gj\u00f8r dette settet ideelt for b\u00e5de nybegynnere og erfarne modellbyggere.<\/p>\n<p>Modellbygging er en beroligende og givende hobby som kombinerer kreativitet, presisjon og t\u00e5lmodighet. Med LE Martegaou treskipsmodell, f\u00e5r du en unik mulighet til \u00e5 dykke dypere inn i historien samtidig som du skaper et imponerende kunstverk.<\/p>\n<p>Er du klar for \u00e5 begynne reisen? Kj\u00f8p LE Martegaou treskipsmodell i dag og oppdag gleden ved modellbygging.<\/p>","protected":false},"excerpt":{"rendered":"<p>Bygg din egen treskipsmodell av LE Martegaou i 1:80 skala. Dette laserkuttede byggesettet i tre gir en autentisk og detaljert modell for b\u00e5de nybegynnere og erfarne modellbyggere.<\/p>","protected":false},"featured_media":7396,"comment_status":"open","ping_status":"closed","template":"","meta":[],"product_brand":[96],"product_cat":[53],"product_tag":[],"class_list":{"0":"post-7397","1":"product","2":"type-product","3":"status-publish","4":"has-post-thumbnail","6":"product_brand-billing-boats","7":"product_cat-bater-billing-boats","9":"first","10":"instock","11":"taxable","12":"shipping-taxable","13":"purchasable","14":"product-type-simple"},"_links":{"self":[{"href":"https:\/\/bigfunhobby.com\/da\/wp-json\/wp\/v2\/product\/7397","targetHints":{"allow":["GET"]}}],"collection":[{"href":"https:\/\/bigfunhobby.com\/da\/wp-json\/wp\/v2\/product"}],"about":[{"href":"https:\/\/bigfunhobby.com\/da\/wp-json\/wp\/v2\/types\/product"}],"replies":[{"embeddable":true,"href":"https:\/\/bigfunhobby.com\/da\/wp-json\/wp\/v2\/comments?post=7397"}],"wp:featuredmedia":[{"embeddable":true,"href":"https:\/\/bigfunhobby.com\/da\/wp-json\/wp\/v2\/media\/7396"}],"wp:attachment":[{"href":"https:\/\/bigfunhobby.com\/da\/wp-json\/wp\/v2\/media?parent=7397"}],"wp:term":[{"taxonomy":"product_brand","embeddable":true,"href":"https:\/\/bigfunhobby.com\/da\/wp-json\/wp\/v2\/product_brand?post=7397"},{"taxonomy":"product_cat","embeddable":true,"href":"https:\/\/bigfunhobby.com\/da\/wp-json\/wp\/v2\/product_cat?post=7397"},{"taxonomy":"product_tag","embeddable":true,"href":"https:\/\/bigfunhobby.com\/da\/wp-json\/wp\/v2\/product_tag?post=7397"}],"curies":[{"name":"wp","href":"https:\/\/api.w.org\/{rel}","templated":true}]}}