{"id":7403,"date":"2025-03-08T17:11:16","date_gmt":"2025-03-08T17:11:16","guid":{"rendered":"https:\/\/bigfunhobby.com\/butikk\/175-wasa-wooden-hull\/"},"modified":"2025-12-04T10:59:01","modified_gmt":"2025-12-04T08:59:01","slug":"175-wasa-wooden-hull","status":"publish","type":"product","link":"https:\/\/bigfunhobby.com\/da\/butikk\/175-wasa-wooden-hull\/","title":{"rendered":"1:75 WASA &#8211; WOODEN HULL"},"content":{"rendered":"<p>Dette byggesettet lar deg skape en autentisk modell av det tre-mastede kongelige skipet WASA, i skala 1:75. Skipet er kjent for sin rike historie og imponerende detaljer, noe som gj\u00f8r dette byggesettet til et must for alle som er interessert i modellbygging og maritim historie.<\/p>\n<p><strong>Specifikationer:<\/strong><\/p>\n<ul>\n<li>M\u00e5lestok: 1:75<\/li>\n<li>Lengde: 70,00 m (i full st\u00f8rrelse)<\/li>\n<li>Bredde: 11,50 m (i full st\u00f8rrelse)<\/li>\n<li>Dybde: 4,80 m (i full st\u00f8rrelse)<\/li>\n<li>Materialer: Tr\u00e6<\/li>\n<\/ul>\n<p>WASA ble sj\u00f8satt i 1627 og var et av den tids mest imponerende skip. P\u00e5 sin jomfrutur i 1628 sank WASA i Stockholms havn. 53 av skipets 64 kanoner ble senere berget i 1664 ved hjelp av en primitiv dykkerklokke. Selv skipet ble hevet fra havet 24. april 1961, og WASA-museet \u00e5pnet \u00e5ret etter.<\/p>\n<p>N\u00e5r du bygger denne treskipsmodellen, vil du oppdage at den opprinnelig ble antatt \u00e5 v\u00e6re bl\u00e5. Det er imidlertid n\u00e5 trodd at fargen isteden var r\u00f8d.<\/p>\n<p>Byggesettet gir en unik mulighet til \u00e5 dykke ned i historien og bygge en tro kopi av dette ikoniske skipet. Perfekt for b\u00e5de nybegynnere og erfarne modellbyggere.<\/p>\n<p>Ikke g\u00e5 glipp av sjansen til \u00e5 bygge din egen versjon av det historiske skipet WASA. <strong>Kj\u00f8p byggesettet her og start ditt neste modellbyggingsprosjekt i dag!<\/strong><\/p>","protected":false},"excerpt":{"rendered":"<p>Bygg en realistisk treskipsmodell av det historiske skipet WASA med dette detaljrike byggesettet. Perfekt for modellbygging-entusiaster og historieinteresserte.<\/p>","protected":false},"featured_media":7402,"comment_status":"open","ping_status":"closed","template":"","meta":[],"product_brand":[96],"product_cat":[53],"product_tag":[],"class_list":{"0":"post-7403","1":"product","2":"type-product","3":"status-publish","4":"has-post-thumbnail","6":"product_brand-billing-boats","7":"product_cat-bater-billing-boats","9":"first","10":"instock","11":"taxable","12":"shipping-taxable","13":"purchasable","14":"product-type-simple"},"_links":{"self":[{"href":"https:\/\/bigfunhobby.com\/da\/wp-json\/wp\/v2\/product\/7403","targetHints":{"allow":["GET"]}}],"collection":[{"href":"https:\/\/bigfunhobby.com\/da\/wp-json\/wp\/v2\/product"}],"about":[{"href":"https:\/\/bigfunhobby.com\/da\/wp-json\/wp\/v2\/types\/product"}],"replies":[{"embeddable":true,"href":"https:\/\/bigfunhobby.com\/da\/wp-json\/wp\/v2\/comments?post=7403"}],"wp:featuredmedia":[{"embeddable":true,"href":"https:\/\/bigfunhobby.com\/da\/wp-json\/wp\/v2\/media\/7402"}],"wp:attachment":[{"href":"https:\/\/bigfunhobby.com\/da\/wp-json\/wp\/v2\/media?parent=7403"}],"wp:term":[{"taxonomy":"product_brand","embeddable":true,"href":"https:\/\/bigfunhobby.com\/da\/wp-json\/wp\/v2\/product_brand?post=7403"},{"taxonomy":"product_cat","embeddable":true,"href":"https:\/\/bigfunhobby.com\/da\/wp-json\/wp\/v2\/product_cat?post=7403"},{"taxonomy":"product_tag","embeddable":true,"href":"https:\/\/bigfunhobby.com\/da\/wp-json\/wp\/v2\/product_tag?post=7403"}],"curies":[{"name":"wp","href":"https:\/\/api.w.org\/{rel}","templated":true}]}}