{"id":7417,"date":"2025-03-08T17:11:19","date_gmt":"2025-03-08T17:11:19","guid":{"rendered":"https:\/\/bigfunhobby.com\/butikk\/gelenderstotter-tre-10mm-15\/"},"modified":"2025-12-04T10:59:01","modified_gmt":"2025-12-04T08:59:01","slug":"gelenderstotter-tre-10mm-15","status":"publish","type":"product","link":"https:\/\/bigfunhobby.com\/da\/butikk\/gelenderstotter-tre-10mm-15\/","title":{"rendered":"GEL\u00c6NDERST\u00d8TTER AF TR\u00c6 10MM \/15"},"content":{"rendered":"<p>Gi modellene dine en autentisk finish med disse h\u00f8ykvalitets Gelenderst\u00f8tter i Tre p\u00e5 10mm. Enten du jobber med et treskipsmodell, byggesett i tre, eller noe annet innen modellbygging, vil disse st\u00f8ttene gi et realistisk preg p\u00e5 ditt prosjekt.<\/p>\n<ul>\n<li>Produkt: Gelenderst\u00f8tter i Tre<\/li>\n<li>St\u00f8rrelse: 10mm<\/li>\n<li>Antall: 15 stk<\/li>\n<\/ul>\n<p>Disse st\u00f8ttene er laget av solid tre, noe som sikrer holdbarhet og gir modellen din et autentisk utseende. Perfekt for b\u00e5de nybegynnere og erfarne innen modellbygging, og er en p\u00e5litelig ressurs for de som \u00f8nsker \u00e5 legge til mer detaljer til deres trebyggesett.<\/p>\n<p>\u00c5 jobbe med tre i modellbygging har en lang historie, og mange entusiaster setter pris p\u00e5 det autentiske og klassiske utseendet det kan gi. Disse st\u00f8ttene kan hjelpe deg med \u00e5 bringe litt av denne historien inn i dine egne prosjekter.<\/p>\n<p>Uansett om du jobber med et treskipsmodell, en modelljernbane eller et annet byggesett, vil disse gelenderst\u00f8ttene v\u00e6re et flott tillegg til byggesettet ditt. Legg til en autentisk touch til modellen din i dag \u2013 bestill disse h\u00f8ykvalitets Gelenderst\u00f8ttene i Tre p\u00e5 10mm n\u00e5.<\/p>","protected":false},"excerpt":{"rendered":"<p>Gelenderst\u00f8tter i tre p\u00e5 10mm, ideelle for detaljering i modellbygging. Passer perfekt for treskipsmodeller og byggesett.<\/p>","protected":false},"featured_media":7416,"comment_status":"open","ping_status":"closed","template":"","meta":[],"product_brand":[97],"product_cat":[60],"product_tag":[],"class_list":{"0":"post-7417","1":"product","2":"type-product","3":"status-publish","4":"has-post-thumbnail","6":"product_brand-artesania","7":"product_cat-tilbehor-trebyggesett","9":"first","10":"outofstock","11":"taxable","12":"shipping-taxable","13":"purchasable","14":"product-type-simple"},"_links":{"self":[{"href":"https:\/\/bigfunhobby.com\/da\/wp-json\/wp\/v2\/product\/7417","targetHints":{"allow":["GET"]}}],"collection":[{"href":"https:\/\/bigfunhobby.com\/da\/wp-json\/wp\/v2\/product"}],"about":[{"href":"https:\/\/bigfunhobby.com\/da\/wp-json\/wp\/v2\/types\/product"}],"replies":[{"embeddable":true,"href":"https:\/\/bigfunhobby.com\/da\/wp-json\/wp\/v2\/comments?post=7417"}],"wp:featuredmedia":[{"embeddable":true,"href":"https:\/\/bigfunhobby.com\/da\/wp-json\/wp\/v2\/media\/7416"}],"wp:attachment":[{"href":"https:\/\/bigfunhobby.com\/da\/wp-json\/wp\/v2\/media?parent=7417"}],"wp:term":[{"taxonomy":"product_brand","embeddable":true,"href":"https:\/\/bigfunhobby.com\/da\/wp-json\/wp\/v2\/product_brand?post=7417"},{"taxonomy":"product_cat","embeddable":true,"href":"https:\/\/bigfunhobby.com\/da\/wp-json\/wp\/v2\/product_cat?post=7417"},{"taxonomy":"product_tag","embeddable":true,"href":"https:\/\/bigfunhobby.com\/da\/wp-json\/wp\/v2\/product_tag?post=7417"}],"curies":[{"name":"wp","href":"https:\/\/api.w.org\/{rel}","templated":true}]}}