{"id":7425,"date":"2025-03-08T17:11:21","date_gmt":"2025-03-08T17:11:21","guid":{"rendered":"https:\/\/bigfunhobby.com\/butikk\/klampe-12-mm-6\/"},"modified":"2025-12-04T10:59:01","modified_gmt":"2025-12-04T08:59:01","slug":"klampe-12-mm-6","status":"publish","type":"product","link":"https:\/\/bigfunhobby.com\/da\/butikk\/klampe-12-mm-6\/","title":{"rendered":"CLEAT 12 MM \/6"},"content":{"rendered":"<p>Vil du ta modellbyggingen til neste niv\u00e5? KLAMPE 12 MM \/6 er et uunnv\u00e6rlig verkt\u00f8y som kan gj\u00f8re dine treskipsmodeller og andre byggesett i tre enda mer detaljerte og realistiske. <\/p>\n<p>Produktspecifikationer:<\/p>\n<ul>\n<li>Type: KLAMPE<\/li>\n<li>St\u00f8rrelse: 12 MM<\/li>\n<li>Antall: 6 stk<\/li>\n<\/ul>\n<p>Dette produktet er laget av h\u00f8ykvalitets materiale for \u00e5 sikre langvarig bruk. Det er lett \u00e5 bruke, noe som gj\u00f8r det ideelt for b\u00e5de nybegynnere og erfarne modellbyggere. <\/p>\n<p>Historisk sett har klamper v\u00e6rt en viktig del av skipsbygging, brukt for \u00e5 feste tauverk og kabler. Ved \u00e5 bruke KLAMPE 12 MM \/6 i dine treskipsmodeller, kan du gjenskape denne historiske detaljen og gi modellen et autentisk utseende.<\/p>\n<p>Ikke vent lenger, ta modellbyggingen et steg videre med KLAMPE 12 MM \/6. Perfeksjoner dine byggesett i tre og skap fantastiske modeller. Se utvalget og bestill n\u00e5!<\/p>","protected":false},"excerpt":{"rendered":"<p>KLAMPE 12 MM \/6 er et essensielt verkt\u00f8y for enhver modellbygger, perfekt for detaljarbeid i treskipsmodeller og andre byggesett i tre.<\/p>","protected":false},"featured_media":7424,"comment_status":"open","ping_status":"closed","template":"","meta":[],"product_brand":[97],"product_cat":[60],"product_tag":[],"class_list":{"0":"post-7425","1":"product","2":"type-product","3":"status-publish","4":"has-post-thumbnail","6":"product_brand-artesania","7":"product_cat-tilbehor-trebyggesett","9":"first","10":"instock","11":"taxable","12":"shipping-taxable","13":"purchasable","14":"product-type-simple"},"_links":{"self":[{"href":"https:\/\/bigfunhobby.com\/da\/wp-json\/wp\/v2\/product\/7425","targetHints":{"allow":["GET"]}}],"collection":[{"href":"https:\/\/bigfunhobby.com\/da\/wp-json\/wp\/v2\/product"}],"about":[{"href":"https:\/\/bigfunhobby.com\/da\/wp-json\/wp\/v2\/types\/product"}],"replies":[{"embeddable":true,"href":"https:\/\/bigfunhobby.com\/da\/wp-json\/wp\/v2\/comments?post=7425"}],"wp:featuredmedia":[{"embeddable":true,"href":"https:\/\/bigfunhobby.com\/da\/wp-json\/wp\/v2\/media\/7424"}],"wp:attachment":[{"href":"https:\/\/bigfunhobby.com\/da\/wp-json\/wp\/v2\/media?parent=7425"}],"wp:term":[{"taxonomy":"product_brand","embeddable":true,"href":"https:\/\/bigfunhobby.com\/da\/wp-json\/wp\/v2\/product_brand?post=7425"},{"taxonomy":"product_cat","embeddable":true,"href":"https:\/\/bigfunhobby.com\/da\/wp-json\/wp\/v2\/product_cat?post=7425"},{"taxonomy":"product_tag","embeddable":true,"href":"https:\/\/bigfunhobby.com\/da\/wp-json\/wp\/v2\/product_tag?post=7425"}],"curies":[{"name":"wp","href":"https:\/\/api.w.org\/{rel}","templated":true}]}}