{"id":7427,"date":"2025-03-08T17:11:21","date_gmt":"2025-03-08T17:11:21","guid":{"rendered":"https:\/\/bigfunhobby.com\/butikk\/dobbeltpullert-45x9-mm-8\/"},"modified":"2025-12-04T10:59:02","modified_gmt":"2025-12-04T08:59:02","slug":"dobbelt-pullert-45x9-mm-8","status":"publish","type":"product","link":"https:\/\/bigfunhobby.com\/da\/butikk\/dobbeltpullert-45x9-mm-8\/","title":{"rendered":"DOBBELT PULLERT 4,5X9 MM \/8"},"content":{"rendered":"<p>G\u00f8r dine modelprojekter og miniaturer til detaljerede og autentiske mesterv\u00e6rker med vores 4,5\u00d79 mm dobbelte aftr\u00e6kker. Disse sm\u00e5, men effektive komponenter er ideelle til at tilf\u00f8je det lille ekstra til dine projekter, uanset om det er skibsmodeller i tr\u00e6, plastikmodeller eller modeljernbaner.<\/p>\n<ul>\n<li><b>Specifikationer:<\/b> Dobbeltpoleret 4,5\u00d79 mm. Pakken indeholder 8 stk.<\/li>\n<li><b>Materialer:<\/b> Lavet af robust og holdbart materiale, designet til at modst\u00e5 tidens tand.<\/li>\n<\/ul>\n<p>Bygges\u00e6t og modelhobbyen har en lang og rig historie, fra gamle tr\u00e6skibsmodeller til moderne plastikmodeller og modeljernbaner. Med tilf\u00f8jelser som denne dobbelte pullert kan du virkelig fremh\u00e6ve detaljerne og autenticiteten i dine projekter.<\/p>\n<p>Uanset om du er en erfaren modelbygger eller en nybegynder, der er klar til at kaste sig ud i denne sp\u00e6ndende hobby, er vores dobbeltpullerter en fantastisk tilf\u00f8jelse til dit n\u00e6ste bygges\u00e6t. T\u00f8v ikke med at g\u00e5 p\u00e5 opdagelse i vores fulde sortiment af bygges\u00e6t og hobbyprodukter til modellering. K\u00f8b dine dobbelte pullerter her, og start dit n\u00e6ste projekt med det bedste udstyr!<\/p>","protected":false},"excerpt":{"rendered":"<p>Dobbeltpoleret 4,5\u00d79 mm til modellering og miniatureprojekter, perfekt til at tilf\u00f8je detaljer og autenticitet til dit arbejde.<\/p>","protected":false},"featured_media":7426,"comment_status":"open","ping_status":"closed","template":"","meta":[],"product_brand":[97],"product_cat":[60],"product_tag":[],"class_list":{"0":"post-7427","1":"product","2":"type-product","3":"status-publish","4":"has-post-thumbnail","6":"product_brand-artesania","7":"product_cat-tilbehor-trebyggesett","9":"first","10":"outofstock","11":"taxable","12":"shipping-taxable","13":"purchasable","14":"product-type-simple"},"_links":{"self":[{"href":"https:\/\/bigfunhobby.com\/da\/wp-json\/wp\/v2\/product\/7427","targetHints":{"allow":["GET"]}}],"collection":[{"href":"https:\/\/bigfunhobby.com\/da\/wp-json\/wp\/v2\/product"}],"about":[{"href":"https:\/\/bigfunhobby.com\/da\/wp-json\/wp\/v2\/types\/product"}],"replies":[{"embeddable":true,"href":"https:\/\/bigfunhobby.com\/da\/wp-json\/wp\/v2\/comments?post=7427"}],"wp:featuredmedia":[{"embeddable":true,"href":"https:\/\/bigfunhobby.com\/da\/wp-json\/wp\/v2\/media\/7426"}],"wp:attachment":[{"href":"https:\/\/bigfunhobby.com\/da\/wp-json\/wp\/v2\/media?parent=7427"}],"wp:term":[{"taxonomy":"product_brand","embeddable":true,"href":"https:\/\/bigfunhobby.com\/da\/wp-json\/wp\/v2\/product_brand?post=7427"},{"taxonomy":"product_cat","embeddable":true,"href":"https:\/\/bigfunhobby.com\/da\/wp-json\/wp\/v2\/product_cat?post=7427"},{"taxonomy":"product_tag","embeddable":true,"href":"https:\/\/bigfunhobby.com\/da\/wp-json\/wp\/v2\/product_tag?post=7427"}],"curies":[{"name":"wp","href":"https:\/\/api.w.org\/{rel}","templated":true}]}}