{"id":7445,"date":"2025-03-08T17:11:27","date_gmt":"2025-03-08T17:11:27","guid":{"rendered":"https:\/\/bigfunhobby.com\/butikk\/150-lilla-dan-wooden-hull\/"},"modified":"2025-12-04T10:59:03","modified_gmt":"2025-12-04T08:59:03","slug":"150-lilla-dan-traeskrog","status":"publish","type":"product","link":"https:\/\/bigfunhobby.com\/da\/butikk\/150-lilla-dan-wooden-hull\/","title":{"rendered":"1:50 LILLA DAN - TR\u00c6SKROG"},"content":{"rendered":"<p>Hvis du er p\u00e5 udkig efter en modeludfordring, er dette s\u00e6t af det ber\u00f8mte skoleskib Lilla Dan et fremragende valg. Modellen i skala 1:50 er et detaljeret og omhyggeligt genskabt tr\u00e6s\u00e6t, som giver dig mulighed for at bygge en tro kopi af det historiske skib.<\/p>\n<p><b>Specifikationer:<\/b><\/p>\n<ul>\n<li>Bygges\u00e6t i tr\u00e6<\/li>\n<li>M\u00e5lestok: 1:50<\/li>\n<li>Historisk skoleskib<\/li>\n<\/ul>\n<p>Selve modellen er hovedsageligt bygget i ege- og b\u00f8getr\u00e6. Det giver en autentisk fornemmelse og et virkelighedstro resultat, som vil begejstre alle, der interesserer sig for modelbygning og historiske skibe.<\/p>\n<p>Historien bag Lilla Dan er ogs\u00e5 fascinerende. Skibet blev bygget i 1951 af det anerkendte skibsv\u00e6rft J. Ring Andersen i Svendborg. I dag er det ejet af rederiet Lauritzen i K\u00f8benhavn og fungerer b\u00e5de som skoleskib og charterskib.<\/p>\n<p>At bygge en model af Lilla Dan giver dig ikke kun en interessant og udfordrende hobbyaktivitet, men ogs\u00e5 en dybere forst\u00e5else af og forbindelse til den maritime historie. Dette s\u00e6t er perfekt til b\u00e5de begyndere og erfarne modelbyggere.<\/p>\n<p>Vent ikke med at starte dit n\u00e6ste modelbygningsprojekt. Bestil Lilla Dan-s\u00e6ttet i dag, og tr\u00e6d ind i en verden af historisk tr\u00e6skibsmodellering!<\/p>","protected":false},"excerpt":{"rendered":"<p>Models\u00e6t i topkvalitet af skoleskibet Lilla Dan, skabt i skala 1:50. En perfekt udfordring for modelentusiaster med interesse for historiske tr\u00e6skibe.<\/p>","protected":false},"featured_media":7444,"comment_status":"open","ping_status":"closed","template":"","meta":[],"product_brand":[96],"product_cat":[53],"product_tag":[],"class_list":{"0":"post-7445","1":"product","2":"type-product","3":"status-publish","4":"has-post-thumbnail","6":"product_brand-billing-boats","7":"product_cat-bater-billing-boats","9":"first","10":"instock","11":"taxable","12":"shipping-taxable","13":"purchasable","14":"product-type-simple"},"_links":{"self":[{"href":"https:\/\/bigfunhobby.com\/da\/wp-json\/wp\/v2\/product\/7445","targetHints":{"allow":["GET"]}}],"collection":[{"href":"https:\/\/bigfunhobby.com\/da\/wp-json\/wp\/v2\/product"}],"about":[{"href":"https:\/\/bigfunhobby.com\/da\/wp-json\/wp\/v2\/types\/product"}],"replies":[{"embeddable":true,"href":"https:\/\/bigfunhobby.com\/da\/wp-json\/wp\/v2\/comments?post=7445"}],"wp:featuredmedia":[{"embeddable":true,"href":"https:\/\/bigfunhobby.com\/da\/wp-json\/wp\/v2\/media\/7444"}],"wp:attachment":[{"href":"https:\/\/bigfunhobby.com\/da\/wp-json\/wp\/v2\/media?parent=7445"}],"wp:term":[{"taxonomy":"product_brand","embeddable":true,"href":"https:\/\/bigfunhobby.com\/da\/wp-json\/wp\/v2\/product_brand?post=7445"},{"taxonomy":"product_cat","embeddable":true,"href":"https:\/\/bigfunhobby.com\/da\/wp-json\/wp\/v2\/product_cat?post=7445"},{"taxonomy":"product_tag","embeddable":true,"href":"https:\/\/bigfunhobby.com\/da\/wp-json\/wp\/v2\/product_tag?post=7445"}],"curies":[{"name":"wp","href":"https:\/\/api.w.org\/{rel}","templated":true}]}}