{"id":7447,"date":"2025-03-08T17:11:28","date_gmt":"2025-03-08T17:11:28","guid":{"rendered":"https:\/\/bigfunhobby.com\/butikk\/150-marie-jeanne-wooden-hull\/"},"modified":"2025-12-04T10:59:03","modified_gmt":"2025-12-04T08:59:03","slug":"150-marie-jeanne-traeskrog","status":"publish","type":"product","link":"https:\/\/bigfunhobby.com\/da\/butikk\/150-marie-jeanne-wooden-hull\/","title":{"rendered":"1:50 MARIE JEANNE - TR\u00c6SKROG"},"content":{"rendered":"<p>Dyk ned i historien, og udforsk sejlskibenes \u00e6ra med tr\u00e6skibsmodels\u00e6ttet '1:50 Marie Jeanne'. Dette s\u00e6t giver dig en unik mulighed for at bygge en autentisk model af en tunb\u00e5d fra det 19. \u00e5rhundrede.<\/p>\n<p><strong>Specifikationer:<\/strong><\/p>\n<ul>\n<li>M\u00e5lestok: 1:50<\/li>\n<li>Type: Dundee sejlb\u00e5d<\/li>\n<li>Materialer: Tr\u00e6<\/li>\n<\/ul>\n<p>Designet afspejler den oprindelige \"Marie Jeanne\"-b\u00e5d, som var en dundee p\u00e5 50-60 tons, udstyret med mange sejl og en bes\u00e6tning p\u00e5 12 mand. Denne robuste b\u00e5d, som var ideel til tunfiskeri, sejlede godt p\u00e5 havet og var ret hurtig.<\/p>\n<p>S\u00e6ttet er lavet af tr\u00e6 i h\u00f8j kvalitet og er designet til at give en realistisk byggeoplevelse. Det er en perfekt hobby for b\u00e5de begyndere og erfarne modelbyggerentusiaster.<\/p>\n<p>Med tr\u00e6skibsmodels\u00e6ttet '1:50 Marie Jeanne' kan du skabe dit eget stykke s\u00f8fartshistorie. Dette er mere end bare et s\u00e6t, det er en rejse tilbage i tiden.<\/p>\n<p>Vent ikke, start din modelrejse i dag. Klik p\u00e5 'K\u00f8b her' for at l\u00e6gge '1:50 Marie Jeanne' i din kurv.<\/p>","protected":false},"excerpt":{"rendered":"<p>Udforsk modelbygning med det autentiske tr\u00e6skibsmodels\u00e6t '1:50 Marie Jeanne'. Byg en historisk tunb\u00e5d fra det 19. \u00e5rhundrede, og oplev sejlskibenes \u00e6ra helt t\u00e6t p\u00e5.<\/p>","protected":false},"featured_media":7446,"comment_status":"open","ping_status":"closed","template":"","meta":[],"product_brand":[96],"product_cat":[53],"product_tag":[],"class_list":{"0":"post-7447","1":"product","2":"type-product","3":"status-publish","4":"has-post-thumbnail","6":"product_brand-billing-boats","7":"product_cat-bater-billing-boats","9":"first","10":"instock","11":"taxable","12":"shipping-taxable","13":"purchasable","14":"product-type-simple"},"_links":{"self":[{"href":"https:\/\/bigfunhobby.com\/da\/wp-json\/wp\/v2\/product\/7447","targetHints":{"allow":["GET"]}}],"collection":[{"href":"https:\/\/bigfunhobby.com\/da\/wp-json\/wp\/v2\/product"}],"about":[{"href":"https:\/\/bigfunhobby.com\/da\/wp-json\/wp\/v2\/types\/product"}],"replies":[{"embeddable":true,"href":"https:\/\/bigfunhobby.com\/da\/wp-json\/wp\/v2\/comments?post=7447"}],"wp:featuredmedia":[{"embeddable":true,"href":"https:\/\/bigfunhobby.com\/da\/wp-json\/wp\/v2\/media\/7446"}],"wp:attachment":[{"href":"https:\/\/bigfunhobby.com\/da\/wp-json\/wp\/v2\/media?parent=7447"}],"wp:term":[{"taxonomy":"product_brand","embeddable":true,"href":"https:\/\/bigfunhobby.com\/da\/wp-json\/wp\/v2\/product_brand?post=7447"},{"taxonomy":"product_cat","embeddable":true,"href":"https:\/\/bigfunhobby.com\/da\/wp-json\/wp\/v2\/product_cat?post=7447"},{"taxonomy":"product_tag","embeddable":true,"href":"https:\/\/bigfunhobby.com\/da\/wp-json\/wp\/v2\/product_tag?post=7447"}],"curies":[{"name":"wp","href":"https:\/\/api.w.org\/{rel}","templated":true}]}}