{"id":7449,"date":"2025-03-08T17:11:28","date_gmt":"2025-03-08T17:11:28","guid":{"rendered":"https:\/\/bigfunhobby.com\/butikk\/1100-bluenose-ii-wooden-hull\/"},"modified":"2025-12-04T10:59:03","modified_gmt":"2025-12-04T08:59:03","slug":"1100-bluenose-ii-wooden-hull","status":"publish","type":"product","link":"https:\/\/bigfunhobby.com\/da\/butikk\/1100-bluenose-ii-wooden-hull\/","title":{"rendered":"1:100 BLUENOSE II - TR\u00c6SKROG"},"content":{"rendered":"<p>Dette byggesettet i 1:100 skala lar deg bygge din egen Bluenose II, en tro kopi av det klassiske skipet kjent for sin ekstraordin\u00e6re fart. Med trehull og et \u00f8ye for detaljer, er denne treskipsmodellen et perfekt valg for b\u00e5de nybegynnere og erfarne modellbyggere.<\/p>\n<p>Bluenose II ble bygget i Nova Scotia i 1964, som en kopi av det opprinnelige Bluenose-skipet. Det originale skipet, bygget i 1921, var designet for fiske ved Newfoundland, men viste seg \u00e5 ha s\u00e5 gode seilegenskaper at det vant alle de store klassiske seilasene p\u00e5 USAs \u00f8stkyst. Det forliste ved Haiti i 1946.<\/p>\n<ul>\n<li>M\u00e5lestok: 1:100<\/li>\n<li>Materialer: Tr\u00e6<\/li>\n<li>Historie: En tro kopi av det originale Bluenose-skipet<\/li>\n<\/ul>\n<p>Med dette byggesettet kan du gjenoppleve sj\u00f8fartens historie og skape din egen modell av det legendariske skipet. Om du er fascinert av sj\u00f8fart, modellbygging eller begge deler, gir dette byggesettet deg muligheten til \u00e5 utforske en viktig del av maritim historie.<\/p>\n<p>Klar til \u00e5 bygge din egen Bluenose II? Bestill byggesettet i dag, og start din reise inn i modellbyggingens verden.<\/p>","protected":false},"excerpt":{"rendered":"<p>Byggesettet 1:100 Bluenose II med trehull er en detaljert modell av det klassiske skipet med enest\u00e5ende seilegenskaper, perfekt for b\u00e5de nybegynnere og erfarne modellbyggere.<\/p>","protected":false},"featured_media":7448,"comment_status":"open","ping_status":"closed","template":"","meta":[],"product_brand":[96],"product_cat":[53],"product_tag":[],"class_list":{"0":"post-7449","1":"product","2":"type-product","3":"status-publish","4":"has-post-thumbnail","6":"product_brand-billing-boats","7":"product_cat-bater-billing-boats","9":"first","10":"instock","11":"taxable","12":"shipping-taxable","13":"purchasable","14":"product-type-simple"},"_links":{"self":[{"href":"https:\/\/bigfunhobby.com\/da\/wp-json\/wp\/v2\/product\/7449","targetHints":{"allow":["GET"]}}],"collection":[{"href":"https:\/\/bigfunhobby.com\/da\/wp-json\/wp\/v2\/product"}],"about":[{"href":"https:\/\/bigfunhobby.com\/da\/wp-json\/wp\/v2\/types\/product"}],"replies":[{"embeddable":true,"href":"https:\/\/bigfunhobby.com\/da\/wp-json\/wp\/v2\/comments?post=7449"}],"wp:featuredmedia":[{"embeddable":true,"href":"https:\/\/bigfunhobby.com\/da\/wp-json\/wp\/v2\/media\/7448"}],"wp:attachment":[{"href":"https:\/\/bigfunhobby.com\/da\/wp-json\/wp\/v2\/media?parent=7449"}],"wp:term":[{"taxonomy":"product_brand","embeddable":true,"href":"https:\/\/bigfunhobby.com\/da\/wp-json\/wp\/v2\/product_brand?post=7449"},{"taxonomy":"product_cat","embeddable":true,"href":"https:\/\/bigfunhobby.com\/da\/wp-json\/wp\/v2\/product_cat?post=7449"},{"taxonomy":"product_tag","embeddable":true,"href":"https:\/\/bigfunhobby.com\/da\/wp-json\/wp\/v2\/product_tag?post=7449"}],"curies":[{"name":"wp","href":"https:\/\/api.w.org\/{rel}","templated":true}]}}