{"id":7451,"date":"2025-03-08T17:11:29","date_gmt":"2025-03-08T17:11:29","guid":{"rendered":"https:\/\/bigfunhobby.com\/butikk\/150-henriette-marie-wooden-hull\/"},"modified":"2025-12-04T10:59:04","modified_gmt":"2025-12-04T08:59:04","slug":"150-henriette-marie-wooden-hull","status":"publish","type":"product","link":"https:\/\/bigfunhobby.com\/da\/butikk\/150-henriette-marie-wooden-hull\/","title":{"rendered":"1:50 HENRIETTE MARIE &#8211; WOODEN HULL"},"content":{"rendered":"<p>G\u00e5 inn i en verden av detaljrik historie og skapende h\u00e5ndverk med v\u00e5r treskipsmodell \u2013 Henriette-Marie. Dette byggesettet i tre gir deg muligheten til \u00e5 bygge en tro kopi av den f\u00f8rste kjente pilotkutteren fra Le Havre, en b\u00e5t kjent for sin hurtighet og man\u00f8vreringsevne.<\/p>\n<ul>\n<li>Produktkategori: Tre-disk modeller<\/li>\n<li>M\u00e5lestok: 1:50<\/li>\n<li>Type: Pilotkutter<\/li>\n<li>Historisk periode: 1847-1890<\/li>\n<\/ul>\n<p>Henriette-Marie ble opprinnelig bygget i 1847 og var i drift frem til 1890. Med sitt mannskap best\u00e5ende av bare to menn og en skipsdreng, ble denne b\u00e5ten kjent som en av Kanalens svaler p\u00e5 grunn av sin livlighet, og dens karakteristiske svarte skrog med hvite flagg. <\/p>\n<p>Med dette byggesettet kan du gjenoppleve denne delen av sj\u00f8fartshistorien. Settet inneholder alt du trenger for \u00e5 bygge din egen modell av Henriette-Marie. Det er en fantastisk hobby for b\u00e5de voksne og unge, og gir timevis med engasjerende og l\u00e6rerik underholdning. <\/p>\n<p>Er du klar til \u00e5 ta steget inn i modellbyggingens fascinerende verden? Kj\u00f8p Henriette-Marie treskipsmodell n\u00e5 og begynn p\u00e5 et historisk byggeprosjekt du sent vil glemme. <\/p>","protected":false},"excerpt":{"rendered":"<p>Opplev gleden ved \u00e5 bygge din egen 1:50 skala treskipsmodell av den ber\u00f8mte pilotkutteren Henriette-Marie. Perfekt for modellbygging-entusiaster og historieinteresserte.<\/p>","protected":false},"featured_media":7450,"comment_status":"open","ping_status":"closed","template":"","meta":[],"product_brand":[96],"product_cat":[53],"product_tag":[],"class_list":{"0":"post-7451","1":"product","2":"type-product","3":"status-publish","4":"has-post-thumbnail","6":"product_brand-billing-boats","7":"product_cat-bater-billing-boats","9":"first","10":"outofstock","11":"taxable","12":"shipping-taxable","13":"purchasable","14":"product-type-simple"},"_links":{"self":[{"href":"https:\/\/bigfunhobby.com\/da\/wp-json\/wp\/v2\/product\/7451","targetHints":{"allow":["GET"]}}],"collection":[{"href":"https:\/\/bigfunhobby.com\/da\/wp-json\/wp\/v2\/product"}],"about":[{"href":"https:\/\/bigfunhobby.com\/da\/wp-json\/wp\/v2\/types\/product"}],"replies":[{"embeddable":true,"href":"https:\/\/bigfunhobby.com\/da\/wp-json\/wp\/v2\/comments?post=7451"}],"wp:featuredmedia":[{"embeddable":true,"href":"https:\/\/bigfunhobby.com\/da\/wp-json\/wp\/v2\/media\/7450"}],"wp:attachment":[{"href":"https:\/\/bigfunhobby.com\/da\/wp-json\/wp\/v2\/media?parent=7451"}],"wp:term":[{"taxonomy":"product_brand","embeddable":true,"href":"https:\/\/bigfunhobby.com\/da\/wp-json\/wp\/v2\/product_brand?post=7451"},{"taxonomy":"product_cat","embeddable":true,"href":"https:\/\/bigfunhobby.com\/da\/wp-json\/wp\/v2\/product_cat?post=7451"},{"taxonomy":"product_tag","embeddable":true,"href":"https:\/\/bigfunhobby.com\/da\/wp-json\/wp\/v2\/product_tag?post=7451"}],"curies":[{"name":"wp","href":"https:\/\/api.w.org\/{rel}","templated":true}]}}