{"id":7453,"date":"2025-03-08T17:11:29","date_gmt":"2025-03-08T17:11:29","guid":{"rendered":"https:\/\/bigfunhobby.com\/butikk\/130-le-bayard-wooden-hull\/"},"modified":"2025-12-04T10:59:04","modified_gmt":"2025-12-04T08:59:04","slug":"130-le-bayard-traeskrog","status":"publish","type":"product","link":"https:\/\/bigfunhobby.com\/da\/butikk\/130-le-bayard-wooden-hull\/","title":{"rendered":"1:30 LE BAYARD - TR\u00c6SKROG"},"content":{"rendered":"<p>Udforsk s\u00f8fartens historie med vores tr\u00e6models\u00e6t af 'Le Bayard', en autentisk rekonstruktion af en fiskerb\u00e5d fra F\u00e9camp p\u00e5 Normandiets nordkyst. Denne tr\u00e6skibsmodel i skala 1:30 giver en detaljeret og engagerende modeloplevelse for entusiaster p\u00e5 alle niveauer.<\/p>\n<p>'Le Bayard' blev oprindeligt bygget omkring 1850 og brugt til fiskeri ud for Newfoundland. Dette tr\u00e6s\u00e6t genskaber skrogets ru, ubehandlede tr\u00e6 og de karakteristiske r\u00f8dbrune sejl, hvilket skaber en autentisk og tidstro model.<\/p>\n<ul>\n<li>Skala: 1:30<\/li>\n<li>Materiale: Tr\u00e6<\/li>\n<li>Historisk model fra 1850'erne<\/li>\n<li>Rekonstruktion af en fiskerb\u00e5d fra Normandiet<\/li>\n<\/ul>\n<p>I 1878 blev disse b\u00e5de erstattet af lettere versioner, men \"Le Bayard\" giver et unikt indblik i s\u00f8fartens historie og er en fantastisk tilf\u00f8jelse til enhver samling af modelbygges\u00e6t. Uanset om du er en erfaren modelbygger eller en nybegynder, vil denne detaljerede tr\u00e6skibsmodel give dig timevis af byggegl\u00e6de.<\/p>\n<p>Vent ikke, dyk ned i den historiske modelverden. K\u00f8b tr\u00e6skibsmodellen 'Le Bayard' i dag, og start din rejse tilbage i tiden. Afgiv din bestilling nu!<\/p>","protected":false},"excerpt":{"rendered":"<p>Le Bayard\" er en unik tr\u00e6skibsmodel i skala 1:30, en trofast rekonstruktion af en historisk fiskerb\u00e5d fra 1850'erne. Perfekt til b\u00e5de begyndere og erfarne modelbyggere.<\/p>","protected":false},"featured_media":7452,"comment_status":"open","ping_status":"closed","template":"","meta":[],"product_brand":[96],"product_cat":[53],"product_tag":[],"class_list":{"0":"post-7453","1":"product","2":"type-product","3":"status-publish","4":"has-post-thumbnail","6":"product_brand-billing-boats","7":"product_cat-bater-billing-boats","9":"first","10":"instock","11":"taxable","12":"shipping-taxable","13":"purchasable","14":"product-type-simple"},"_links":{"self":[{"href":"https:\/\/bigfunhobby.com\/da\/wp-json\/wp\/v2\/product\/7453","targetHints":{"allow":["GET"]}}],"collection":[{"href":"https:\/\/bigfunhobby.com\/da\/wp-json\/wp\/v2\/product"}],"about":[{"href":"https:\/\/bigfunhobby.com\/da\/wp-json\/wp\/v2\/types\/product"}],"replies":[{"embeddable":true,"href":"https:\/\/bigfunhobby.com\/da\/wp-json\/wp\/v2\/comments?post=7453"}],"wp:featuredmedia":[{"embeddable":true,"href":"https:\/\/bigfunhobby.com\/da\/wp-json\/wp\/v2\/media\/7452"}],"wp:attachment":[{"href":"https:\/\/bigfunhobby.com\/da\/wp-json\/wp\/v2\/media?parent=7453"}],"wp:term":[{"taxonomy":"product_brand","embeddable":true,"href":"https:\/\/bigfunhobby.com\/da\/wp-json\/wp\/v2\/product_brand?post=7453"},{"taxonomy":"product_cat","embeddable":true,"href":"https:\/\/bigfunhobby.com\/da\/wp-json\/wp\/v2\/product_cat?post=7453"},{"taxonomy":"product_tag","embeddable":true,"href":"https:\/\/bigfunhobby.com\/da\/wp-json\/wp\/v2\/product_tag?post=7453"}],"curies":[{"name":"wp","href":"https:\/\/api.w.org\/{rel}","templated":true}]}}