{"id":7457,"date":"2025-03-08T17:11:30","date_gmt":"2025-03-08T17:11:30","guid":{"rendered":"https:\/\/bigfunhobby.com\/butikk\/displayplate-60x130\/"},"modified":"2025-12-04T10:59:04","modified_gmt":"2025-12-04T08:59:04","slug":"displayplate-60x130","status":"publish","type":"product","link":"https:\/\/bigfunhobby.com\/da\/butikk\/displayplate-60x130\/","title":{"rendered":"DISPLAYPLADE 60X130"},"content":{"rendered":"<p>Vis frem dine imponerende modellbygningsprosjekter med v\u00e5r Displayplate 60&#215;130. Dette produktet er ideelt for alle som elsker \u00e5 bygge modellhobbyprosjekter, fra treskipsmodeller til plastmodellbyggesett og modelljernbaner. <\/p>\n<p>Spesifikasjonene til Displayplate 60&#215;130 er designet for \u00e5 passe til en rekke modellst\u00f8rrelser. Denne solide platen er perfekt til \u00e5 vise frem dine mesterverk, enten du er en nybegynner eller en erfaren entusiast i modellbygging. <\/p>\n<p>Displayplaten er laget av slitesterkt materiale som gir optimal st\u00f8tte til modellene dine. Den er lett \u00e5 rengj\u00f8re og krever minimalt med vedlikehold, noe som gj\u00f8r den til et praktisk tilbeh\u00f8r for alle dine modellhobbyprosjekter. <\/p>\n<p>Siden modellbygging har en lang og rik historie, vil denne displayplaten ikke bare fremheve dine ferdigheter, men ogs\u00e5 hedre denne tidl\u00f8se hobbyen. <\/p>\n<p>S\u00e5 uansett om du er en entusiast for modelljernbaner, treskipsmodeller, plastmodeller eller andre byggesett, vil v\u00e5r Displayplate 60&#215;130 gi prosjektene dine den presentasjonen de fortjener. <\/p>\n<p>Ikke n\u00f8l med \u00e5 legge denne displayplaten til i din modellbyggingskolleksjon. Kj\u00f8p n\u00e5 og vis frem dine mesterverk med stil!<\/p>","protected":false},"excerpt":{"rendered":"<p>Displayplate 60&#215;130 er det perfekte tilbeh\u00f8ret til \u00e5 vise frem dine ferdigstilte byggesett og modellhobbyprosjekter. Den solide konstruksjonen passer til alle typer modeller.<\/p>","protected":false},"featured_media":7456,"comment_status":"open","ping_status":"closed","template":"","meta":[],"product_brand":[97],"product_cat":[60],"product_tag":[],"class_list":{"0":"post-7457","1":"product","2":"type-product","3":"status-publish","4":"has-post-thumbnail","6":"product_brand-artesania","7":"product_cat-tilbehor-trebyggesett","9":"first","10":"instock","11":"taxable","12":"shipping-taxable","13":"purchasable","14":"product-type-simple"},"_links":{"self":[{"href":"https:\/\/bigfunhobby.com\/da\/wp-json\/wp\/v2\/product\/7457","targetHints":{"allow":["GET"]}}],"collection":[{"href":"https:\/\/bigfunhobby.com\/da\/wp-json\/wp\/v2\/product"}],"about":[{"href":"https:\/\/bigfunhobby.com\/da\/wp-json\/wp\/v2\/types\/product"}],"replies":[{"embeddable":true,"href":"https:\/\/bigfunhobby.com\/da\/wp-json\/wp\/v2\/comments?post=7457"}],"wp:featuredmedia":[{"embeddable":true,"href":"https:\/\/bigfunhobby.com\/da\/wp-json\/wp\/v2\/media\/7456"}],"wp:attachment":[{"href":"https:\/\/bigfunhobby.com\/da\/wp-json\/wp\/v2\/media?parent=7457"}],"wp:term":[{"taxonomy":"product_brand","embeddable":true,"href":"https:\/\/bigfunhobby.com\/da\/wp-json\/wp\/v2\/product_brand?post=7457"},{"taxonomy":"product_cat","embeddable":true,"href":"https:\/\/bigfunhobby.com\/da\/wp-json\/wp\/v2\/product_cat?post=7457"},{"taxonomy":"product_tag","embeddable":true,"href":"https:\/\/bigfunhobby.com\/da\/wp-json\/wp\/v2\/product_tag?post=7457"}],"curies":[{"name":"wp","href":"https:\/\/api.w.org\/{rel}","templated":true}]}}