{"id":7459,"date":"2025-03-08T17:11:30","date_gmt":"2025-03-08T17:11:30","guid":{"rendered":"https:\/\/bigfunhobby.com\/butikk\/displayplate-106x235\/"},"modified":"2025-12-04T10:59:04","modified_gmt":"2025-12-04T08:59:04","slug":"displayplade-106x235","status":"publish","type":"product","link":"https:\/\/bigfunhobby.com\/da\/butikk\/displayplate-106x235\/","title":{"rendered":"DISPLAYPLADE 106X235"},"content":{"rendered":"<p>Displayplade 106\u00d7235 er en uundv\u00e6rlig del af enhver seri\u00f8s modelops\u00e6tning. Uanset om du er en erfaren entusiast eller nybegynder, vil denne plade give dine byggerier det ekstra l\u00f8ft, de fortjener.<\/p>\n<p>Denne plade m\u00e5ler 106x235 mm, hvilket giver dig masser af plads til at vise dine mest imponerende kreationer frem. Uanset om du arbejder med skibsmodeller i tr\u00e6, plastikmodeller eller modeljernbanebygninger, vil denne plade v\u00e6re en perfekt base.<\/p>\n<p>Displaytavlen 106\u00d7235 er bygget til at holde takket v\u00e6re sin robuste konstruktion. Den er designet til at modst\u00e5 v\u00e6gten af dine kunstv\u00e6rker, s\u00e5 du kan v\u00e6re sikker p\u00e5, at de altid vil blive vist p\u00e5 den bedst mulige m\u00e5de.<\/p>\n<p>Modelbygning er en hobby med en lang og stolt historie. Ved at fremvise dine byggerier p\u00e5 denne disk bliver du en del af den tradition. Uanset om du bygger for sjov, for at udfordre dig selv eller for at dele din passion med andre, vil denne disk hj\u00e6lpe dig med at vise dine f\u00e6rdigheder.<\/p>\n<p>S\u00e5 hvorfor vente? Tag din modellering til det n\u00e6ste niveau med Display Plate 106\u00d7235 i dag. K\u00f8b her, og start din rejse mod en mere professionel pr\u00e6sentation af dit modelarbejde.<\/p>","protected":false},"excerpt":{"rendered":"<p>Displayplade 106\u00d7235 er det perfekte tilbeh\u00f8r til at vise dine modelbygninger frem, f.eks. tr\u00e6skibe, plastikmodeller og modeljernbanebygninger. Denne holdbare plade af h\u00f8j kvalitet sikrer, at dine kreationer kommer til at st\u00e5 i det rette lys.<\/p>","protected":false},"featured_media":7458,"comment_status":"open","ping_status":"closed","template":"","meta":[],"product_brand":[97],"product_cat":[60],"product_tag":[],"class_list":{"0":"post-7459","1":"product","2":"type-product","3":"status-publish","4":"has-post-thumbnail","6":"product_brand-artesania","7":"product_cat-tilbehor-trebyggesett","9":"first","10":"instock","11":"taxable","12":"shipping-taxable","13":"purchasable","14":"product-type-simple"},"_links":{"self":[{"href":"https:\/\/bigfunhobby.com\/da\/wp-json\/wp\/v2\/product\/7459","targetHints":{"allow":["GET"]}}],"collection":[{"href":"https:\/\/bigfunhobby.com\/da\/wp-json\/wp\/v2\/product"}],"about":[{"href":"https:\/\/bigfunhobby.com\/da\/wp-json\/wp\/v2\/types\/product"}],"replies":[{"embeddable":true,"href":"https:\/\/bigfunhobby.com\/da\/wp-json\/wp\/v2\/comments?post=7459"}],"wp:featuredmedia":[{"embeddable":true,"href":"https:\/\/bigfunhobby.com\/da\/wp-json\/wp\/v2\/media\/7458"}],"wp:attachment":[{"href":"https:\/\/bigfunhobby.com\/da\/wp-json\/wp\/v2\/media?parent=7459"}],"wp:term":[{"taxonomy":"product_brand","embeddable":true,"href":"https:\/\/bigfunhobby.com\/da\/wp-json\/wp\/v2\/product_brand?post=7459"},{"taxonomy":"product_cat","embeddable":true,"href":"https:\/\/bigfunhobby.com\/da\/wp-json\/wp\/v2\/product_cat?post=7459"},{"taxonomy":"product_tag","embeddable":true,"href":"https:\/\/bigfunhobby.com\/da\/wp-json\/wp\/v2\/product_tag?post=7459"}],"curies":[{"name":"wp","href":"https:\/\/api.w.org\/{rel}","templated":true}]}}