{"id":7463,"date":"2025-03-08T17:11:31","date_gmt":"2025-03-08T17:11:31","guid":{"rendered":"https:\/\/bigfunhobby.com\/butikk\/displayplate-75x180\/"},"modified":"2025-12-04T10:59:04","modified_gmt":"2025-12-04T08:59:04","slug":"displayplade-75x180","status":"publish","type":"product","link":"https:\/\/bigfunhobby.com\/da\/butikk\/displayplate-75x180\/","title":{"rendered":"DISPLAYPLADE 75X180"},"content":{"rendered":"<p>Du har brugt mange timer p\u00e5 at bygge og perfektionere dine bygges\u00e6t eller modelleringshobbyprojekter, og nu fortjener de at blive vist frem p\u00e5 den bedst mulige m\u00e5de. DISPLAYPLATE 75X180 er den perfekte l\u00f8sning til at give dine kreationer den \u00e6re, de fortjener.<\/p>\n<p>Denne plade er ideel til en r\u00e6kke forskellige projekter, uanset om du har lavet en detaljeret skalamodel, en indviklet tr\u00e6skibsmodel, en komplet modeljernbane eller et fjernstyret k\u00f8ret\u00f8j. Mange voksne modelbyggere og bygges\u00e6t-entusiaster bruger denne type plade til at give deres kreationer en professionel finish.<\/p>\n<ul>\n<li>St\u00f8rrelse: 75\u00d7180 cm. Det giver masser af plads til at fremvise selv store projekter.<\/li>\n<li>Materiale: Solid og holdbar, ideel til langvarig brug.<\/li>\n<li>Design: Neutralt design, der s\u00e6tter fokus p\u00e5 dit projekt.<\/li>\n<\/ul>\n<p>Uanset om du er en erfaren entusiast eller en nybegynder, vil denne plade v\u00e6re med til at fremh\u00e6ve dit arbejde og give det den anerkendelse, det fortjener. Hvorfor ikke give dine projekter et professionelt look med DISPLAYPLATE 75X180?<\/p>\n<p>Vis verden dit talent, og bestil din DISPLAYPLATE 75X180 i dag.<\/p>","protected":false},"excerpt":{"rendered":"<p>DISPLAYPLATE 75X180 er en ideel base til fremvisning af dine hobbyprojekter og sikrer, at dine bygges\u00e6t kommer til deres ret.<\/p>","protected":false},"featured_media":7462,"comment_status":"open","ping_status":"closed","template":"","meta":[],"product_brand":[97],"product_cat":[60],"product_tag":[],"class_list":{"0":"post-7463","1":"product","2":"type-product","3":"status-publish","4":"has-post-thumbnail","6":"product_brand-artesania","7":"product_cat-tilbehor-trebyggesett","9":"first","10":"instock","11":"taxable","12":"shipping-taxable","13":"purchasable","14":"product-type-simple"},"_links":{"self":[{"href":"https:\/\/bigfunhobby.com\/da\/wp-json\/wp\/v2\/product\/7463","targetHints":{"allow":["GET"]}}],"collection":[{"href":"https:\/\/bigfunhobby.com\/da\/wp-json\/wp\/v2\/product"}],"about":[{"href":"https:\/\/bigfunhobby.com\/da\/wp-json\/wp\/v2\/types\/product"}],"replies":[{"embeddable":true,"href":"https:\/\/bigfunhobby.com\/da\/wp-json\/wp\/v2\/comments?post=7463"}],"wp:featuredmedia":[{"embeddable":true,"href":"https:\/\/bigfunhobby.com\/da\/wp-json\/wp\/v2\/media\/7462"}],"wp:attachment":[{"href":"https:\/\/bigfunhobby.com\/da\/wp-json\/wp\/v2\/media?parent=7463"}],"wp:term":[{"taxonomy":"product_brand","embeddable":true,"href":"https:\/\/bigfunhobby.com\/da\/wp-json\/wp\/v2\/product_brand?post=7463"},{"taxonomy":"product_cat","embeddable":true,"href":"https:\/\/bigfunhobby.com\/da\/wp-json\/wp\/v2\/product_cat?post=7463"},{"taxonomy":"product_tag","embeddable":true,"href":"https:\/\/bigfunhobby.com\/da\/wp-json\/wp\/v2\/product_tag?post=7463"}],"curies":[{"name":"wp","href":"https:\/\/api.w.org\/{rel}","templated":true}]}}