{"id":7481,"date":"2025-03-08T17:11:34","date_gmt":"2025-03-08T17:11:34","guid":{"rendered":"https:\/\/bigfunhobby.com\/butikk\/bca010-matt-lemon-flat-22ml\/"},"modified":"2025-12-04T10:59:04","modified_gmt":"2025-12-04T08:59:04","slug":"bca010-matt-lemon-flat-22ml","status":"publish","type":"product","link":"https:\/\/bigfunhobby.com\/da\/butikk\/bca010-matt-lemon-flat-22ml\/","title":{"rendered":"BCA010-Matt Citron (flad) 22ml"},"content":{"rendered":"<p>BCA010-Matt Lemon (Flat) 22 ml er en maling af h\u00f8j kvalitet, der er designet til at give dine modeller og bygges\u00e6t en autentisk og pr\u00e6cis finish. Den matte citrongule farve v\u00e6kker dine projekter til live, uanset om det er plastmodeller, tr\u00e6skibe, modeljernbaner eller fjernstyrede k\u00f8ret\u00f8jer. <\/p>\n<p>Dette er et uundv\u00e6rligt produkt for b\u00e5de nye og erfarne modelbyggere, som \u00f8nsker at give deres modeller et personligt pr\u00e6g. Den matte finish giver malingen et realistisk udseende og fremh\u00e6ver modellens detaljer.<\/p>\n<ul>\n<li>Produktnavn: BCA010-Matt Citron (flad) 22ml<\/li>\n<li>Type: Mat maling<\/li>\n<li>Farve: Citrongul<\/li>\n<li>St\u00f8rrelse: 22ml<\/li>\n<\/ul>\n<p>BCA010-Matt Lemon (Flat) 22ml er en del af vores store udvalg af maling og tilbeh\u00f8r til modelbygning. Uanset om du bygger en skalamodel, en modeljernbane, et tr\u00e6skib eller et fjernstyret k\u00f8ret\u00f8j, s\u00e5 har vi det, du skal bruge for at f\u00e6rdigg\u00f8re dit projekt med stil. <\/p>\n<p>T\u00f8v ikke med at l\u00e6gge BCA010-Matt Lemon (Flat) 22ml i kurven. Lad din kreativitet f\u00e5 frit l\u00f8b, og tag dine modelleringsprojekter til det n\u00e6ste niveau. K\u00f8b her, og start dit n\u00e6ste modelleringsprojekt i dag!<\/p>","protected":false},"excerpt":{"rendered":"<p>BCA010-Matt Lemon (Flat) 22 ml er en mat citrongul maling, der er ideel til modellering og detaljering af dine bygges\u00e6t.<\/p>","protected":false},"featured_media":7480,"comment_status":"open","ping_status":"closed","template":"","meta":[],"product_brand":[96],"product_cat":[63],"product_tag":[],"class_list":{"0":"post-7481","1":"product","2":"type-product","3":"status-publish","4":"has-post-thumbnail","6":"product_brand-billing-boats","7":"product_cat-billing-boats-maling","9":"first","10":"instock","11":"taxable","12":"shipping-taxable","13":"purchasable","14":"product-type-simple"},"_links":{"self":[{"href":"https:\/\/bigfunhobby.com\/da\/wp-json\/wp\/v2\/product\/7481","targetHints":{"allow":["GET"]}}],"collection":[{"href":"https:\/\/bigfunhobby.com\/da\/wp-json\/wp\/v2\/product"}],"about":[{"href":"https:\/\/bigfunhobby.com\/da\/wp-json\/wp\/v2\/types\/product"}],"replies":[{"embeddable":true,"href":"https:\/\/bigfunhobby.com\/da\/wp-json\/wp\/v2\/comments?post=7481"}],"wp:featuredmedia":[{"embeddable":true,"href":"https:\/\/bigfunhobby.com\/da\/wp-json\/wp\/v2\/media\/7480"}],"wp:attachment":[{"href":"https:\/\/bigfunhobby.com\/da\/wp-json\/wp\/v2\/media?parent=7481"}],"wp:term":[{"taxonomy":"product_brand","embeddable":true,"href":"https:\/\/bigfunhobby.com\/da\/wp-json\/wp\/v2\/product_brand?post=7481"},{"taxonomy":"product_cat","embeddable":true,"href":"https:\/\/bigfunhobby.com\/da\/wp-json\/wp\/v2\/product_cat?post=7481"},{"taxonomy":"product_tag","embeddable":true,"href":"https:\/\/bigfunhobby.com\/da\/wp-json\/wp\/v2\/product_tag?post=7481"}],"curies":[{"name":"wp","href":"https:\/\/api.w.org\/{rel}","templated":true}]}}