{"id":7515,"date":"2025-03-08T17:11:39","date_gmt":"2025-03-08T17:11:39","guid":{"rendered":"https:\/\/bigfunhobby.com\/butikk\/bca038-cobalt-blue-22ml\/"},"modified":"2025-12-04T10:59:06","modified_gmt":"2025-12-04T08:59:06","slug":"bca038-cobalt-blue-22ml","status":"publish","type":"product","link":"https:\/\/bigfunhobby.com\/da\/butikk\/bca038-cobalt-blue-22ml\/","title":{"rendered":"BCA038- Cobalt Blue 22ml"},"content":{"rendered":"<p>Gi dine byggesett og modellhobbyprosjekter et livaktig utseende med v\u00e5r BCA038- Cobalt Blue 22ml. Denne h\u00f8ykvalitets malingen er spesielt utviklet for entusiaster av modellbygging, enten du er en nybegynner eller en erfaren bygger.<\/p>\n<p>Specifikationer:<\/p>\n<ul>\n<li>Produktnavn: BCA038- Cobalt Blue 22ml<\/li>\n<li>Kvalitet: H\u00f8y<\/li>\n<li>Form\u00e5l: Modellbygging, treskipsmodell, plastmodell, modelljernbane<\/li>\n<\/ul>\n<p>BCA038- Cobalt Blue 22ml er laget av h\u00f8ykvalitets materialer som sikrer en jevn og holdbar finish. Denne malingen er ideell til \u00e5 realisere dine mest ambisi\u00f8se modellbyggingsprosjekter, enten det er plastmodeller, treskip, modelljernbane eller fjernstyrte kj\u00f8ret\u00f8y.<\/p>\n<p>Historisk sett har maling v\u00e6rt en viktig del av modellbygging. Den bringer dine prosjekter til liv ved \u00e5 gi dem et autentisk og realistisk utseende. BCA038- Cobalt Blue 22ml vil helt sikkert gi dine prosjekter det ekstra piffet de trenger for \u00e5 skille seg ut.<\/p>\n<p>Ikke vent, forbedre dine modellbyggingsprosjekter med BCA038- Cobalt Blue 22ml i dag. Se hele v\u00e5rt utvalg av modellbyggingsmaling og bestill n\u00e5 for \u00e5 ta dine prosjekter til neste niv\u00e5.<\/p>","protected":false},"excerpt":{"rendered":"<p>BCA038- Cobalt Blue 22ml er en h\u00f8ykvalitets maling ideell for finjustering av dine modellbyggingsprosjekter, for \u00e5 gi dem et levende og autentisk utseende.<\/p>","protected":false},"featured_media":7514,"comment_status":"open","ping_status":"closed","template":"","meta":[],"product_brand":[96],"product_cat":[63],"product_tag":[],"class_list":{"0":"post-7515","1":"product","2":"type-product","3":"status-publish","4":"has-post-thumbnail","6":"product_brand-billing-boats","7":"product_cat-billing-boats-maling","9":"first","10":"instock","11":"taxable","12":"shipping-taxable","13":"purchasable","14":"product-type-simple"},"_links":{"self":[{"href":"https:\/\/bigfunhobby.com\/da\/wp-json\/wp\/v2\/product\/7515","targetHints":{"allow":["GET"]}}],"collection":[{"href":"https:\/\/bigfunhobby.com\/da\/wp-json\/wp\/v2\/product"}],"about":[{"href":"https:\/\/bigfunhobby.com\/da\/wp-json\/wp\/v2\/types\/product"}],"replies":[{"embeddable":true,"href":"https:\/\/bigfunhobby.com\/da\/wp-json\/wp\/v2\/comments?post=7515"}],"wp:featuredmedia":[{"embeddable":true,"href":"https:\/\/bigfunhobby.com\/da\/wp-json\/wp\/v2\/media\/7514"}],"wp:attachment":[{"href":"https:\/\/bigfunhobby.com\/da\/wp-json\/wp\/v2\/media?parent=7515"}],"wp:term":[{"taxonomy":"product_brand","embeddable":true,"href":"https:\/\/bigfunhobby.com\/da\/wp-json\/wp\/v2\/product_brand?post=7515"},{"taxonomy":"product_cat","embeddable":true,"href":"https:\/\/bigfunhobby.com\/da\/wp-json\/wp\/v2\/product_cat?post=7515"},{"taxonomy":"product_tag","embeddable":true,"href":"https:\/\/bigfunhobby.com\/da\/wp-json\/wp\/v2\/product_tag?post=7515"}],"curies":[{"name":"wp","href":"https:\/\/api.w.org\/{rel}","templated":true}]}}