{"id":7529,"date":"2025-03-08T17:11:42","date_gmt":"2025-03-08T17:11:42","guid":{"rendered":"https:\/\/bigfunhobby.com\/butikk\/175-fairmount-alpine-wooden-hull\/"},"modified":"2025-12-04T10:59:06","modified_gmt":"2025-12-04T08:59:06","slug":"175-fairmount-alpine-traeskrog","status":"publish","type":"product","link":"https:\/\/bigfunhobby.com\/da\/butikk\/175-fairmount-alpine-wooden-hull\/","title":{"rendered":"1:75 - FAIRMOUNT ALPINE - TR\u00c6SKROG"},"content":{"rendered":"<p>Dette s\u00e6t forestiller FAIRMOUNT ALPINE, en af de mest kraftfulde sl\u00e6beb\u00e5de, der nogensinde er bygget til hollandske interesser. Denne tr\u00e6skibsmodel er en fantastisk tilf\u00f8jelse til b\u00e5de nye og erfarne modelbyggere og giver en autentisk byggeoplevelse.<\/p>\n<p><strong>Specifikationer:<\/strong><\/p>\n<ul>\n<li>H\u00f8jde: 45 cm<\/li>\n<li>L\u00e6ngde: 100 cm<\/li>\n<li>Bredde: 24 cm<\/li>\n<\/ul>\n<p>Modellen er lavet i en tr\u00e6konstruktion af h\u00f8j kvalitet, som giver en detaljeret og realistisk gengivelse af den originale FAIRMOUNT ALPINE. Den er lavet i skala 1:75, hvilket giver en imponerende st\u00f8rrelse uden at g\u00e5 p\u00e5 kompromis med detaljeringsgraden.<\/p>\n<p><strong>Historie:<\/strong><\/p>\n<p>FAIRMOUNT ALPINE er en af fem nye 205 tons langdistance sl\u00e6beb\u00e5de med ankerh\u00e5ndteringskapacitet, som Fairmount Marine har bestilt hos Niigata Shipyard i Japan. Skibet blev leveret i maj 2006 og er en del af en serie sl\u00e6beb\u00e5de, der er anerkendt for deres st\u00f8rrelse og styrke.<\/p>\n<p>Dette s\u00e6t er en fantastisk mulighed for at bringe et stykke maritim historie til live. Uanset om du er en erfaren modelbygger p\u00e5 udkig efter din n\u00e6ste udfordring eller en nybegynder, der er klar til at dykke dybere ned i modelbygningens verden, er dette s\u00e6t et perfekt valg.<\/p>\n<p><strong>Tag springet og bestil dit FAIRMOUNT ALPINE-s\u00e6t i dag.<\/strong><\/p>","protected":false},"excerpt":{"rendered":"<p>Dette er en imponerende tr\u00e6skibsmodel af Fairmount Alpine, perfekt til passionerede modelbyggere. S\u00e6ttet leveres med en tr\u00e6konstruktion af h\u00f8j kvalitet, der giver en autentisk byggeoplevelse.<\/p>","protected":false},"featured_media":7528,"comment_status":"open","ping_status":"closed","template":"","meta":[],"product_brand":[96],"product_cat":[53],"product_tag":[],"class_list":{"0":"post-7529","1":"product","2":"type-product","3":"status-publish","4":"has-post-thumbnail","6":"product_brand-billing-boats","7":"product_cat-bater-billing-boats","9":"first","10":"instock","11":"taxable","12":"shipping-taxable","13":"purchasable","14":"product-type-simple"},"_links":{"self":[{"href":"https:\/\/bigfunhobby.com\/da\/wp-json\/wp\/v2\/product\/7529","targetHints":{"allow":["GET"]}}],"collection":[{"href":"https:\/\/bigfunhobby.com\/da\/wp-json\/wp\/v2\/product"}],"about":[{"href":"https:\/\/bigfunhobby.com\/da\/wp-json\/wp\/v2\/types\/product"}],"replies":[{"embeddable":true,"href":"https:\/\/bigfunhobby.com\/da\/wp-json\/wp\/v2\/comments?post=7529"}],"wp:featuredmedia":[{"embeddable":true,"href":"https:\/\/bigfunhobby.com\/da\/wp-json\/wp\/v2\/media\/7528"}],"wp:attachment":[{"href":"https:\/\/bigfunhobby.com\/da\/wp-json\/wp\/v2\/media?parent=7529"}],"wp:term":[{"taxonomy":"product_brand","embeddable":true,"href":"https:\/\/bigfunhobby.com\/da\/wp-json\/wp\/v2\/product_brand?post=7529"},{"taxonomy":"product_cat","embeddable":true,"href":"https:\/\/bigfunhobby.com\/da\/wp-json\/wp\/v2\/product_cat?post=7529"},{"taxonomy":"product_tag","embeddable":true,"href":"https:\/\/bigfunhobby.com\/da\/wp-json\/wp\/v2\/product_tag?post=7529"}],"curies":[{"name":"wp","href":"https:\/\/api.w.org\/{rel}","templated":true}]}}