{"id":7531,"date":"2025-03-08T17:11:42","date_gmt":"2025-03-08T17:11:42","guid":{"rendered":"https:\/\/bigfunhobby.com\/butikk\/rms-titanic-1400\/"},"modified":"2025-12-04T10:59:06","modified_gmt":"2025-12-04T08:59:06","slug":"rms-titanic-1400","status":"publish","type":"product","link":"https:\/\/bigfunhobby.com\/da\/butikk\/rms-titanic-1400\/","title":{"rendered":"RMS TITANIC 1:400"},"content":{"rendered":"<p>Utforsk sj\u00f8fartens historie med v\u00e5rt RMS TITANIC 1:400 plastmodellbyggesett. Dette skalamodellbyggesettet tar deg tilbake til en svunnen tid, og gir deg muligheten til \u00e5 gjenoppleve den legendariske Titanics majestetiske skj\u00f8nnhet og omfattende detaljer.<\/p>\n<p>Byggesettet er laget av h\u00f8ykvalitets plast, noe som sikrer holdbarhet og lang levetid. Det er ogs\u00e5 utstyrt med detaljerte instruksjoner som veileder deg gjennom hvert trinn av monteringsprosessen, noe som gj\u00f8r det til et ypperlig valg for b\u00e5de nybegynnere og erfarne modellbyggere.<\/p>\n<ul>\n<li>Produktnavn: RMS TITANIC 1:400<\/li>\n<li>Materialer: Plastik af h\u00f8j kvalitet<\/li>\n<li>Skala: 1:400<\/li>\n<\/ul>\n<p> RMS Titanic er et symbol p\u00e5 menneskehetens t\u00f8rst etter fremskritt og innovasjon, men ogs\u00e5 et tragisk minne om menneskets feilbarlighet. Ved \u00e5 bygge denne modellen, blir du en del av denne historien og f\u00e5r en dypere forst\u00e5else av den.<\/p>\n<p> Ikke g\u00e5 glipp av denne sjansen til \u00e5 dykke dypt inn i sj\u00f8fartshistorien. Kj\u00f8p RMS TITANIC 1:400 plastmodellbyggesett n\u00e5, og begynn din reise tilbake i tid. Utforsk v\u00e5rt brede utvalg av modellbyggingsprodukter og finn ditt neste prosjekt i dag.<\/p>","protected":false},"excerpt":{"rendered":"<p>Dykk ned i historien med RMS TITANIC 1:400, et detaljert plastmodellbyggesett som lar deg gjenoppleve sj\u00f8fartshistorien. Perfekt for b\u00e5de nybegynnere og erfarne modellbyggere.<\/p>","protected":false},"featured_media":7530,"comment_status":"open","ping_status":"closed","template":"","meta":[],"product_brand":[101],"product_cat":[56],"product_tag":[],"class_list":{"0":"post-7531","1":"product","2":"type-product","3":"status-publish","4":"has-post-thumbnail","6":"product_brand-airfix","7":"product_cat-bater","9":"first","10":"outofstock","11":"taxable","12":"shipping-taxable","13":"purchasable","14":"product-type-simple"},"_links":{"self":[{"href":"https:\/\/bigfunhobby.com\/da\/wp-json\/wp\/v2\/product\/7531","targetHints":{"allow":["GET"]}}],"collection":[{"href":"https:\/\/bigfunhobby.com\/da\/wp-json\/wp\/v2\/product"}],"about":[{"href":"https:\/\/bigfunhobby.com\/da\/wp-json\/wp\/v2\/types\/product"}],"replies":[{"embeddable":true,"href":"https:\/\/bigfunhobby.com\/da\/wp-json\/wp\/v2\/comments?post=7531"}],"wp:featuredmedia":[{"embeddable":true,"href":"https:\/\/bigfunhobby.com\/da\/wp-json\/wp\/v2\/media\/7530"}],"wp:attachment":[{"href":"https:\/\/bigfunhobby.com\/da\/wp-json\/wp\/v2\/media?parent=7531"}],"wp:term":[{"taxonomy":"product_brand","embeddable":true,"href":"https:\/\/bigfunhobby.com\/da\/wp-json\/wp\/v2\/product_brand?post=7531"},{"taxonomy":"product_cat","embeddable":true,"href":"https:\/\/bigfunhobby.com\/da\/wp-json\/wp\/v2\/product_cat?post=7531"},{"taxonomy":"product_tag","embeddable":true,"href":"https:\/\/bigfunhobby.com\/da\/wp-json\/wp\/v2\/product_tag?post=7531"}],"curies":[{"name":"wp","href":"https:\/\/api.w.org\/{rel}","templated":true}]}}