{"id":7533,"date":"2025-03-08T17:11:43","date_gmt":"2025-03-08T17:11:43","guid":{"rendered":"https:\/\/bigfunhobby.com\/butikk\/polaris\/"},"modified":"2026-03-21T23:22:45","modified_gmt":"2026-03-21T21:22:45","slug":"polaris","status":"publish","type":"product","link":"https:\/\/bigfunhobby.com\/da\/butikk\/polaris\/","title":{"rendered":"Polaris"},"content":{"rendered":"<p>Bli kjent med Polaris, ditt f\u00f8rste skritt inn i den fascinerende verden av modellbygging. Dette treskipsmodellen er ideell for nybegynnere, men vil ogs\u00e5 utfordre erfarne entusiaster. Med Polaris \u00f8ver du opp og l\u00e6rer teknikkene som brukes i modellbygging av skip, og disse teknikkene kan du anvende p\u00e5 alle typer skip, uansett st\u00f8rrelse.<\/p>\n<p>Med Polaris l\u00e6rer du \u00e5 arbeide med ulike materialer, bygge og kledde et skrog, bygge master, rigging og seil, lakkere og utf\u00f8re finish p\u00e5 tre og metaller. Alt dette, steg for steg, med detaljerte instruksjoner gjennom videoer p\u00e5 v\u00e5r <a href=\"https:\/\/www.youtube.com\/user\/occrekits\" target=\"_blank\" rel=\"noopener\">YouTube-kanal<\/a>.<\/p>\n<p>Navnet Polaris kommer fra &#8216;Polarstjernen&#8217;, den veiledende stjernen som navigat\u00f8rer har brukt i \u00e5rhundrer. P\u00e5 samme m\u00e5te \u00f8nsker Polaris modellskip \u00e5 v\u00e6re en guide for deg som vil starte med modellbygging av skip.<\/p>\n<p>Specifikationer:<\/p>\n<ul>\n<li>Type: Tredelt model<\/li>\n<li>Byggesett: Ja<\/li>\n<li>Niv\u00e5: Nybegynner<\/li>\n<\/ul>\n<p>N\u00e5 er det din tur \u00e5 ta fatt p\u00e5 denne spennende hobbyen. La Polaris v\u00e6re din guide inn i modellbyggingens verden. Uansett om du er en erfaren entusiast eller en nybegynner, vil du finne glede og utfordring i \u00e5 bygge dette vakre treskipet.<\/p>\n<p>Er du klar for \u00e5 begynne reisen? Kj\u00f8p Polaris byggesett n\u00e5 og ta det f\u00f8rste steget inn i en verden av modellbygging.<\/p>","protected":false},"excerpt":{"rendered":"<p>Polaris er et perfekt byggesett i tre for deg som vil begynne med modellbygging av skip. Med veiledning og enkle trinn-for-trinn videoer, l\u00e6rer du alle teknikkene du trenger for \u00e5 mestre denne hobbyen.<\/p>","protected":false},"featured_media":7532,"comment_status":"open","ping_status":"closed","template":"","meta":[],"product_brand":[95],"product_cat":[67],"product_tag":[],"class_list":{"0":"post-7533","1":"product","2":"type-product","3":"status-publish","4":"has-post-thumbnail","6":"product_brand-occre","7":"product_cat-bater-occre","9":"first","10":"instock","11":"taxable","12":"shipping-taxable","13":"purchasable","14":"product-type-simple"},"_links":{"self":[{"href":"https:\/\/bigfunhobby.com\/da\/wp-json\/wp\/v2\/product\/7533","targetHints":{"allow":["GET"]}}],"collection":[{"href":"https:\/\/bigfunhobby.com\/da\/wp-json\/wp\/v2\/product"}],"about":[{"href":"https:\/\/bigfunhobby.com\/da\/wp-json\/wp\/v2\/types\/product"}],"replies":[{"embeddable":true,"href":"https:\/\/bigfunhobby.com\/da\/wp-json\/wp\/v2\/comments?post=7533"}],"wp:featuredmedia":[{"embeddable":true,"href":"https:\/\/bigfunhobby.com\/da\/wp-json\/wp\/v2\/media\/7532"}],"wp:attachment":[{"href":"https:\/\/bigfunhobby.com\/da\/wp-json\/wp\/v2\/media?parent=7533"}],"wp:term":[{"taxonomy":"product_brand","embeddable":true,"href":"https:\/\/bigfunhobby.com\/da\/wp-json\/wp\/v2\/product_brand?post=7533"},{"taxonomy":"product_cat","embeddable":true,"href":"https:\/\/bigfunhobby.com\/da\/wp-json\/wp\/v2\/product_cat?post=7533"},{"taxonomy":"product_tag","embeddable":true,"href":"https:\/\/bigfunhobby.com\/da\/wp-json\/wp\/v2\/product_tag?post=7533"}],"curies":[{"name":"wp","href":"https:\/\/api.w.org\/{rel}","templated":true}]}}