{"id":7535,"date":"2025-03-08T17:11:44","date_gmt":"2025-03-08T17:11:44","guid":{"rendered":"https:\/\/bigfunhobby.com\/butikk\/polaris-starter-pack\/"},"modified":"2026-03-05T22:27:53","modified_gmt":"2026-03-05T20:27:53","slug":"polaris-startpakke","status":"publish","type":"product","link":"https:\/\/bigfunhobby.com\/da\/butikk\/polaris-starter-pack\/","title":{"rendered":"Polaris startpakke"},"content":{"rendered":"<p>Polaris Starter Pack er den perfekte introduktion til skibsmodellering. S\u00e6ttet er designet til at v\u00e6re b\u00e5de enkelt og attraktivt, hvilket g\u00f8r det til et fremragende valg for b\u00e5de begyndere og erfarne tr\u00e6skibsmodelentusiaster.<\/p>\n<p>S\u00e6ttet indeholder alt, hvad du skal bruge for at bygge en detaljeret og autentisk tr\u00e6skibsmodel. Du l\u00e6rer at arbejde med materialerne, bygge og bekl\u00e6de et skrog, bygge master, rigning og sejl, lakere og efterbehandle tr\u00e6 og metaller og meget mere. Disse teknikker er de samme, som bruges til ethvert skib, uanset type eller st\u00f8rrelse.<\/p>\n<p>Vi har ogs\u00e5 lavet flere trin-for-trin videovejledninger, som er tilg\u00e6ngelige p\u00e5 vores YouTube-kanal. Disse videoer giver dig detaljerede instruktioner til at samle din model, hvilket g\u00f8r processen endnu nemmere og mere l\u00e6rerig.<\/p>\n<p>Navnet Polaris kommer af 'Polstjerne'. Det er den ledestjerne, som s\u00f8folk har brugt som navigationshj\u00e6lp i \u00e5rhundreder. P\u00e5 samme m\u00e5de vil Polaris Starter Pack v\u00e6re en guide for dem, der vil begynde at modellere skibe.<\/p>\n<p>Med Polaris Starter Pack kan du dykke ned i modelleringens verden og s\u00e6tte dine kreative evner p\u00e5 pr\u00f8ve. S\u00e5 hvad venter du p\u00e5? Start din modelleringsrejse i dag med Polaris Starter Pack. Bestil den nu!<\/p>","protected":false},"excerpt":{"rendered":"<p>Polaris Starter Pack er et ideelt s\u00e6t til dem, der gerne vil i gang med at modellere skibe. Med trinvise instruktioner og p\u00e6dagogiske videoer l\u00e6rer du de n\u00f8dvendige teknikker til at bygge og samle en skibsmodel af tr\u00e6.<\/p>","protected":false},"featured_media":7534,"comment_status":"open","ping_status":"closed","template":"","meta":[],"product_brand":[95],"product_cat":[67],"product_tag":[],"class_list":{"0":"post-7535","1":"product","2":"type-product","3":"status-publish","4":"has-post-thumbnail","6":"product_brand-occre","7":"product_cat-bater-occre","9":"first","10":"instock","11":"taxable","12":"shipping-taxable","13":"purchasable","14":"product-type-simple"},"_links":{"self":[{"href":"https:\/\/bigfunhobby.com\/da\/wp-json\/wp\/v2\/product\/7535","targetHints":{"allow":["GET"]}}],"collection":[{"href":"https:\/\/bigfunhobby.com\/da\/wp-json\/wp\/v2\/product"}],"about":[{"href":"https:\/\/bigfunhobby.com\/da\/wp-json\/wp\/v2\/types\/product"}],"replies":[{"embeddable":true,"href":"https:\/\/bigfunhobby.com\/da\/wp-json\/wp\/v2\/comments?post=7535"}],"wp:featuredmedia":[{"embeddable":true,"href":"https:\/\/bigfunhobby.com\/da\/wp-json\/wp\/v2\/media\/7534"}],"wp:attachment":[{"href":"https:\/\/bigfunhobby.com\/da\/wp-json\/wp\/v2\/media?parent=7535"}],"wp:term":[{"taxonomy":"product_brand","embeddable":true,"href":"https:\/\/bigfunhobby.com\/da\/wp-json\/wp\/v2\/product_brand?post=7535"},{"taxonomy":"product_cat","embeddable":true,"href":"https:\/\/bigfunhobby.com\/da\/wp-json\/wp\/v2\/product_cat?post=7535"},{"taxonomy":"product_tag","embeddable":true,"href":"https:\/\/bigfunhobby.com\/da\/wp-json\/wp\/v2\/product_tag?post=7535"}],"curies":[{"name":"wp","href":"https:\/\/api.w.org\/{rel}","templated":true}]}}