{"id":7537,"date":"2025-03-08T17:11:44","date_gmt":"2025-03-08T17:11:44","guid":{"rendered":"https:\/\/bigfunhobby.com\/butikk\/hms-endurance\/"},"modified":"2026-03-26T11:13:11","modified_gmt":"2026-03-26T09:13:11","slug":"hms-udholdenhed","status":"publish","type":"product","link":"https:\/\/bigfunhobby.com\/da\/butikk\/hms-endurance\/","title":{"rendered":"HMS Endurance"},"content":{"rendered":"<p>Dyk ned i historien med HMS Endurance-s\u00e6ttet, der er perfekt til b\u00e5de begyndere og erfarne modelbyggere. Denne skalamodel er en miniaturekopi af det ber\u00f8mte skib, som spillede en n\u00f8glerolle i kapl\u00f8bet om Sydpolen.<\/p>\n<p>Skibet HMS Endurance blev s\u00f8sat den 17. december 1912 under navnet 'Polaris'. Det var oprindeligt rigget som en fregat, men blev ombygget til en tremastet brigantine og deltog i 1914 i den ber\u00f8mte 'Imperial Transantarctic Expedition' under ledelse af Sir Ernest Shackleton.<\/p>\n<p>Efter forliset den 19. august 1915 var de fanget i isen i Weddellhavet. I 522 dage udholdt de vinde p\u00e5 op til 300 km\/t og temperaturer p\u00e5 40 minusgrader.<\/p>\n<p>Denne model er en hyldest til Shackleton og hans bes\u00e6tnings utrolige overlevelseskunst, en historisk fort\u00e6lling om mod, udholdenhed og overlevelse.<\/p>\n<h2>Specifikationer p\u00e5 HMS Endurance-s\u00e6t:<\/h2>\n<ul>\n<li>Skala: 1\/70<\/li>\n<li>Bredde: 216 mm<\/li>\n<li>H\u00f8jde: 446mm<\/li>\n<li>L\u00e6ngde: 754 mm<\/li>\n<\/ul>\n<p>Materialet er designet til at give en autentisk fornemmelse af det historiske skib, og med detaljerede instruktioner er HMS Endurance-s\u00e6ttet et perfekt projekt for enhver modelbygningsentusiast.<\/p>\n<p>G\u00e5 p\u00e5 opdagelse i vores samling af skibsmodeller i tr\u00e6 og bygges\u00e6t i plast, og tag del i HMS Endurances fascinerende historie. Bestil dit s\u00e6t i dag, og oplev gl\u00e6den ved at modellere.<\/p>","protected":false},"excerpt":{"rendered":"<p>HMS Endurance er et detaljeret bygges\u00e6t i skala 1\/70, som er perfekt til modelbygningsentusiaster og s\u00f8fartshistorikere.<\/p>","protected":false},"featured_media":7536,"comment_status":"open","ping_status":"closed","template":"","meta":[],"product_brand":[95],"product_cat":[67],"product_tag":[],"class_list":{"0":"post-7537","1":"product","2":"type-product","3":"status-publish","4":"has-post-thumbnail","6":"product_brand-occre","7":"product_cat-bater-occre","9":"first","10":"instock","11":"taxable","12":"shipping-taxable","13":"purchasable","14":"product-type-simple"},"_links":{"self":[{"href":"https:\/\/bigfunhobby.com\/da\/wp-json\/wp\/v2\/product\/7537","targetHints":{"allow":["GET"]}}],"collection":[{"href":"https:\/\/bigfunhobby.com\/da\/wp-json\/wp\/v2\/product"}],"about":[{"href":"https:\/\/bigfunhobby.com\/da\/wp-json\/wp\/v2\/types\/product"}],"replies":[{"embeddable":true,"href":"https:\/\/bigfunhobby.com\/da\/wp-json\/wp\/v2\/comments?post=7537"}],"wp:featuredmedia":[{"embeddable":true,"href":"https:\/\/bigfunhobby.com\/da\/wp-json\/wp\/v2\/media\/7536"}],"wp:attachment":[{"href":"https:\/\/bigfunhobby.com\/da\/wp-json\/wp\/v2\/media?parent=7537"}],"wp:term":[{"taxonomy":"product_brand","embeddable":true,"href":"https:\/\/bigfunhobby.com\/da\/wp-json\/wp\/v2\/product_brand?post=7537"},{"taxonomy":"product_cat","embeddable":true,"href":"https:\/\/bigfunhobby.com\/da\/wp-json\/wp\/v2\/product_cat?post=7537"},{"taxonomy":"product_tag","embeddable":true,"href":"https:\/\/bigfunhobby.com\/da\/wp-json\/wp\/v2\/product_tag?post=7537"}],"curies":[{"name":"wp","href":"https:\/\/api.w.org\/{rel}","templated":true}]}}